{"id":4316,"date":"2025-11-18T14:59:49","date_gmt":"2025-11-18T14:59:49","guid":{"rendered":"https:\/\/kingpolo.hu\/termek\/toddler-mom-t%e2%80%91shirt-too-much-toddler-not-enough-coffee-funny-mom-tee\/"},"modified":"2025-11-18T18:28:29","modified_gmt":"2025-11-18T18:28:29","slug":"too-much-toddler-not-enough-coffee-funny-mom-coffee-t-shirt","status":"publish","type":"product","link":"https:\/\/kingpolo.hu\/en\/product\/too-much-toddler-not-enough-coffee-funny-mom-coffee-t-shirt\/","title":{"rendered":"T\u00fal Sok Gyerek, T\u00fal Kev\u00e9s K\u00e1v\u00e9 | Vicces K\u00e1v\u00e9s P\u00f3l\u00f3 Anyuk\u00e1knak | Funny Mom Coffee T-Shirt"},"content":{"rendered":"<p data-start=\"728\" data-end=\"1157\">Reggel a k\u00e1v\u00e9 m\u00e9g hideg, a gyerek m\u00e1r p\u00f6r\u00f6g \u2013 ismer\u0151s?\u00a0 \u00a0Ez a \u201eT\u00fal sok gyerek, t\u00fal kev\u00e9s k\u00e1v\u00e9 &#8211; Funny Mom Coffee T-Shirt\u201d p\u00f3l\u00f3 minden anyuka \u00e9let\u00e9rz\u00e9s\u00e9t elmondja egyetlen mondatban. Puha, k\u00e9nyelmes, strapab\u00edr\u00f3 \u00e9s tele humorral \u2013 pont, mint te, ha m\u00e1r a harmadik k\u00e1v\u00e9n\u00e1l j\u00e1rsz.\u201d p\u00f3l\u00f3 minden anyuka \u00e9let\u00e9rz\u00e9s\u00e9t elmondja egyetlen mondatban. Puha, k\u00e9nyelmes, strapab\u00edr\u00f3 \u00e9s tele humorral \u2013 pont, mint te, ha m\u00e1r a harmadik k\u00e1v\u00e9n\u00e1l j\u00e1rsz.<\/p>\n<p data-start=\"728\" data-end=\"1157\">Mert nem csak a gyerekek f\u00e1radhatatlanok \u2013 az anyuk\u00e1k is h\u0151s\u00f6k, akik k\u00e1v\u00e9val mentik meg a napot! <br data-start=\"824\" data-end=\"827\" \/>Ez a \u201eToo Much Toddler, Not Enough Coffee &#8211; Funny Mom Coffee T-Shirt \u201d p\u00f3l\u00f3 azoknak az anyuk\u00e1knak k\u00e9sz\u00fclt, akik humorral \u00e9s koffeinnel navig\u00e1lnak a mindennapi k\u00e1oszban.<br data-start=\"967\" data-end=\"970\" \/>K\u00e9nyelmes, puha \u00e9s l\u00e9g\u00e1tereszt\u0151 pamutb\u00f3l k\u00e9sz\u00fclt, \u00edgy ide\u00e1lis mindennapi viselet iskol\u00e1ba rohan\u00e1shoz, h\u00e9tv\u00e9gi j\u00e1tsz\u00f3t\u00e9rre vagy otthoni pihen\u00e9shez (amikor \u00e9pp siker\u00fcl p\u00e1r percet le\u00fclni).<\/p>\n<p data-start=\"1159\" data-end=\"1179\"><strong data-start=\"1159\" data-end=\"1177\">Tulajdons\u00e1gok:<\/strong><\/p>\n<ul data-start=\"1180\" data-end=\"1445\">\n<li data-start=\"1180\" data-end=\"1236\">\n<p data-start=\"1182\" data-end=\"1236\">100% k\u00f6zepes s\u00faly\u00fa pamut \u2013 puha, tart\u00f3s \u00e9s k\u00e9nyelmes<\/p>\n<\/li>\n<li data-start=\"1237\" data-end=\"1286\">\n<p data-start=\"1239\" data-end=\"1286\">V\u00e1ller\u0151s\u00edtett varr\u00e1s a hosszabb \u00e9lettartam\u00e9rt<\/p>\n<\/li>\n<li data-start=\"1287\" data-end=\"1331\">\n<p data-start=\"1289\" data-end=\"1331\">Bord\u00e1zott gall\u00e9r, amely meg\u0151rzi form\u00e1j\u00e1t<\/p>\n<\/li>\n<li data-start=\"1332\" data-end=\"1384\">\n<p data-start=\"1334\" data-end=\"1384\">DTG\/DTF nyomtat\u00e1s \u2013 r\u00e9szletgazdag, tart\u00f3s design<\/p>\n<\/li>\n<li data-start=\"1385\" data-end=\"1414\">\n<p data-start=\"1387\" data-end=\"1414\">OEKO-TEX min\u0151s\u00edt\u00e9s\u0171 anyag<\/p>\n<\/li>\n<li data-start=\"1415\" data-end=\"1445\">\n<p data-start=\"1417\" data-end=\"1445\">K\u00e1v\u00e9val kompatibilis humor<\/p>\n<\/li>\n<\/ul>\n<p data-start=\"1447\" data-end=\"1463\"><strong data-start=\"1447\" data-end=\"1461\">Tiszt\u00edt\u00e1s:<\/strong><\/p>\n<ul data-start=\"1464\" data-end=\"1551\">\n<li data-start=\"1464\" data-end=\"1484\">\n<p data-start=\"1466\" data-end=\"1484\">Ne vegytiszt\u00edtsd<\/p>\n<\/li>\n<li data-start=\"1485\" data-end=\"1501\">\n<p data-start=\"1487\" data-end=\"1501\">Ne feh\u00e9r\u00edtsd<\/p>\n<\/li>\n<li data-start=\"1502\" data-end=\"1521\">\n<p data-start=\"1504\" data-end=\"1521\">Mosd kiford\u00edtva<\/p>\n<\/li>\n<li data-start=\"1522\" data-end=\"1551\">\n<p data-start=\"1524\" data-end=\"1551\">Alacsony h\u0151fokon sz\u00e1r\u00edtsd<\/p>\n<\/li>\n<\/ul>\n<h2 data-start=\"1553\" data-end=\"1683\"><em><strong>Funny Mom Coffee T-Shirt<\/strong><\/em><\/h2>\n<p data-start=\"1553\" data-end=\"1683\"><strong data-start=\"1553\" data-end=\"1574\">T\u00f6k\u00e9letes aj\u00e1nd\u00e9k<\/strong> humoros anyuk\u00e1knak, k\u00e1v\u00e9f\u00fcgg\u0151knek \u00e9s azoknak, akik minden napot t\u00fal\u00e9lnek egy (vagy t\u00f6bb) cs\u00e9sz\u00e9vel a k\u00e9zben.<\/p>","protected":false},"excerpt":{"rendered":"<p>Reggel a k\u00e1v\u00e9 m\u00e9g hideg, a gyerek m\u00e1r p\u00f6r\u00f6g \u2013 ismer\u0151s? Ez a \u201eT\u00fal sok gyerek, t\u00fal kev\u00e9s k\u00e1v\u00e9\u201d p\u00f3l\u00f3 minden anyuka \u00e9let\u00e9rz\u00e9s\u00e9t elmondja egyetlen mondatban. Puha, k\u00e9nyelmes, strapab\u00edr\u00f3 \u00e9s tele humorral \u2013 pont, mint te, ha m\u00e1r a harmadik k\u00e1v\u00e9n\u00e1l j\u00e1rsz.<\/p>","protected":false},"featured_media":4349,"comment_status":"open","ping_status":"closed","template":"","meta":{"site-sidebar-layout":"default","site-content-layout":"","ast-site-content-layout":"default","site-content-style":"default","site-sidebar-style":"default","ast-global-header-display":"","ast-banner-title-visibility":"","ast-main-header-display":"","ast-hfb-above-header-display":"","ast-hfb-below-header-display":"","ast-hfb-mobile-header-display":"","site-post-title":"","ast-breadcrumbs-content":"","ast-featured-img":"","footer-sml-layout":"","ast-disable-related-posts":"","theme-transparent-header-meta":"default","adv-header-id-meta":"","stick-header-meta":"","header-above-stick-meta":"","header-main-stick-meta":"","header-below-stick-meta":"","astra-migrate-meta-layouts":"set","ast-page-background-enabled":"default","ast-page-background-meta":{"desktop":{"background-color":"var(--ast-global-color-4)","background-image":"","background-repeat":"repeat","background-position":"center center","background-size":"auto","background-attachment":"scroll","background-type":"","background-media":"","overlay-type":"","overlay-color":"","overlay-opacity":"","overlay-gradient":""},"tablet":{"background-color":"","background-image":"","background-repeat":"repeat","background-position":"center center","background-size":"auto","background-attachment":"scroll","background-type":"","background-media":"","overlay-type":"","overlay-color":"","overlay-opacity":"","overlay-gradient":""},"mobile":{"background-color":"","background-image":"","background-repeat":"repeat","background-position":"center center","background-size":"auto","background-attachment":"scroll","background-type":"","background-media":"","overlay-type":"","overlay-color":"","overlay-opacity":"","overlay-gradient":""}},"ast-content-background-meta":{"desktop":{"background-color":"var(--ast-global-color-5)","background-image":"","background-repeat":"repeat","background-position":"center center","background-size":"auto","background-attachment":"scroll","background-type":"","background-media":"","overlay-type":"","overlay-color":"","overlay-opacity":"","overlay-gradient":""},"tablet":{"background-color":"var(--ast-global-color-5)","background-image":"","background-repeat":"repeat","background-position":"center center","background-size":"auto","background-attachment":"scroll","background-type":"","background-media":"","overlay-type":"","overlay-color":"","overlay-opacity":"","overlay-gradient":""},"mobile":{"background-color":"var(--ast-global-color-5)","background-image":"","background-repeat":"repeat","background-position":"center center","background-size":"auto","background-attachment":"scroll","background-type":"","background-media":"","overlay-type":"","overlay-color":"","overlay-opacity":"","overlay-gradient":""}}},"product_brand":[],"product_cat":[29],"product_tag":[428,429,425,427,400,431,412,419,424,430,426,423],"class_list":{"0":"post-4316","1":"product","2":"type-product","3":"status-publish","4":"has-post-thumbnail","6":"product_cat-polo","7":"product_tag-anyuka-humor","8":"product_tag-caffeine-addict-mom","9":"product_tag-caffeine-mom-tee","10":"product_tag-coffee-mom-gift","11":"product_tag-funny-coffee-shirt","12":"product_tag-funny-mom-gift","13":"product_tag-kaveimado-polo","14":"product_tag-magyar-marka","15":"product_tag-mom-life-shirt","16":"product_tag-toddler-chaos-shirt","17":"product_tag-tul-sok-gyerek-polo","18":"product_tag-vicces-polo-anyukaknak","19":"product_shipping_class-csomagok","20":"desktop-align-center","21":"tablet-align-center","22":"mobile-align-center","24":"first","25":"instock","26":"taxable","27":"shipping-taxable","28":"purchasable","29":"product-type-variable","30":"has-default-attributes"},"aioseo_notices":[],"_links":{"self":[{"href":"https:\/\/kingpolo.hu\/en\/wp-json\/wp\/v2\/product\/4316","targetHints":{"allow":["GET"]}}],"collection":[{"href":"https:\/\/kingpolo.hu\/en\/wp-json\/wp\/v2\/product"}],"about":[{"href":"https:\/\/kingpolo.hu\/en\/wp-json\/wp\/v2\/types\/product"}],"replies":[{"embeddable":true,"href":"https:\/\/kingpolo.hu\/en\/wp-json\/wp\/v2\/comments?post=4316"}],"wp:featuredmedia":[{"embeddable":true,"href":"https:\/\/kingpolo.hu\/en\/wp-json\/wp\/v2\/media\/4349"}],"wp:attachment":[{"href":"https:\/\/kingpolo.hu\/en\/wp-json\/wp\/v2\/media?parent=4316"}],"wp:term":[{"taxonomy":"product_brand","embeddable":true,"href":"https:\/\/kingpolo.hu\/en\/wp-json\/wp\/v2\/product_brand?post=4316"},{"taxonomy":"product_cat","embeddable":true,"href":"https:\/\/kingpolo.hu\/en\/wp-json\/wp\/v2\/product_cat?post=4316"},{"taxonomy":"product_tag","embeddable":true,"href":"https:\/\/kingpolo.hu\/en\/wp-json\/wp\/v2\/product_tag?post=4316"}],"curies":[{"name":"wp","href":"https:\/\/api.w.org\/{rel}","templated":true}]}}