{"id":3921,"date":"2025-10-21T10:04:21","date_gmt":"2025-10-21T10:04:21","guid":{"rendered":"https:\/\/kingpolo.hu\/termek\/grim-reaper-graphic-tee-unisex-heavy-cotton-tee-halloween-shirt-edgy-apparel-gothic-fashion-casual-wear\/"},"modified":"2025-10-21T13:14:07","modified_gmt":"2025-10-21T13:14:07","slug":"grim-reaper-polo-unisex-heavy-cotton-tee","status":"publish","type":"product","link":"https:\/\/kingpolo.hu\/en\/product\/grim-reaper-polo-unisex-heavy-cotton-tee\/","title":{"rendered":"Grim Reaper p\u00f3l\u00f3 \u2013 G\u00f3tikus, Halloween \u00e9s streetwear st\u00edlus, pr\u00e9mium min\u0151s\u00e9g"},"content":{"rendered":"<p data-start=\"565\" data-end=\"1059\">Mutasd meg a s\u00f6t\u00e9t oldalad st\u00edlusban! \ud83d\udc7b<br data-start=\"621\" data-end=\"624\" \/>This <em data-start=\"629\" data-end=\"654\">Grim Reaper P\u00f3l\u00f3<\/em>\u00a0nem csak egy p\u00f3l\u00f3 \u2013 ez egy \u00fczenet. A pr\u00e9mium min\u0151s\u00e9g\u0171, vastag pamutanyag \u00e9s az \u00e9les kontraszt\u00fa nyomat egy\u00fctt adj\u00e1k meg azt az \u00fct\u0151s, g\u00f3tikus hat\u00e1st, amit minden vag\u00e1ny \u00f6lt\u00f6z\u00e9k meg\u00e9rdemel. T\u00f6k\u00e9letes v\u00e1laszt\u00e1s Halloween bulikra, koncertekre, vagy ha egyszer\u0171en nem akarsz beleolvadni a t\u00f6megbe.<br data-start=\"946\" data-end=\"949\" \/>A fazon unisex, k\u00e9nyelmes \u00e9s id\u0151t\u00e1ll\u00f3 \u2013 igazi \u201cstatement piece\u201d azoknak, akik szeretik a k\u00fcl\u00f6nleges ruh\u00e1kat.<\/p>\n<p data-start=\"1061\" data-end=\"1077\"><strong data-start=\"1061\" data-end=\"1075\">Jellemz\u0151k:<\/strong><\/p>\n<ul data-start=\"1078\" data-end=\"1288\">\n<li data-start=\"1078\" data-end=\"1108\">\n<p data-start=\"1080\" data-end=\"1108\">100% etikus, pr\u00e9mium pamut<\/p>\n<\/li>\n<li data-start=\"1109\" data-end=\"1155\">\n<p data-start=\"1111\" data-end=\"1155\">Tart\u00f3s v\u00e1llvarr\u00e1s a hosszabb \u00e9lettartam\u00e9rt<\/p>\n<\/li>\n<li data-start=\"1156\" data-end=\"1207\">\n<p data-start=\"1158\" data-end=\"1207\">K\u00e9nyelmes, vastag anyag, amely meg\u0151rzi form\u00e1j\u00e1t<\/p>\n<\/li>\n<li data-start=\"1208\" data-end=\"1244\">\n<p data-start=\"1210\" data-end=\"1244\">T\u00f6k\u00e9letes nyomat- \u00e9s sz\u00ednmin\u0151s\u00e9g<\/p>\n<\/li>\n<li data-start=\"1245\" data-end=\"1288\">\n<p data-start=\"1247\" data-end=\"1288\">Ide\u00e1lis aj\u00e1nd\u00e9k dark st\u00edlus kedvel\u0151inek<\/p>\n<\/li>\n<\/ul>","protected":false},"excerpt":{"rendered":"<p>S\u00f6t\u00e9t, vag\u00e1ny \u00e9s ikonikus \u2013 a Grim Reaper p\u00f3l\u00f3 minden dark-st\u00edlus rajong\u00f3 kedvence. \ud83d\udc80<\/p>","protected":false},"featured_media":3960,"comment_status":"open","ping_status":"closed","template":"","meta":{"site-sidebar-layout":"default","site-content-layout":"","ast-site-content-layout":"default","site-content-style":"default","site-sidebar-style":"default","ast-global-header-display":"","ast-banner-title-visibility":"","ast-main-header-display":"","ast-hfb-above-header-display":"","ast-hfb-below-header-display":"","ast-hfb-mobile-header-display":"","site-post-title":"","ast-breadcrumbs-content":"","ast-featured-img":"","footer-sml-layout":"","ast-disable-related-posts":"","theme-transparent-header-meta":"default","adv-header-id-meta":"","stick-header-meta":"","header-above-stick-meta":"","header-main-stick-meta":"","header-below-stick-meta":"","astra-migrate-meta-layouts":"set","ast-page-background-enabled":"default","ast-page-background-meta":{"desktop":{"background-color":"var(--ast-global-color-4)","background-image":"","background-repeat":"repeat","background-position":"center center","background-size":"auto","background-attachment":"scroll","background-type":"","background-media":"","overlay-type":"","overlay-color":"","overlay-opacity":"","overlay-gradient":""},"tablet":{"background-color":"","background-image":"","background-repeat":"repeat","background-position":"center center","background-size":"auto","background-attachment":"scroll","background-type":"","background-media":"","overlay-type":"","overlay-color":"","overlay-opacity":"","overlay-gradient":""},"mobile":{"background-color":"","background-image":"","background-repeat":"repeat","background-position":"center center","background-size":"auto","background-attachment":"scroll","background-type":"","background-media":"","overlay-type":"","overlay-color":"","overlay-opacity":"","overlay-gradient":""}},"ast-content-background-meta":{"desktop":{"background-color":"var(--ast-global-color-5)","background-image":"","background-repeat":"repeat","background-position":"center center","background-size":"auto","background-attachment":"scroll","background-type":"","background-media":"","overlay-type":"","overlay-color":"","overlay-opacity":"","overlay-gradient":""},"tablet":{"background-color":"var(--ast-global-color-5)","background-image":"","background-repeat":"repeat","background-position":"center center","background-size":"auto","background-attachment":"scroll","background-type":"","background-media":"","overlay-type":"","overlay-color":"","overlay-opacity":"","overlay-gradient":""},"mobile":{"background-color":"var(--ast-global-color-5)","background-image":"","background-repeat":"repeat","background-position":"center center","background-size":"auto","background-attachment":"scroll","background-type":"","background-media":"","overlay-type":"","overlay-color":"","overlay-opacity":"","overlay-gradient":""}}},"product_brand":[],"product_cat":[29],"product_tag":[284,276,279,285,274,278,273,275,281,174,283,280,282,277,242],"class_list":{"0":"post-3921","1":"product","2":"type-product","3":"status-publish","4":"has-post-thumbnail","6":"product_cat-polo","7":"product_tag-alternative-clothing","8":"product_tag-dark-fashion","9":"product_tag-edgy-apparel","10":"product_tag-gothic-art","11":"product_tag-gothic-shirt","12":"product_tag-gotikus-polo","13":"product_tag-grim-reaper-polo","14":"product_tag-halloween-tee","15":"product_tag-heavy-cotton-t-shirt","16":"product_tag-kingpolo","17":"product_tag-rock-polo","18":"product_tag-skull-shirt","19":"product_tag-sotet-stilus","20":"product_tag-streetwear","21":"product_tag-unisex-tee","22":"product_shipping_class-csomagok","23":"desktop-align-center","24":"tablet-align-center","25":"mobile-align-center","27":"first","28":"instock","29":"taxable","30":"shipping-taxable","31":"purchasable","32":"product-type-variable","33":"has-default-attributes"},"aioseo_notices":[],"_links":{"self":[{"href":"https:\/\/kingpolo.hu\/en\/wp-json\/wp\/v2\/product\/3921","targetHints":{"allow":["GET"]}}],"collection":[{"href":"https:\/\/kingpolo.hu\/en\/wp-json\/wp\/v2\/product"}],"about":[{"href":"https:\/\/kingpolo.hu\/en\/wp-json\/wp\/v2\/types\/product"}],"replies":[{"embeddable":true,"href":"https:\/\/kingpolo.hu\/en\/wp-json\/wp\/v2\/comments?post=3921"}],"wp:featuredmedia":[{"embeddable":true,"href":"https:\/\/kingpolo.hu\/en\/wp-json\/wp\/v2\/media\/3960"}],"wp:attachment":[{"href":"https:\/\/kingpolo.hu\/en\/wp-json\/wp\/v2\/media?parent=3921"}],"wp:term":[{"taxonomy":"product_brand","embeddable":true,"href":"https:\/\/kingpolo.hu\/en\/wp-json\/wp\/v2\/product_brand?post=3921"},{"taxonomy":"product_cat","embeddable":true,"href":"https:\/\/kingpolo.hu\/en\/wp-json\/wp\/v2\/product_cat?post=3921"},{"taxonomy":"product_tag","embeddable":true,"href":"https:\/\/kingpolo.hu\/en\/wp-json\/wp\/v2\/product_tag?post=3921"}],"curies":[{"name":"wp","href":"https:\/\/api.w.org\/{rel}","templated":true}]}}