{"id":3767,"date":"2025-10-20T15:11:22","date_gmt":"2025-10-20T15:11:22","guid":{"rendered":"https:\/\/kingpolo.hu\/termek\/gothic-grim-reaper-tee-unisex-heavy-cotton-t-shirt-for-dark-aesthetic-halloween-costumes-punk-fashion-graphic-tee-spooky-style\/"},"modified":"2025-10-25T16:54:21","modified_gmt":"2025-10-25T16:54:21","slug":"reaper-kaszas-gothic-grim-reaper-tee-unisex-heavy-cotton-t-shirt-for-dark-aesthetic-halloween-costumes-punk-fashion-graphic-tee-spooky-style","status":"publish","type":"product","link":"https:\/\/kingpolo.hu\/en\/product\/reaper-kaszas-gothic-grim-reaper-tee-unisex-heavy-cotton-t-shirt-for-dark-aesthetic-halloween-costumes-punk-fashion-graphic-tee-spooky-style\/","title":{"rendered":"Reaper\u2019s Shadow \u2013 A Kasz\u00e1s P\u00f3l\u00f3 Reaper &#8211; Kasz\u00e1s"},"content":{"rendered":"<p><em><strong>Reaper\u00a0 &#8211; Kasz\u00e1s<\/strong><\/em>.Mer\u00fclj el a s\u00f6t\u00e9ts\u00e9g st\u00edlus\u00e1ban a <strong data-start=\"336\" data-end=\"355\">Reaper\u2019s Shadow<\/strong> p\u00f3l\u00f3val!<br data-start=\"364\" data-end=\"367\" \/>A minimalista, m\u00e9gis h\u00e1tborzongat\u00f3 design egy kapucnis kasz\u00e1st \u00e1br\u00e1zol, aki a s\u00f6t\u00e9tb\u0151l figyel.<br data-start=\"461\" data-end=\"464\" \/>T\u00f6k\u00e9letes v\u00e1laszt\u00e1s azoknak, akik szeretik a dark, gothic \u00e9s metal st\u00edlust \u2013 vagy csak im\u00e1dj\u00e1k, ha egy p\u00f3l\u00f3val is \u00fczenhetnek: <em data-start=\"590\" data-end=\"613\">\u201eNem vagyok \u00e1tlagos.\u201d<\/em><br data-start=\"613\" data-end=\"616\" \/>Min\u0151s\u00e9gi, k\u00e9nyelmes anyag, ami t\u00fal\u00e9li az \u00e9jszakai bulikat \u00e9s a nappali zombim\u00f3dot is. \ud83d\udc7b<\/p>","protected":false},"excerpt":{"rendered":"<p>Fekete humor, s\u00f6t\u00e9t st\u00edlus \u2013 a Reaper\u2019s Shadow p\u00f3l\u00f3val te leszel a hal\u00e1li men\u0151! \u2620\ufe0f<\/p>","protected":false},"featured_media":3798,"comment_status":"open","ping_status":"closed","template":"","meta":{"site-sidebar-layout":"default","site-content-layout":"","ast-site-content-layout":"default","site-content-style":"default","site-sidebar-style":"default","ast-global-header-display":"","ast-banner-title-visibility":"","ast-main-header-display":"","ast-hfb-above-header-display":"","ast-hfb-below-header-display":"","ast-hfb-mobile-header-display":"","site-post-title":"","ast-breadcrumbs-content":"","ast-featured-img":"","footer-sml-layout":"","ast-disable-related-posts":"","theme-transparent-header-meta":"default","adv-header-id-meta":"","stick-header-meta":"","header-above-stick-meta":"","header-main-stick-meta":"","header-below-stick-meta":"","astra-migrate-meta-layouts":"set","ast-page-background-enabled":"default","ast-page-background-meta":{"desktop":{"background-color":"var(--ast-global-color-4)","background-image":"","background-repeat":"repeat","background-position":"center center","background-size":"auto","background-attachment":"scroll","background-type":"","background-media":"","overlay-type":"","overlay-color":"","overlay-opacity":"","overlay-gradient":""},"tablet":{"background-color":"","background-image":"","background-repeat":"repeat","background-position":"center center","background-size":"auto","background-attachment":"scroll","background-type":"","background-media":"","overlay-type":"","overlay-color":"","overlay-opacity":"","overlay-gradient":""},"mobile":{"background-color":"","background-image":"","background-repeat":"repeat","background-position":"center center","background-size":"auto","background-attachment":"scroll","background-type":"","background-media":"","overlay-type":"","overlay-color":"","overlay-opacity":"","overlay-gradient":""}},"ast-content-background-meta":{"desktop":{"background-color":"var(--ast-global-color-5)","background-image":"","background-repeat":"repeat","background-position":"center center","background-size":"auto","background-attachment":"scroll","background-type":"","background-media":"","overlay-type":"","overlay-color":"","overlay-opacity":"","overlay-gradient":""},"tablet":{"background-color":"var(--ast-global-color-5)","background-image":"","background-repeat":"repeat","background-position":"center center","background-size":"auto","background-attachment":"scroll","background-type":"","background-media":"","overlay-type":"","overlay-color":"","overlay-opacity":"","overlay-gradient":""},"mobile":{"background-color":"var(--ast-global-color-5)","background-image":"","background-repeat":"repeat","background-position":"center center","background-size":"auto","background-attachment":"scroll","background-type":"","background-media":"","overlay-type":"","overlay-color":"","overlay-opacity":"","overlay-gradient":""}}},"product_brand":[178],"product_cat":[29],"product_tag":[338,333,334,332,335,340,337,293,339,331,336],"class_list":{"0":"post-3767","1":"product","2":"type-product","3":"status-publish","4":"has-post-thumbnail","6":"product_brand-kingpolo","7":"product_cat-polo","8":"product_tag-dark-polo","9":"product_tag-dark-shirt","10":"product_tag-gothic-fashion","11":"product_tag-grim-reaper-shirt","12":"product_tag-halloween-outfit","13":"product_tag-horror-tee","14":"product_tag-kaszas-polo","15":"product_tag-kingpolo-halloween","16":"product_tag-metal-style-shirt","17":"product_tag-reaper-t-shirt","18":"product_tag-skull-art","19":"product_shipping_class-csomagok","20":"desktop-align-center","21":"tablet-align-center","22":"mobile-align-center","24":"first","25":"instock","26":"taxable","27":"shipping-taxable","28":"purchasable","29":"product-type-variable","30":"has-default-attributes"},"aioseo_notices":[],"_links":{"self":[{"href":"https:\/\/kingpolo.hu\/en\/wp-json\/wp\/v2\/product\/3767","targetHints":{"allow":["GET"]}}],"collection":[{"href":"https:\/\/kingpolo.hu\/en\/wp-json\/wp\/v2\/product"}],"about":[{"href":"https:\/\/kingpolo.hu\/en\/wp-json\/wp\/v2\/types\/product"}],"replies":[{"embeddable":true,"href":"https:\/\/kingpolo.hu\/en\/wp-json\/wp\/v2\/comments?post=3767"}],"wp:featuredmedia":[{"embeddable":true,"href":"https:\/\/kingpolo.hu\/en\/wp-json\/wp\/v2\/media\/3798"}],"wp:attachment":[{"href":"https:\/\/kingpolo.hu\/en\/wp-json\/wp\/v2\/media?parent=3767"}],"wp:term":[{"taxonomy":"product_brand","embeddable":true,"href":"https:\/\/kingpolo.hu\/en\/wp-json\/wp\/v2\/product_brand?post=3767"},{"taxonomy":"product_cat","embeddable":true,"href":"https:\/\/kingpolo.hu\/en\/wp-json\/wp\/v2\/product_cat?post=3767"},{"taxonomy":"product_tag","embeddable":true,"href":"https:\/\/kingpolo.hu\/en\/wp-json\/wp\/v2\/product_tag?post=3767"}],"curies":[{"name":"wp","href":"https:\/\/api.w.org\/{rel}","templated":true}]}}