{"id":3496,"date":"2025-10-20T09:42:12","date_gmt":"2025-10-20T09:42:12","guid":{"rendered":"https:\/\/kingpolo.hu\/termek\/festive-personalized-coffee-mug-custom-holiday-gift-mug-colorful-seasonal-ceramic-cup-ideal-for-christmas-winter-decor-and-gifting\/"},"modified":"2025-10-21T11:58:06","modified_gmt":"2025-10-21T11:58:06","slug":"karacsonyi-bogre-coffee-mug-custom-holiday-gift-mug-colorful-seasonal","status":"publish","type":"product","link":"https:\/\/kingpolo.hu\/en\/product\/karacsonyi-bogre-coffee-mug-custom-holiday-gift-mug-colorful-seasonal\/","title":{"rendered":"\ud83c\udf85 Kar\u00e1csonyi b\u00f6gre | Sz\u00ednes \u00fcnnepi design, aj\u00e1nd\u00e9k \u00f6tlet"},"content":{"rendered":"<p data-start=\"559\" data-end=\"934\">Dobd fel a reggeleidet ezzel a vid\u00e1m, \u00fcnnepi mint\u00e1s kar\u00e1csonyi b\u00f6gr\u00e9vel! \ud83c\udf81<\/p>\n<h2 data-start=\"559\" data-end=\"934\"><em><strong>Kar\u00e1csonyi b\u00f6gre &#8211; J bet\u0171vel<\/strong><\/em><\/h2>\n<p data-start=\"559\" data-end=\"934\">A t\u00fcnd\u00f6kl\u0151 sz\u00ednek, a f\u00e9nyes ker\u00e1mia fel\u00fclet \u00e9s az egyedi diz\u00e1jn egy\u00fctt teszik ezt a b\u00f6gr\u00e9t a t\u00f6k\u00e9letes aj\u00e1nd\u00e9kk\u00e1 kar\u00e1csonyra, sz\u00fclet\u00e9snapra, vagy b\u00e1rmely k\u00fcl\u00f6nleges alkalomra. Ak\u00e1r otthon, ak\u00e1r az irod\u00e1ban, ez a b\u00f6gre mindig mosolyt csal az arcodra \u00e9s feldobja a napodat.<\/p>\n<p data-start=\"936\" data-end=\"955\"><strong data-start=\"936\" data-end=\"953\">F\u0151 jellemz\u0151k:<\/strong><\/p>\n<ul data-start=\"956\" data-end=\"1133\">\n<li data-start=\"956\" data-end=\"997\">\n<p data-start=\"958\" data-end=\"997\">Mikrohull\u00e1m\u00fa s\u00fct\u0151ben is haszn\u00e1lhat\u00f3 \u2615<\/p>\n<\/li>\n<li data-start=\"998\" data-end=\"1028\">\n<p data-start=\"1000\" data-end=\"1028\">Mosogat\u00f3g\u00e9pben tiszt\u00edthat\u00f3<\/p>\n<\/li>\n<li data-start=\"1029\" data-end=\"1075\">\n<p data-start=\"1031\" data-end=\"1075\">Tart\u00f3s, kiv\u00e1l\u00f3 min\u0151s\u00e9g\u0171 ker\u00e1mi\u00e1b\u00f3l k\u00e9sz\u00fclt<\/p>\n<\/li>\n<li data-start=\"1076\" data-end=\"1133\">\n<p data-start=\"1078\" data-end=\"1133\">\u00c9l\u00e9nk, kar\u00e1csonyi minta \u00e9s sz\u00edn<\/p>\n<\/li>\n<\/ul>","protected":false},"excerpt":{"rendered":"<p>\u00dcnnepi hangulat, szem\u00e9lyre szabhat\u00f3 st\u00edlus \u2013 t\u00f6k\u00e9letes kar\u00e1csonyi aj\u00e1nd\u00e9k minden k\u00e1v\u00e9rajong\u00f3nak. \ud83c\udf84<\/p>","protected":false},"featured_media":3527,"comment_status":"open","ping_status":"closed","template":"","meta":{"site-sidebar-layout":"default","site-content-layout":"","ast-site-content-layout":"default","site-content-style":"default","site-sidebar-style":"default","ast-global-header-display":"","ast-banner-title-visibility":"","ast-main-header-display":"","ast-hfb-above-header-display":"","ast-hfb-below-header-display":"","ast-hfb-mobile-header-display":"","site-post-title":"","ast-breadcrumbs-content":"","ast-featured-img":"","footer-sml-layout":"","ast-disable-related-posts":"","theme-transparent-header-meta":"default","adv-header-id-meta":"","stick-header-meta":"","header-above-stick-meta":"","header-main-stick-meta":"","header-below-stick-meta":"","astra-migrate-meta-layouts":"set","ast-page-background-enabled":"default","ast-page-background-meta":{"desktop":{"background-color":"var(--ast-global-color-4)","background-image":"","background-repeat":"repeat","background-position":"center center","background-size":"auto","background-attachment":"scroll","background-type":"","background-media":"","overlay-type":"","overlay-color":"","overlay-opacity":"","overlay-gradient":""},"tablet":{"background-color":"","background-image":"","background-repeat":"repeat","background-position":"center center","background-size":"auto","background-attachment":"scroll","background-type":"","background-media":"","overlay-type":"","overlay-color":"","overlay-opacity":"","overlay-gradient":""},"mobile":{"background-color":"","background-image":"","background-repeat":"repeat","background-position":"center center","background-size":"auto","background-attachment":"scroll","background-type":"","background-media":"","overlay-type":"","overlay-color":"","overlay-opacity":"","overlay-gradient":""}},"ast-content-background-meta":{"desktop":{"background-color":"var(--ast-global-color-5)","background-image":"","background-repeat":"repeat","background-position":"center center","background-size":"auto","background-attachment":"scroll","background-type":"","background-media":"","overlay-type":"","overlay-color":"","overlay-opacity":"","overlay-gradient":""},"tablet":{"background-color":"var(--ast-global-color-5)","background-image":"","background-repeat":"repeat","background-position":"center center","background-size":"auto","background-attachment":"scroll","background-type":"","background-media":"","overlay-type":"","overlay-color":"","overlay-opacity":"","overlay-gradient":""},"mobile":{"background-color":"var(--ast-global-color-5)","background-image":"","background-repeat":"repeat","background-position":"center center","background-size":"auto","background-attachment":"scroll","background-type":"","background-media":"","overlay-type":"","overlay-color":"","overlay-opacity":"","overlay-gradient":""}}},"product_brand":[178],"product_cat":[48],"product_tag":[266,271,267,270,272,268,112,255,249,209,166,174,119,175,269],"class_list":{"0":"post-3496","1":"product","2":"type-product","3":"status-publish","4":"has-post-thumbnail","6":"product_brand-kingpolo","7":"product_cat-bogre","8":"product_tag-ajandek-otlet","9":"product_tag-ceramic-cup","10":"product_tag-christmas-coffee-cup","11":"product_tag-coffee-lovers-gift","12":"product_tag-color-design-mug","13":"product_tag-custom-mug","14":"product_tag-egyedi-bogre","15":"product_tag-festive-mug","16":"product_tag-holiday-gift-idea","17":"product_tag-karacsonyi-ajandek","18":"product_tag-karacsonyi-bogre","19":"product_tag-kingpolo","20":"product_tag-personalized-mug","21":"product_tag-unnepi-ajandek","22":"product_tag-winter-decor","23":"product_shipping_class-csomagok","24":"desktop-align-center","25":"tablet-align-center","26":"mobile-align-center","28":"first","29":"instock","30":"taxable","31":"shipping-taxable","32":"purchasable","33":"product-type-variable","34":"has-default-attributes"},"aioseo_notices":[],"_links":{"self":[{"href":"https:\/\/kingpolo.hu\/en\/wp-json\/wp\/v2\/product\/3496","targetHints":{"allow":["GET"]}}],"collection":[{"href":"https:\/\/kingpolo.hu\/en\/wp-json\/wp\/v2\/product"}],"about":[{"href":"https:\/\/kingpolo.hu\/en\/wp-json\/wp\/v2\/types\/product"}],"replies":[{"embeddable":true,"href":"https:\/\/kingpolo.hu\/en\/wp-json\/wp\/v2\/comments?post=3496"}],"wp:featuredmedia":[{"embeddable":true,"href":"https:\/\/kingpolo.hu\/en\/wp-json\/wp\/v2\/media\/3527"}],"wp:attachment":[{"href":"https:\/\/kingpolo.hu\/en\/wp-json\/wp\/v2\/media?parent=3496"}],"wp:term":[{"taxonomy":"product_brand","embeddable":true,"href":"https:\/\/kingpolo.hu\/en\/wp-json\/wp\/v2\/product_brand?post=3496"},{"taxonomy":"product_cat","embeddable":true,"href":"https:\/\/kingpolo.hu\/en\/wp-json\/wp\/v2\/product_cat?post=3496"},{"taxonomy":"product_tag","embeddable":true,"href":"https:\/\/kingpolo.hu\/en\/wp-json\/wp\/v2\/product_tag?post=3496"}],"curies":[{"name":"wp","href":"https:\/\/api.w.org\/{rel}","templated":true}]}}