{"id":3431,"date":"2025-10-14T06:09:05","date_gmt":"2025-10-14T06:09:05","guid":{"rendered":"https:\/\/kingpolo.hu\/termek\/elegans-unnepi-hangulatu-bogre-egyedi-h-betuvel-tokeletes-karacsonyi-ajandek-mindenkinek-aki-szereti-a-tel-varazsat-%e2%98%95%e2%9d%84%ef%b8%8f\/"},"modified":"2025-10-14T07:48:04","modified_gmt":"2025-10-14T07:48:04","slug":"karacsonyi-bogre-elegans-unnepi-hangulatu-bogre-egyedi-h-betuvel-tokeletes-karacsonyi-ajandek-mindenkinek-aki-szereti-a-tel-varazsat-%e2%98%95%e2%9d%84%ef%b8%8f","status":"publish","type":"product","link":"https:\/\/kingpolo.hu\/en\/product\/karacsonyi-bogre-elegans-unnepi-hangulatu-bogre-egyedi-h-betuvel-tokeletes-karacsonyi-ajandek-mindenkinek-aki-szereti-a-tel-varazsat-%e2%98%95%e2%9d%84%ef%b8%8f\/","title":{"rendered":"Kar\u00e1csonyi b\u00f6gre H bet\u0171vel \u2013 t\u00f6k\u00e9letes kar\u00e1csonyi aj\u00e1nd\u00e9k mindenkinek, aki szereti a t\u00e9l var\u00e1zs\u00e1t. \u2615\u2744\ufe0f"},"content":{"rendered":"<p><!-- [if !mso]&gt;--><\/p>\n<p><strong>Tedd k\u00fcl\u00f6nlegess\u00e9 az \u00fcnnepeket ezzel a gy\u00f6ny\u00f6r<\/strong><strong>\u0171<\/strong><strong>, t\u00e9li st\u00edlus\u00fa b\u00f6gr\u00e9vel!<br \/>\nEz a Kar\u00e1csonyi b\u00f6gre az \u201eH\u201d bet<\/strong><strong>\u0171<\/strong><strong>t viseli, amelyet havas vir\u00e1gok, feny<\/strong><strong>\u0151<\/strong><strong>\u00e1gak \u00e9s egy b\u00e1jos szarvas vesz k\u00f6r\u00fcl.<br \/>\nT\u00f6k\u00e9letes aj\u00e1nd\u00e9k kar\u00e1csonyra, n\u00e9vnapra vagy egyszer<\/strong><strong>\u0171<\/strong><strong>en csak saj\u00e1t \u00f6r\u00f6mre \u2013 a meleg kaka\u00f3, k\u00e1v\u00e9 vagy tea ebben mindig jobban esik! \ud83c\udf85\u2728<\/strong><\/p>\n<p><strong>R\u00e9szletek:<\/strong><\/p>\n<ul>\n<li><strong>11 oz \/ 330 ml pr\u00e9mium ker\u00e1mia b\u00f6gre<\/strong><\/li>\n<li><strong>T\u00f6bb sz\u00ednben el\u00e9rhet<\/strong><strong>\u0151<\/strong><\/li>\n<li><strong>Mosogat\u00f3g\u00e9pben \u00e9s mikrohull\u00e1m\u00fa s\u00fct<\/strong><strong>\u0151<\/strong><strong>ben is haszn\u00e1lhat\u00f3<\/strong><\/li>\n<li><strong>Tart\u00f3s, \u00e9l\u00e9nk sz\u00ednek \u2013 a minta nem fakul, nem kopik<\/strong><\/li>\n<li><strong>Magyar design, szeretettel k\u00e9sz\u00edtve \ud83d\udc9d<\/strong><\/li>\n<\/ul>\n<p>&nbsp;<\/p>\n","protected":false},"excerpt":{"rendered":"<p>Tedd k\u00fcl\u00f6nlegess\u00e9 az \u00fcnnepeket ezzel a gy\u00f6ny\u00f6r\u0171, t\u00e9li st\u00edlus\u00fa b\u00f6gr\u00e9vel! Ez a Kar\u00e1csonyi b\u00f6gre az \u201eH\u201d bet\u0171t viseli, amelyet havas [&hellip;]<\/p>\n","protected":false},"featured_media":3447,"comment_status":"open","ping_status":"closed","template":"","meta":{"site-sidebar-layout":"default","site-content-layout":"","ast-site-content-layout":"default","site-content-style":"default","site-sidebar-style":"default","ast-global-header-display":"","ast-banner-title-visibility":"","ast-main-header-display":"","ast-hfb-above-header-display":"","ast-hfb-below-header-display":"","ast-hfb-mobile-header-display":"","site-post-title":"","ast-breadcrumbs-content":"","ast-featured-img":"","footer-sml-layout":"","ast-disable-related-posts":"","theme-transparent-header-meta":"default","adv-header-id-meta":"","stick-header-meta":"","header-above-stick-meta":"","header-main-stick-meta":"","header-below-stick-meta":"","astra-migrate-meta-layouts":"set","ast-page-background-enabled":"default","ast-page-background-meta":{"desktop":{"background-color":"var(--ast-global-color-4)","background-image":"","background-repeat":"repeat","background-position":"center center","background-size":"auto","background-attachment":"scroll","background-type":"","background-media":"","overlay-type":"","overlay-color":"","overlay-opacity":"","overlay-gradient":""},"tablet":{"background-color":"","background-image":"","background-repeat":"repeat","background-position":"center center","background-size":"auto","background-attachment":"scroll","background-type":"","background-media":"","overlay-type":"","overlay-color":"","overlay-opacity":"","overlay-gradient":""},"mobile":{"background-color":"","background-image":"","background-repeat":"repeat","background-position":"center center","background-size":"auto","background-attachment":"scroll","background-type":"","background-media":"","overlay-type":"","overlay-color":"","overlay-opacity":"","overlay-gradient":""}},"ast-content-background-meta":{"desktop":{"background-color":"var(--ast-global-color-5)","background-image":"","background-repeat":"repeat","background-position":"center center","background-size":"auto","background-attachment":"scroll","background-type":"","background-media":"","overlay-type":"","overlay-color":"","overlay-opacity":"","overlay-gradient":""},"tablet":{"background-color":"var(--ast-global-color-5)","background-image":"","background-repeat":"repeat","background-position":"center center","background-size":"auto","background-attachment":"scroll","background-type":"","background-media":"","overlay-type":"","overlay-color":"","overlay-opacity":"","overlay-gradient":""},"mobile":{"background-color":"var(--ast-global-color-5)","background-image":"","background-repeat":"repeat","background-position":"center center","background-size":"auto","background-attachment":"scroll","background-type":"","background-media":"","overlay-type":"","overlay-color":"","overlay-opacity":"","overlay-gradient":""}}},"product_brand":[],"product_cat":[48],"product_tag":[222,170,255,235,240,209,239,259,256,254,257,168,260,258],"class_list":{"0":"post-3431","1":"product","2":"type-product","3":"status-publish","4":"has-post-thumbnail","6":"product_cat-bogre","7":"product_tag-christmas-gift-idea","8":"product_tag-christmas-mug","9":"product_tag-festive-mug","10":"product_tag-holiday-coffee-cup","11":"product_tag-holiday-drinkware","12":"product_tag-karacsonyi-ajandek","13":"product_tag-karacsonyi-dekoracio","14":"product_tag-karacsonyi-hangulat","15":"product_tag-karacsonyi-kavesbogre","16":"product_tag-reindeer-mug","17":"product_tag-santa-mug","18":"product_tag-szarvas-bogre","19":"product_tag-unique-christmas-mug","20":"product_tag-unnepi-keramia-bogre","21":"product_shipping_class-csomagok","22":"desktop-align-center","23":"tablet-align-center","24":"mobile-align-center","26":"first","27":"instock","28":"taxable","29":"shipping-taxable","30":"purchasable","31":"product-type-variable","32":"has-default-attributes"},"aioseo_notices":[],"_links":{"self":[{"href":"https:\/\/kingpolo.hu\/en\/wp-json\/wp\/v2\/product\/3431","targetHints":{"allow":["GET"]}}],"collection":[{"href":"https:\/\/kingpolo.hu\/en\/wp-json\/wp\/v2\/product"}],"about":[{"href":"https:\/\/kingpolo.hu\/en\/wp-json\/wp\/v2\/types\/product"}],"replies":[{"embeddable":true,"href":"https:\/\/kingpolo.hu\/en\/wp-json\/wp\/v2\/comments?post=3431"}],"wp:featuredmedia":[{"embeddable":true,"href":"https:\/\/kingpolo.hu\/en\/wp-json\/wp\/v2\/media\/3447"}],"wp:attachment":[{"href":"https:\/\/kingpolo.hu\/en\/wp-json\/wp\/v2\/media?parent=3431"}],"wp:term":[{"taxonomy":"product_brand","embeddable":true,"href":"https:\/\/kingpolo.hu\/en\/wp-json\/wp\/v2\/product_brand?post=3431"},{"taxonomy":"product_cat","embeddable":true,"href":"https:\/\/kingpolo.hu\/en\/wp-json\/wp\/v2\/product_cat?post=3431"},{"taxonomy":"product_tag","embeddable":true,"href":"https:\/\/kingpolo.hu\/en\/wp-json\/wp\/v2\/product_tag?post=3431"}],"curies":[{"name":"wp","href":"https:\/\/api.w.org\/{rel}","templated":true}]}}