{"id":3322,"date":"2025-10-12T11:51:00","date_gmt":"2025-10-12T11:51:00","guid":{"rendered":"https:\/\/kingpolo.hu\/termek\/blue-cat-good-morning-tee-unisex-cotton-shirt-funny-graphic-tee-cat-lover-gift-casual-wear-unique-t-shirt\/"},"modified":"2025-10-25T16:03:13","modified_gmt":"2025-10-25T16:03:13","slug":"good-morning-cat-blue-cat-good-morning-tee-unisex-cotton-shirt-funny-graphic-tee-cat-lover-gift-casual-wear-unique-t-shirt","status":"publish","type":"product","link":"https:\/\/kingpolo.hu\/en\/product\/good-morning-cat-blue-cat-good-morning-tee-unisex-cotton-shirt-funny-graphic-tee-cat-lover-gift-casual-wear-unique-t-shirt\/","title":{"rendered":"Good Morning Cat \u2013 Blue Coffee Cat P\u00f3l\u00f3"},"content":{"rendered":"<p>Minden reggel ugyanaz a n\u00e9z\u00e9s\u2026 \u2615\ud83d\ude3e<br data-start=\"3128\" data-end=\"3131\" \/>The <strong data-start=\"3133\" data-end=\"3153\">Good Morning Cat<\/strong> p\u00f3l\u00f3 a k\u00e1v\u00e9f\u00fcgg\u0151k \u00e9s a macskatulajdonosok k\u00f6z\u00f6s \u00e9letfiloz\u00f3fi\u00e1j\u00e1t ragadja meg: <em data-start=\"3232\" data-end=\"3288\">\u201cNe sz\u00f3lj hozz\u00e1m, am\u00edg nem ittam meg az els\u0151 k\u00e1v\u00e9mat.\u201d<\/em><br data-start=\"3288\" data-end=\"3291\" \/>Aranyosan morcos, m\u00e9gis im\u00e1dnival\u00f3 design \u2013 t\u00f6k\u00e9letes mindenkinek, aki humorral \u00e9li t\u00fal a reggeleket.<br data-start=\"3392\" data-end=\"3395\" \/>Puha, min\u0151s\u00e9gi pamut, ami b\u00edrja a mos\u00e1st \u00e9s a h\u00e9tf\u0151ket is.<\/p>","protected":false},"excerpt":{"rendered":"<p data-start=\"3478\" data-end=\"3562\">K\u00e1v\u00e9 n\u00e9lk\u00fcl nincs \u00e9let \u2013 a <strong data-start=\"3505\" data-end=\"3525\">Good Morning Cat<\/strong> p\u00f3l\u00f3val ez most m\u00e1r hivatalos! \ud83d\ude3e\u2615<\/p>\n<h3 data-start=\"3564\" data-end=\"3584\"><\/h3>","protected":false},"featured_media":3353,"comment_status":"open","ping_status":"closed","template":"","meta":{"site-sidebar-layout":"default","site-content-layout":"","ast-site-content-layout":"default","site-content-style":"default","site-sidebar-style":"default","ast-global-header-display":"","ast-banner-title-visibility":"","ast-main-header-display":"","ast-hfb-above-header-display":"","ast-hfb-below-header-display":"","ast-hfb-mobile-header-display":"","site-post-title":"","ast-breadcrumbs-content":"","ast-featured-img":"","footer-sml-layout":"","ast-disable-related-posts":"","theme-transparent-header-meta":"default","adv-header-id-meta":"","stick-header-meta":"","header-above-stick-meta":"","header-main-stick-meta":"","header-below-stick-meta":"","astra-migrate-meta-layouts":"set","ast-page-background-enabled":"default","ast-page-background-meta":{"desktop":{"background-color":"var(--ast-global-color-4)","background-image":"","background-repeat":"repeat","background-position":"center center","background-size":"auto","background-attachment":"scroll","background-type":"","background-media":"","overlay-type":"","overlay-color":"","overlay-opacity":"","overlay-gradient":""},"tablet":{"background-color":"","background-image":"","background-repeat":"repeat","background-position":"center center","background-size":"auto","background-attachment":"scroll","background-type":"","background-media":"","overlay-type":"","overlay-color":"","overlay-opacity":"","overlay-gradient":""},"mobile":{"background-color":"","background-image":"","background-repeat":"repeat","background-position":"center center","background-size":"auto","background-attachment":"scroll","background-type":"","background-media":"","overlay-type":"","overlay-color":"","overlay-opacity":"","overlay-gradient":""}},"ast-content-background-meta":{"desktop":{"background-color":"var(--ast-global-color-5)","background-image":"","background-repeat":"repeat","background-position":"center center","background-size":"auto","background-attachment":"scroll","background-type":"","background-media":"","overlay-type":"","overlay-color":"","overlay-opacity":"","overlay-gradient":""},"tablet":{"background-color":"var(--ast-global-color-5)","background-image":"","background-repeat":"repeat","background-position":"center center","background-size":"auto","background-attachment":"scroll","background-type":"","background-media":"","overlay-type":"","overlay-color":"","overlay-opacity":"","overlay-gradient":""},"mobile":{"background-color":"var(--ast-global-color-5)","background-image":"","background-repeat":"repeat","background-position":"center center","background-size":"auto","background-attachment":"scroll","background-type":"","background-media":"","overlay-type":"","overlay-color":"","overlay-opacity":"","overlay-gradient":""}}},"product_brand":[178],"product_cat":[29],"product_tag":[315,316,313,318,322,319,320,312,321,317],"class_list":{"0":"post-3322","1":"product","2":"type-product","3":"status-publish","4":"has-post-thumbnail","6":"product_brand-kingpolo","7":"product_cat-polo","8":"product_tag-cat-shirt","9":"product_tag-coffee-cat-tee","10":"product_tag-coffee-lover-gift","11":"product_tag-funny-coffee-tee","12":"product_tag-good-morning-tee","13":"product_tag-grumpy-cat-shirt","14":"product_tag-kaves-polo","15":"product_tag-kingpolo-funny","16":"product_tag-macskas-polo","17":"product_tag-morning-humor-shirt","18":"product_shipping_class-csomagok","19":"desktop-align-center","20":"tablet-align-center","21":"mobile-align-center","23":"first","24":"instock","25":"taxable","26":"shipping-taxable","27":"purchasable","28":"product-type-variable","29":"has-default-attributes"},"aioseo_notices":[],"_links":{"self":[{"href":"https:\/\/kingpolo.hu\/en\/wp-json\/wp\/v2\/product\/3322","targetHints":{"allow":["GET"]}}],"collection":[{"href":"https:\/\/kingpolo.hu\/en\/wp-json\/wp\/v2\/product"}],"about":[{"href":"https:\/\/kingpolo.hu\/en\/wp-json\/wp\/v2\/types\/product"}],"replies":[{"embeddable":true,"href":"https:\/\/kingpolo.hu\/en\/wp-json\/wp\/v2\/comments?post=3322"}],"wp:featuredmedia":[{"embeddable":true,"href":"https:\/\/kingpolo.hu\/en\/wp-json\/wp\/v2\/media\/3353"}],"wp:attachment":[{"href":"https:\/\/kingpolo.hu\/en\/wp-json\/wp\/v2\/media?parent=3322"}],"wp:term":[{"taxonomy":"product_brand","embeddable":true,"href":"https:\/\/kingpolo.hu\/en\/wp-json\/wp\/v2\/product_brand?post=3322"},{"taxonomy":"product_cat","embeddable":true,"href":"https:\/\/kingpolo.hu\/en\/wp-json\/wp\/v2\/product_cat?post=3322"},{"taxonomy":"product_tag","embeddable":true,"href":"https:\/\/kingpolo.hu\/en\/wp-json\/wp\/v2\/product_tag?post=3322"}],"curies":[{"name":"wp","href":"https:\/\/api.w.org\/{rel}","templated":true}]}}