{"id":3221,"date":"2025-10-12T10:55:08","date_gmt":"2025-10-12T10:55:08","guid":{"rendered":"https:\/\/kingpolo.hu\/termek\/fabulous-new-year-skeleton-tee-unisex-graphic-t-shirt-unique-holiday-apparel-fun-party-shirt-awesome-gift-idea-casual-streetwear\/"},"modified":"2025-10-26T08:17:47","modified_gmt":"2025-10-26T08:17:47","slug":"fabulous-new-year-skeleton-tee-unisex-graphic-t-shirt-unique-holiday-apparel-fun-party-shirt-awesome-gift-idea-casual-streetwear","status":"publish","type":"product","link":"https:\/\/kingpolo.hu\/en\/product\/fabulous-new-year-skeleton-tee-unisex-graphic-t-shirt-unique-holiday-apparel-fun-party-shirt-awesome-gift-idea-casual-streetwear\/","title":{"rendered":"Fabulous New Year Skeleton \u2013 Glitter &#038; Bones P\u00f3l\u00f3"},"content":{"rendered":"<p>\u00daj \u00e9v, \u00faj \u00e9n? Ugyan, hagyjuk m\u00e1r. \ud83d\ude0e<br data-start=\"4522\" data-end=\"4525\" \/>The <strong data-start=\"4527\" data-end=\"4557\">Fabulous New Year Skeleton<\/strong> p\u00f3l\u00f3 azokra k\u00e9sz\u00fclt, akik tudj\u00e1k, hogy nem kell megv\u00e1ltozni \u2013 el\u00e9g, ha tov\u00e1bbra is <em data-start=\"4641\" data-end=\"4651\">fabulous<\/em> maradsz.<br data-start=\"4660\" data-end=\"4663\" \/>Csillog\u00f3, glam st\u00edlus\u00fa csontv\u00e1z design, arany-r\u00f3zsasz\u00edn kombin\u00e1ci\u00f3val, amit\u0151l a dark humor is eleg\u00e1nss\u00e1 v\u00e1lik.<br data-start=\"4773\" data-end=\"4776\" \/>T\u00f6k\u00e9letes szilveszterre, bulira vagy csak a h\u00e9tk\u00f6znapokra, amikor a vil\u00e1g t\u00fal komoly.<\/p>","protected":false},"excerpt":{"rendered":"<p>\u00daj \u00e9v, de m\u00e9g mindig fabulous. \ud83d\udc85\ud83d\udc80\u2728<\/p>","protected":false},"featured_media":3235,"comment_status":"open","ping_status":"closed","template":"","meta":{"site-sidebar-layout":"default","site-content-layout":"","ast-site-content-layout":"default","site-content-style":"default","site-sidebar-style":"default","ast-global-header-display":"","ast-banner-title-visibility":"","ast-main-header-display":"","ast-hfb-above-header-display":"","ast-hfb-below-header-display":"","ast-hfb-mobile-header-display":"","site-post-title":"","ast-breadcrumbs-content":"","ast-featured-img":"","footer-sml-layout":"","ast-disable-related-posts":"","theme-transparent-header-meta":"default","adv-header-id-meta":"","stick-header-meta":"","header-above-stick-meta":"","header-main-stick-meta":"","header-below-stick-meta":"","astra-migrate-meta-layouts":"set","ast-page-background-enabled":"default","ast-page-background-meta":{"desktop":{"background-color":"var(--ast-global-color-4)","background-image":"","background-repeat":"repeat","background-position":"center center","background-size":"auto","background-attachment":"scroll","background-type":"","background-media":"","overlay-type":"","overlay-color":"","overlay-opacity":"","overlay-gradient":""},"tablet":{"background-color":"","background-image":"","background-repeat":"repeat","background-position":"center center","background-size":"auto","background-attachment":"scroll","background-type":"","background-media":"","overlay-type":"","overlay-color":"","overlay-opacity":"","overlay-gradient":""},"mobile":{"background-color":"","background-image":"","background-repeat":"repeat","background-position":"center center","background-size":"auto","background-attachment":"scroll","background-type":"","background-media":"","overlay-type":"","overlay-color":"","overlay-opacity":"","overlay-gradient":""}},"ast-content-background-meta":{"desktop":{"background-color":"var(--ast-global-color-5)","background-image":"","background-repeat":"repeat","background-position":"center center","background-size":"auto","background-attachment":"scroll","background-type":"","background-media":"","overlay-type":"","overlay-color":"","overlay-opacity":"","overlay-gradient":""},"tablet":{"background-color":"var(--ast-global-color-5)","background-image":"","background-repeat":"repeat","background-position":"center center","background-size":"auto","background-attachment":"scroll","background-type":"","background-media":"","overlay-type":"","overlay-color":"","overlay-opacity":"","overlay-gradient":""},"mobile":{"background-color":"var(--ast-global-color-5)","background-image":"","background-repeat":"repeat","background-position":"center center","background-size":"auto","background-attachment":"scroll","background-type":"","background-media":"","overlay-type":"","overlay-color":"","overlay-opacity":"","overlay-gradient":""}}},"product_brand":[],"product_cat":[29],"product_tag":[345,342,344,312,347,341,343,348,346],"class_list":{"0":"post-3221","1":"product","2":"type-product","3":"status-publish","4":"has-post-thumbnail","6":"product_cat-polo","7":"product_tag-dark-humor-tee","8":"product_tag-fabulous-tee","9":"product_tag-glam-skeleton","10":"product_tag-kingpolo-funny","11":"product_tag-new-year-outfit","12":"product_tag-new-year-shirt","13":"product_tag-skeleton-glitter-shirt","14":"product_tag-sparkle-skull-tee","15":"product_tag-szilveszteri-polo","16":"product_shipping_class-csomagok","17":"desktop-align-center","18":"tablet-align-center","19":"mobile-align-center","21":"first","22":"instock","23":"taxable","24":"shipping-taxable","25":"purchasable","26":"product-type-variable","27":"has-default-attributes"},"aioseo_notices":[],"_links":{"self":[{"href":"https:\/\/kingpolo.hu\/en\/wp-json\/wp\/v2\/product\/3221","targetHints":{"allow":["GET"]}}],"collection":[{"href":"https:\/\/kingpolo.hu\/en\/wp-json\/wp\/v2\/product"}],"about":[{"href":"https:\/\/kingpolo.hu\/en\/wp-json\/wp\/v2\/types\/product"}],"replies":[{"embeddable":true,"href":"https:\/\/kingpolo.hu\/en\/wp-json\/wp\/v2\/comments?post=3221"}],"wp:featuredmedia":[{"embeddable":true,"href":"https:\/\/kingpolo.hu\/en\/wp-json\/wp\/v2\/media\/3235"}],"wp:attachment":[{"href":"https:\/\/kingpolo.hu\/en\/wp-json\/wp\/v2\/media?parent=3221"}],"wp:term":[{"taxonomy":"product_brand","embeddable":true,"href":"https:\/\/kingpolo.hu\/en\/wp-json\/wp\/v2\/product_brand?post=3221"},{"taxonomy":"product_cat","embeddable":true,"href":"https:\/\/kingpolo.hu\/en\/wp-json\/wp\/v2\/product_cat?post=3221"},{"taxonomy":"product_tag","embeddable":true,"href":"https:\/\/kingpolo.hu\/en\/wp-json\/wp\/v2\/product_tag?post=3221"}],"curies":[{"name":"wp","href":"https:\/\/api.w.org\/{rel}","templated":true}]}}