{"id":3031,"date":"2025-10-12T04:53:17","date_gmt":"2025-10-12T04:53:17","guid":{"rendered":"https:\/\/kingpolo.hu\/termek\/christmas-spirit-tee\/"},"modified":"2025-10-13T10:28:05","modified_gmt":"2025-10-13T10:28:05","slug":"christmas-spirit-tee","status":"publish","type":"product","link":"https:\/\/kingpolo.hu\/en\/product\/christmas-spirit-tee\/","title":{"rendered":"Kar\u00e1csonyi Hangulat Unisex P\u00f3l\u00f3 \u2013 Christmas Spirit Tee"},"content":{"rendered":"<p><!--StartFragment -->Hozd el a kar\u00e1csony var\u00e1zs\u00e1t a mindennapjaidba ezzel a vid\u00e1m \u00e9s st\u00edlusos <strong>Kar\u00e1csonyi Hangulat Unisex P\u00f3l\u00f3val<\/strong>!<br \/>\nChristmas Spirit Tee &#8211; Ez a p\u00f3l\u00f3 nemcsak k\u00e9nyelmes viselet, hanem igazi \u00fcnnepi hangulatfokoz\u00f3 is. A min\u0151s\u00e9gi, vastag pamut anyag tart\u00f3s \u00e9s kellemes tapint\u00e1s\u00fa, \u00edgy t\u00f6k\u00e9letes v\u00e1laszt\u00e1s a t\u00e9li id\u0151szakra.<\/p>\n<h2>Christmas Spirit Tee<\/h2>\n<p><strong>Jellemz\u0151k:<\/strong><\/p>\n<ul>\n<li>100% pr\u00e9mium pamut, k\u00f6zepes vastags\u00e1g\u00fa anyag<\/li>\n<li>Klasszikus szab\u00e1s, oldalvarr\u00e1s n\u00e9lk\u00fcl<\/li>\n<li>Er\u0151s\u00edtett varr\u00e1s \u00e9s v\u00e1llp\u00e1nt a tart\u00f3ss\u00e1g\u00e9rt<\/li>\n<li>K\u00f6nnyen kezelhet\u0151, g\u00e9pben moshat\u00f3<\/li>\n<li>Egyedi, r\u00e9szletgazdag kar\u00e1csonyi grafika<\/li>\n<\/ul>\n<p><strong>Mi\u00e9rt v\u00e1laszd?<\/strong><br \/>\nEz a p\u00f3l\u00f3 ide\u00e1lis aj\u00e1nd\u00e9k bar\u00e1toknak, csal\u00e1dtagoknak vagy ak\u00e1r saj\u00e1t magadnak. Legyen sz\u00f3 kar\u00e1csonyi bulir\u00f3l, otthoni \u00fcnnepl\u00e9sr\u0151l vagy aj\u00e1nd\u00e9koz\u00e1sr\u00f3l, garant\u00e1ltan mosolyt csal mindenki arc\u00e1ra.<\/p>\n<p><!--EndFragment --><\/p>","protected":false},"excerpt":{"rendered":"<p>Unisex kar\u00e1csonyi p\u00f3l\u00f3 vid\u00e1m grafik\u00e1val, pr\u00e9mium pamutb\u00f3l. K\u00e9nyelmes, tart\u00f3s \u00e9s t\u00f6k\u00e9letes aj\u00e1nd\u00e9k az \u00fcnnepi szezonra.<\/p>","protected":false},"featured_media":3056,"comment_status":"open","ping_status":"closed","template":"","meta":{"site-sidebar-layout":"default","site-content-layout":"","ast-site-content-layout":"default","site-content-style":"default","site-sidebar-style":"default","ast-global-header-display":"","ast-banner-title-visibility":"","ast-main-header-display":"","ast-hfb-above-header-display":"","ast-hfb-below-header-display":"","ast-hfb-mobile-header-display":"","site-post-title":"","ast-breadcrumbs-content":"","ast-featured-img":"","footer-sml-layout":"","ast-disable-related-posts":"","theme-transparent-header-meta":"default","adv-header-id-meta":"","stick-header-meta":"","header-above-stick-meta":"","header-main-stick-meta":"","header-below-stick-meta":"","astra-migrate-meta-layouts":"set","ast-page-background-enabled":"default","ast-page-background-meta":{"desktop":{"background-color":"var(--ast-global-color-4)","background-image":"","background-repeat":"repeat","background-position":"center center","background-size":"auto","background-attachment":"scroll","background-type":"","background-media":"","overlay-type":"","overlay-color":"","overlay-opacity":"","overlay-gradient":""},"tablet":{"background-color":"","background-image":"","background-repeat":"repeat","background-position":"center center","background-size":"auto","background-attachment":"scroll","background-type":"","background-media":"","overlay-type":"","overlay-color":"","overlay-opacity":"","overlay-gradient":""},"mobile":{"background-color":"","background-image":"","background-repeat":"repeat","background-position":"center center","background-size":"auto","background-attachment":"scroll","background-type":"","background-media":"","overlay-type":"","overlay-color":"","overlay-opacity":"","overlay-gradient":""}},"ast-content-background-meta":{"desktop":{"background-color":"var(--ast-global-color-5)","background-image":"","background-repeat":"repeat","background-position":"center center","background-size":"auto","background-attachment":"scroll","background-type":"","background-media":"","overlay-type":"","overlay-color":"","overlay-opacity":"","overlay-gradient":""},"tablet":{"background-color":"var(--ast-global-color-5)","background-image":"","background-repeat":"repeat","background-position":"center center","background-size":"auto","background-attachment":"scroll","background-type":"","background-media":"","overlay-type":"","overlay-color":"","overlay-opacity":"","overlay-gradient":""},"mobile":{"background-color":"var(--ast-global-color-5)","background-image":"","background-repeat":"repeat","background-position":"center center","background-size":"auto","background-attachment":"scroll","background-type":"","background-media":"","overlay-type":"","overlay-color":"","overlay-opacity":"","overlay-gradient":""}}},"product_brand":[178],"product_cat":[29],"product_tag":[247,213,245,243,249,198,244,246,195,242,248],"class_list":{"0":"post-3031","1":"product","2":"type-product","3":"status-publish","4":"has-post-thumbnail","6":"product_brand-kingpolo","7":"product_cat-polo","8":"product_tag-christmas-spirit","9":"product_tag-christmas-t-shirt","10":"product_tag-festive-apparel","11":"product_tag-funny-holiday-shirt","12":"product_tag-holiday-gift-idea","13":"product_tag-humoros-karacsonyi-ajandek","14":"product_tag-karacsonyi-ajandak","15":"product_tag-karacsonyi-outfit","16":"product_tag-karacsonyi-polo","17":"product_tag-unisex-tee","18":"product_tag-winter-fashion","19":"product_shipping_class-csomagok","20":"desktop-align-center","21":"tablet-align-center","22":"mobile-align-center","24":"first","25":"instock","26":"taxable","27":"shipping-taxable","28":"purchasable","29":"product-type-variable","30":"has-default-attributes"},"aioseo_notices":[],"_links":{"self":[{"href":"https:\/\/kingpolo.hu\/en\/wp-json\/wp\/v2\/product\/3031","targetHints":{"allow":["GET"]}}],"collection":[{"href":"https:\/\/kingpolo.hu\/en\/wp-json\/wp\/v2\/product"}],"about":[{"href":"https:\/\/kingpolo.hu\/en\/wp-json\/wp\/v2\/types\/product"}],"replies":[{"embeddable":true,"href":"https:\/\/kingpolo.hu\/en\/wp-json\/wp\/v2\/comments?post=3031"}],"wp:featuredmedia":[{"embeddable":true,"href":"https:\/\/kingpolo.hu\/en\/wp-json\/wp\/v2\/media\/3056"}],"wp:attachment":[{"href":"https:\/\/kingpolo.hu\/en\/wp-json\/wp\/v2\/media?parent=3031"}],"wp:term":[{"taxonomy":"product_brand","embeddable":true,"href":"https:\/\/kingpolo.hu\/en\/wp-json\/wp\/v2\/product_brand?post=3031"},{"taxonomy":"product_cat","embeddable":true,"href":"https:\/\/kingpolo.hu\/en\/wp-json\/wp\/v2\/product_cat?post=3031"},{"taxonomy":"product_tag","embeddable":true,"href":"https:\/\/kingpolo.hu\/en\/wp-json\/wp\/v2\/product_tag?post=3031"}],"curies":[{"name":"wp","href":"https:\/\/api.w.org\/{rel}","templated":true}]}}