{"id":2871,"date":"2025-10-11T12:41:32","date_gmt":"2025-10-11T12:41:32","guid":{"rendered":"https:\/\/kingpolo.hu\/termek\/kacsas-karacsonyi-polo-merry-ducking-christmas-vicces-uniszex-ajandek-karacsonyra\/"},"modified":"2025-10-11T13:29:52","modified_gmt":"2025-10-11T13:29:52","slug":"kacsas-karacsonyi-polo-merry-ducking-christmas-vicces-uniszex-ajandek-karacsonyra","status":"publish","type":"product","link":"https:\/\/kingpolo.hu\/en\/product\/kacsas-karacsonyi-polo-merry-ducking-christmas-vicces-uniszex-ajandek-karacsonyra\/","title":{"rendered":"Vicces kar\u00e1csonyi p\u00f3l\u00f3 \u2013 Merry Ducking Christmas | Vicces uniszex aj\u00e1nd\u00e9k kar\u00e1csonyra"},"content":{"rendered":"<p data-start=\"731\" data-end=\"1004\">A kar\u00e1csony nem mindig cukorm\u00e1z \u2013 n\u00e9ha bizony <em data-start=\"777\" data-end=\"786\">ducking<\/em> j\u00f3 m\u00f3ka is! \ud83d\ude04<br data-start=\"801\" data-end=\"804\" \/>This <em data-start=\"809\" data-end=\"834\">Merry Ducking Christmas<\/em> p\u00f3l\u00f3 a legviccesebb v\u00e1laszt\u00e1s azoknak, akik szeretik a humort az \u00fcnnepi k\u00e9sz\u00fcl\u0151d\u00e9sben.<br data-start=\"921\" data-end=\"924\" \/>Puha, pr\u00e9mium min\u0151s\u00e9g\u0171 anyagb\u00f3l k\u00e9sz\u00fclt kar\u00e1csonyi p\u00f3l\u00f3, \u00edgy k\u00e9nyelmes eg\u00e9sz napos visel\u00e9shez.<\/p>\n<p data-start=\"1006\" data-end=\"1273\">\ud83d\udc9a <strong data-start=\"1009\" data-end=\"1032\">Mi\u00e9rt fogod im\u00e1dni:<\/strong><br data-start=\"1032\" data-end=\"1035\" \/>\u2013 Egyedi, kacs\u00e1s kar\u00e1csonyi design<br data-start=\"1069\" data-end=\"1072\" \/>\u2013 Vicces, trendi felirat: <em data-start=\"1098\" data-end=\"1123\">Merry Ducking Christmas<\/em><br data-start=\"1123\" data-end=\"1126\" \/>\u2013 Pr\u00e9mium min\u0151s\u00e9g\u0171 pamutp\u00f3l\u00f3 (Gildan \/ Printify)<br data-start=\"1174\" data-end=\"1177\" \/>\u2013 Uniszex szab\u00e1s: f\u00e9rfiaknak \u00e9s n\u0151knek egyar\u00e1nt t\u00f6k\u00e9letes<br data-start=\"1234\" data-end=\"1237\" \/>\u2013 Szuper aj\u00e1nd\u00e9k humoros lelkeknek<\/p>\n<p data-start=\"1275\" data-end=\"1357\">\ud83c\udf81 <strong data-start=\"1278\" data-end=\"1287\">Tipp:<\/strong> Aj\u00e1nd\u00e9k mell\u00e9 v\u00e1lassz hozz\u00e1 kacs\u00e1s b\u00f6gr\u00e9t is \u2013 garant\u00e1lt a nevet\u00e9s!<\/p>\n<table id=\"size-guide\" style=\"min-width: 360px;\">\n<thead>\n<tr>\n<th style=\"padding: 10px;\"><\/th>\n<th style=\"color: #000000; font-weight: 500; text-align: left; font-size: 15px; padding: 10px;\">S<\/th>\n<th style=\"color: #000000; font-weight: 500; text-align: left; font-size: 15px; padding: 10px;\">M<\/th>\n<th style=\"color: #000000; font-weight: 500; text-align: left; font-size: 15px; padding: 10px;\">L<\/th>\n<th style=\"color: #000000; font-weight: 500; text-align: left; font-size: 15px; padding: 10px;\">XL<\/th>\n<th style=\"color: #000000; font-weight: 500; text-align: left; font-size: 15px; padding: 10px;\">2XL<\/th>\n<th style=\"color: #000000; font-weight: 500; text-align: left; font-size: 15px; padding: 10px;\">3XL<\/th>\n<th style=\"color: #000000; font-weight: 500; text-align: left; font-size: 15px; padding: 10px;\">4XL<\/th>\n<th style=\"color: #000000; font-weight: 500; text-align: left; font-size: 15px; padding: 10px;\">5XL<\/th>\n<\/tr>\n<\/thead>\n<tbody>\n<tr>\n<td style=\"padding: 10px; color: #525252; font-size: 15px; border-top: 1px solid #ededed;\">Width, in<\/td>\n<td style=\"padding: 10px; color: #525252; font-size: 15px; border-top: 1px solid #ededed;\">18.00<\/td>\n<td style=\"padding: 10px; color: #525252; font-size: 15px; border-top: 1px solid #ededed;\">20.00<\/td>\n<td style=\"padding: 10px; color: #525252; font-size: 15px; border-top: 1px solid #ededed;\">22.00<\/td>\n<td style=\"padding: 10px; color: #525252; font-size: 15px; border-top: 1px solid #ededed;\">24.00<\/td>\n<td style=\"padding: 10px; color: #525252; font-size: 15px; border-top: 1px solid #ededed;\">26.00<\/td>\n<td style=\"padding: 10px; color: #525252; font-size: 15px; border-top: 1px solid #ededed;\">28.00<\/td>\n<td style=\"padding: 10px; color: #525252; font-size: 15px; border-top: 1px solid #ededed;\">30.00<\/td>\n<td style=\"padding: 10px; color: #525252; font-size: 15px; border-top: 1px solid #ededed;\">32.00<\/td>\n<\/tr>\n<tr>\n<td style=\"padding: 10px; color: #525252; font-size: 15px; border-top: 1px solid #ededed;\">Length, in<\/td>\n<td style=\"padding: 10px; color: #525252; font-size: 15px; border-top: 1px solid #ededed;\">28.00<\/td>\n<td style=\"padding: 10px; color: #525252; font-size: 15px; border-top: 1px solid #ededed;\">29.00<\/td>\n<td style=\"padding: 10px; color: #525252; font-size: 15px; border-top: 1px solid #ededed;\">30.00<\/td>\n<td style=\"padding: 10px; color: #525252; font-size: 15px; border-top: 1px solid #ededed;\">31.00<\/td>\n<td style=\"padding: 10px; color: #525252; font-size: 15px; border-top: 1px solid #ededed;\">32.00<\/td>\n<td style=\"padding: 10px; color: #525252; font-size: 15px; border-top: 1px solid #ededed;\">33.00<\/td>\n<td style=\"padding: 10px; color: #525252; font-size: 15px; border-top: 1px solid #ededed;\">34.00<\/td>\n<td style=\"padding: 10px; color: #525252; font-size: 15px; border-top: 1px solid #ededed;\">35.00<\/td>\n<\/tr>\n<tr>\n<td style=\"padding: 10px; color: #525252; font-size: 15px; border-top: 1px solid #ededed;\">Sleeve length (from center back), in<\/td>\n<td style=\"padding: 10px; color: #525252; font-size: 15px; border-top: 1px solid #ededed;\">15.10<\/td>\n<td style=\"padding: 10px; color: #525252; font-size: 15px; border-top: 1px solid #ededed;\">16.50<\/td>\n<td style=\"padding: 10px; color: #525252; font-size: 15px; border-top: 1px solid #ededed;\">18.00<\/td>\n<td style=\"padding: 10px; color: #525252; font-size: 15px; border-top: 1px solid #ededed;\">19.50<\/td>\n<td style=\"padding: 10px; color: #525252; font-size: 15px; border-top: 1px solid #ededed;\">21.00<\/td>\n<td style=\"padding: 10px; color: #525252; font-size: 15px; border-top: 1px solid #ededed;\">22.40<\/td>\n<td style=\"padding: 10px; color: #525252; font-size: 15px; border-top: 1px solid #ededed;\">23.70<\/td>\n<td style=\"padding: 10px; color: #525252; font-size: 15px; border-top: 1px solid #ededed;\">25.00<\/td>\n<\/tr>\n<tr>\n<td style=\"padding: 10px; color: #525252; font-size: 15px; border-top: 1px solid #ededed;\">Size tolerance, in<\/td>\n<td style=\"padding: 10px; color: #525252; font-size: 15px; border-top: 1px solid #ededed;\">1.50<\/td>\n<td style=\"padding: 10px; color: #525252; font-size: 15px; border-top: 1px solid #ededed;\">1.50<\/td>\n<td style=\"padding: 10px; color: #525252; font-size: 15px; border-top: 1px solid #ededed;\">1.50<\/td>\n<td style=\"padding: 10px; color: #525252; font-size: 15px; border-top: 1px solid #ededed;\">1.50<\/td>\n<td style=\"padding: 10px; color: #525252; font-size: 15px; border-top: 1px solid #ededed;\">1.50<\/td>\n<td style=\"padding: 10px; color: #525252; font-size: 15px; border-top: 1px solid #ededed;\">1.50<\/td>\n<td style=\"padding: 10px; color: #525252; font-size: 15px; border-top: 1px solid #ededed;\">1.50<\/td>\n<td style=\"padding: 10px; color: #525252; font-size: 15px; border-top: 1px solid #ededed;\">1.50<\/td>\n<\/tr>\n<\/tbody>\n<\/table>\n<p>&nbsp;<\/p>\n<p>&nbsp;<\/p>","protected":false},"excerpt":{"rendered":"<p>Ez a d\u00fch\u00f6s, kar\u00e1csonyi kacs\u00e1s p\u00f3l\u00f3 garant\u00e1ltan mosolyt csal b\u00e1rki arc\u00e1ra! \ud83c\udf84<br data-start=\"603\" data-end=\"606\" \/>T\u00f6k\u00e9letes v\u00e1laszt\u00e1s humoros aj\u00e1nd\u00e9knak vagy saj\u00e1t \u00fcnnepi outfitnek.<\/p>","protected":false},"featured_media":2928,"comment_status":"open","ping_status":"closed","template":"","meta":{"site-sidebar-layout":"default","site-content-layout":"","ast-site-content-layout":"default","site-content-style":"default","site-sidebar-style":"default","ast-global-header-display":"","ast-banner-title-visibility":"","ast-main-header-display":"","ast-hfb-above-header-display":"","ast-hfb-below-header-display":"","ast-hfb-mobile-header-display":"","site-post-title":"","ast-breadcrumbs-content":"","ast-featured-img":"","footer-sml-layout":"","ast-disable-related-posts":"","theme-transparent-header-meta":"default","adv-header-id-meta":"","stick-header-meta":"","header-above-stick-meta":"","header-main-stick-meta":"","header-below-stick-meta":"","astra-migrate-meta-layouts":"set","ast-page-background-enabled":"default","ast-page-background-meta":{"desktop":{"background-color":"var(--ast-global-color-4)","background-image":"","background-repeat":"repeat","background-position":"center center","background-size":"auto","background-attachment":"scroll","background-type":"","background-media":"","overlay-type":"","overlay-color":"","overlay-opacity":"","overlay-gradient":""},"tablet":{"background-color":"","background-image":"","background-repeat":"repeat","background-position":"center center","background-size":"auto","background-attachment":"scroll","background-type":"","background-media":"","overlay-type":"","overlay-color":"","overlay-opacity":"","overlay-gradient":""},"mobile":{"background-color":"","background-image":"","background-repeat":"repeat","background-position":"center center","background-size":"auto","background-attachment":"scroll","background-type":"","background-media":"","overlay-type":"","overlay-color":"","overlay-opacity":"","overlay-gradient":""}},"ast-content-background-meta":{"desktop":{"background-color":"var(--ast-global-color-5)","background-image":"","background-repeat":"repeat","background-position":"center center","background-size":"auto","background-attachment":"scroll","background-type":"","background-media":"","overlay-type":"","overlay-color":"","overlay-opacity":"","overlay-gradient":""},"tablet":{"background-color":"var(--ast-global-color-5)","background-image":"","background-repeat":"repeat","background-position":"center center","background-size":"auto","background-attachment":"scroll","background-type":"","background-media":"","overlay-type":"","overlay-color":"","overlay-opacity":"","overlay-gradient":""},"mobile":{"background-color":"var(--ast-global-color-5)","background-image":"","background-repeat":"repeat","background-position":"center center","background-size":"auto","background-attachment":"scroll","background-type":"","background-media":"","overlay-type":"","overlay-color":"","overlay-opacity":"","overlay-gradient":""}}},"product_brand":[178],"product_cat":[29],"product_tag":[222,88,223,221,200,224,198,219,225,195,220,127,196],"class_list":{"0":"post-2871","1":"product","2":"type-product","3":"status-publish","4":"has-post-thumbnail","6":"product_brand-kingpolo","7":"product_cat-polo","8":"product_tag-christmas-gift-idea","9":"product_tag-custom-t-shirt","10":"product_tag-duck-christmas-tee","11":"product_tag-duck-t-shirt","12":"product_tag-funny-christmas-shirt","13":"product_tag-holiday-outfit","14":"product_tag-humoros-karacsonyi-ajandek","15":"product_tag-kacsas-polo","16":"product_tag-karacsonyi-divat","17":"product_tag-karacsonyi-polo","18":"product_tag-merry-ducking-christmas","19":"product_tag-unisex-t-shirt","20":"product_tag-vicces-polo","21":"product_shipping_class-csomagok","22":"desktop-align-center","23":"tablet-align-center","24":"mobile-align-center","26":"first","27":"instock","28":"taxable","29":"shipping-taxable","30":"purchasable","31":"product-type-variable","32":"has-default-attributes"},"aioseo_notices":[],"_links":{"self":[{"href":"https:\/\/kingpolo.hu\/en\/wp-json\/wp\/v2\/product\/2871","targetHints":{"allow":["GET"]}}],"collection":[{"href":"https:\/\/kingpolo.hu\/en\/wp-json\/wp\/v2\/product"}],"about":[{"href":"https:\/\/kingpolo.hu\/en\/wp-json\/wp\/v2\/types\/product"}],"replies":[{"embeddable":true,"href":"https:\/\/kingpolo.hu\/en\/wp-json\/wp\/v2\/comments?post=2871"}],"wp:featuredmedia":[{"embeddable":true,"href":"https:\/\/kingpolo.hu\/en\/wp-json\/wp\/v2\/media\/2928"}],"wp:attachment":[{"href":"https:\/\/kingpolo.hu\/en\/wp-json\/wp\/v2\/media?parent=2871"}],"wp:term":[{"taxonomy":"product_brand","embeddable":true,"href":"https:\/\/kingpolo.hu\/en\/wp-json\/wp\/v2\/product_brand?post=2871"},{"taxonomy":"product_cat","embeddable":true,"href":"https:\/\/kingpolo.hu\/en\/wp-json\/wp\/v2\/product_cat?post=2871"},{"taxonomy":"product_tag","embeddable":true,"href":"https:\/\/kingpolo.hu\/en\/wp-json\/wp\/v2\/product_tag?post=2871"}],"curies":[{"name":"wp","href":"https:\/\/api.w.org\/{rel}","templated":true}]}}