{"id":2820,"date":"2025-10-10T16:56:19","date_gmt":"2025-10-10T16:56:19","guid":{"rendered":"https:\/\/kingpolo.hu\/termek\/vicces-karacsonyi-polo-dear-santa-i-can-explain-unnepi-humor-kollekcio\/"},"modified":"2025-10-10T17:30:55","modified_gmt":"2025-10-10T17:30:55","slug":"unnepi-humor-vicces-karacsonyi-polo-dear-santa-i-can-explain-unnepi-humor-kollekcio","status":"publish","type":"product","link":"https:\/\/kingpolo.hu\/en\/product\/unnepi-humor-vicces-karacsonyi-polo-dear-santa-i-can-explain-unnepi-humor-kollekcio\/","title":{"rendered":"Vicces Kar\u00e1csonyi P\u00f3l\u00f3 \u2013 Dear Santa, I Can Explain | \u00dcnnepi Humor Kollekci\u00f3"},"content":{"rendered":"<p data-start=\"667\" data-end=\"965\"><strong data-start=\"667\" data-end=\"696\">Dear Santa, I Can Explain<\/strong> \u2013 mert n\u00e9ha a Mikul\u00e1snak is j\u00e1r egy kis magyar\u00e1zat, egy kis\u00a0 \u00dcnnepi Humor ! \ud83d\ude04<br data-start=\"751\" data-end=\"754\" \/>Ez a vid\u00e1m kar\u00e1csonyi p\u00f3l\u00f3 t\u00f6k\u00e9letes v\u00e1laszt\u00e1s mindenkinek, aki szereti az egyedi, humoros ruh\u00e1kat.<br data-start=\"853\" data-end=\"856\" \/>\ud83c\udf81 Kiv\u00e1l\u00f3 aj\u00e1nd\u00e9k csal\u00e1dtagoknak, bar\u00e1toknak vagy saj\u00e1t magadnak \u2013 hiszen az \u00fcnnepi nevet\u00e9s mindig j\u00f3l \u00e1ll!<\/p>\n<p data-start=\"967\" data-end=\"983\"><strong data-start=\"967\" data-end=\"981\">R\u00e9szletek:<\/strong><\/p>\n<ul data-start=\"984\" data-end=\"1136\">\n<li data-start=\"984\" data-end=\"1015\">\n<p data-start=\"986\" data-end=\"1015\">K\u00e9nyelmes, puha pamut anyag<\/p>\n<\/li>\n<li data-start=\"1016\" data-end=\"1061\">\n<p data-start=\"1018\" data-end=\"1061\">T\u00f6bb sz\u00ednben \u00e9s m\u00e9retben el\u00e9rhet\u0151 (S\u20135XL)<\/p>\n<\/li>\n<li data-start=\"1062\" data-end=\"1096\">\n<p data-start=\"1064\" data-end=\"1096\">Tart\u00f3s nyomat, amely nem kopik<\/p>\n<\/li>\n<li data-start=\"1097\" data-end=\"1136\">\n<p data-start=\"1099\" data-end=\"1136\">Unisex szab\u00e1s, mindennapi viseletre<\/p>\n<\/li>\n<\/ul>\n<p data-start=\"1138\" data-end=\"1230\">\ud83d\udc49 Mutasd meg a st\u00edlusod \u2013 \u00e9s ha k\u00e9rdezik, csak mondd: <em data-start=\"1193\" data-end=\"1223\">\u201eDear Santa, I can explain.\u201d<\/em> \ud83c\udf85\ud83d\ude0e<\/p>\n<p>&nbsp;<\/p>","protected":false},"excerpt":{"rendered":"<p>Dear Santa, I Can Explain \u2013 mert n\u00e9ha a Mikul\u00e1snak is j\u00e1r egy kis magyar\u00e1zat, egy kis\u00a0 \u00dcnnepi Humor ! [&hellip;]<\/p>\n","protected":false},"featured_media":2853,"comment_status":"open","ping_status":"closed","template":"","meta":{"site-sidebar-layout":"default","site-content-layout":"","ast-site-content-layout":"default","site-content-style":"default","site-sidebar-style":"default","ast-global-header-display":"","ast-banner-title-visibility":"","ast-main-header-display":"","ast-hfb-above-header-display":"","ast-hfb-below-header-display":"","ast-hfb-mobile-header-display":"","site-post-title":"","ast-breadcrumbs-content":"","ast-featured-img":"","footer-sml-layout":"","ast-disable-related-posts":"","theme-transparent-header-meta":"default","adv-header-id-meta":"","stick-header-meta":"","header-above-stick-meta":"","header-main-stick-meta":"","header-below-stick-meta":"","astra-migrate-meta-layouts":"set","ast-page-background-enabled":"default","ast-page-background-meta":{"desktop":{"background-color":"var(--ast-global-color-4)","background-image":"","background-repeat":"repeat","background-position":"center center","background-size":"auto","background-attachment":"scroll","background-type":"","background-media":"","overlay-type":"","overlay-color":"","overlay-opacity":"","overlay-gradient":""},"tablet":{"background-color":"","background-image":"","background-repeat":"repeat","background-position":"center center","background-size":"auto","background-attachment":"scroll","background-type":"","background-media":"","overlay-type":"","overlay-color":"","overlay-opacity":"","overlay-gradient":""},"mobile":{"background-color":"","background-image":"","background-repeat":"repeat","background-position":"center center","background-size":"auto","background-attachment":"scroll","background-type":"","background-media":"","overlay-type":"","overlay-color":"","overlay-opacity":"","overlay-gradient":""}},"ast-content-background-meta":{"desktop":{"background-color":"var(--ast-global-color-5)","background-image":"","background-repeat":"repeat","background-position":"center center","background-size":"auto","background-attachment":"scroll","background-type":"","background-media":"","overlay-type":"","overlay-color":"","overlay-opacity":"","overlay-gradient":""},"tablet":{"background-color":"var(--ast-global-color-5)","background-image":"","background-repeat":"repeat","background-position":"center center","background-size":"auto","background-attachment":"scroll","background-type":"","background-media":"","overlay-type":"","overlay-color":"","overlay-opacity":"","overlay-gradient":""},"mobile":{"background-color":"var(--ast-global-color-5)","background-image":"","background-repeat":"repeat","background-position":"center center","background-size":"auto","background-attachment":"scroll","background-type":"","background-media":"","overlay-type":"","overlay-color":"","overlay-opacity":"","overlay-gradient":""}}},"product_brand":[],"product_cat":[29],"product_tag":[215,213,217,214,216,210,205,209,195,212,218,127,175,211,196],"class_list":{"0":"post-2820","1":"product","2":"type-product","3":"status-publish","4":"has-post-thumbnail","6":"product_cat-polo","7":"product_tag-christmas-humor","8":"product_tag-christmas-t-shirt","9":"product_tag-funny-christmas-tee","10":"product_tag-funny-shirt","11":"product_tag-holiday-gift","12":"product_tag-humoros-polo","13":"product_tag-karacsony","14":"product_tag-karacsonyi-ajandek","15":"product_tag-karacsonyi-polo","16":"product_tag-mikulas-ajandek","17":"product_tag-santa-humor","18":"product_tag-unisex-t-shirt","19":"product_tag-unnepi-ajandek","20":"product_tag-vicces-karacsony","21":"product_tag-vicces-polo","22":"product_shipping_class-csomagok","23":"desktop-align-center","24":"tablet-align-center","25":"mobile-align-center","27":"first","28":"instock","29":"taxable","30":"shipping-taxable","31":"purchasable","32":"product-type-variable","33":"has-default-attributes"},"aioseo_notices":[],"_links":{"self":[{"href":"https:\/\/kingpolo.hu\/en\/wp-json\/wp\/v2\/product\/2820","targetHints":{"allow":["GET"]}}],"collection":[{"href":"https:\/\/kingpolo.hu\/en\/wp-json\/wp\/v2\/product"}],"about":[{"href":"https:\/\/kingpolo.hu\/en\/wp-json\/wp\/v2\/types\/product"}],"replies":[{"embeddable":true,"href":"https:\/\/kingpolo.hu\/en\/wp-json\/wp\/v2\/comments?post=2820"}],"wp:featuredmedia":[{"embeddable":true,"href":"https:\/\/kingpolo.hu\/en\/wp-json\/wp\/v2\/media\/2853"}],"wp:attachment":[{"href":"https:\/\/kingpolo.hu\/en\/wp-json\/wp\/v2\/media?parent=2820"}],"wp:term":[{"taxonomy":"product_brand","embeddable":true,"href":"https:\/\/kingpolo.hu\/en\/wp-json\/wp\/v2\/product_brand?post=2820"},{"taxonomy":"product_cat","embeddable":true,"href":"https:\/\/kingpolo.hu\/en\/wp-json\/wp\/v2\/product_cat?post=2820"},{"taxonomy":"product_tag","embeddable":true,"href":"https:\/\/kingpolo.hu\/en\/wp-json\/wp\/v2\/product_tag?post=2820"}],"curies":[{"name":"wp","href":"https:\/\/api.w.org\/{rel}","templated":true}]}}