{"id":2716,"date":"2025-10-10T09:49:12","date_gmt":"2025-10-10T09:49:12","guid":{"rendered":"https:\/\/kingpolo.hu\/termek\/halloween-skeleton-mug-skeleton-szinvaltos-bogre\/"},"modified":"2025-10-10T09:59:20","modified_gmt":"2025-10-10T09:59:20","slug":"halloween-skeleton-mug-skeleton-szinvaltos-bogre","status":"publish","type":"product","link":"https:\/\/kingpolo.hu\/en\/product\/halloween-skeleton-mug-skeleton-szinvaltos-bogre\/","title":{"rendered":"Halloween Skeleton Mug \u2013 Skeleton | Sz\u00ednv\u00e1lt\u00f3s B\u00f6gre"},"content":{"rendered":"<p data-start=\"1160\" data-end=\"1347\">Hidegen titokzatos, forr\u00f3n \u00e9letre kel \ud83d\udc80<br data-start=\"1200\" data-end=\"1203\" \/>Ez a sz\u00ednv\u00e1lt\u00f3s Halloween Skeleton Mug garant\u00e1ltan h\u00e1tborzongat\u00f3 meglepet\u00e9s lesz \u2013 t\u00f6k\u00e9letes aj\u00e1nd\u00e9k horrorrajong\u00f3knak vagy a Halloween \u00e9jszak\u00e1kra! \u2615\ud83d\udd25<\/p>\n<h3 data-start=\"1349\" data-end=\"1374\">Skeleton Mug<\/h3>\n<p data-start=\"1375\" data-end=\"1625\">Fekete m\u00e1gia a b\u00f6gr\u00e9dben \u2013 sz\u00f3 szerint.<br data-start=\"1414\" data-end=\"1417\" \/>The <strong data-start=\"1419\" data-end=\"1441\">Skeleton Mug<\/strong> hidegen egysz\u00edn\u0171 fekete, de amint forr\u00f3 ital ker\u00fcl bele, a csontv\u00e1z-minta lassan el\u0151bukkan a s\u00f6t\u00e9ts\u00e9gb\u0151l.<br data-start=\"1547\" data-end=\"1550\" \/>R\u00e9miszt\u0151en l\u00e1tv\u00e1nyos aj\u00e1nd\u00e9k minden horror- \u00e9s Halloween-rajong\u00f3nak! \ud83c\udf83\ud83d\udda4<\/p>\n<p data-start=\"1627\" data-end=\"1641\"><strong data-start=\"1627\" data-end=\"1641\">R\u00e9szletek:<\/strong><\/p>\n<ul data-start=\"1642\" data-end=\"1792\">\n<li data-start=\"1642\" data-end=\"1672\">\n<p data-start=\"1644\" data-end=\"1672\">11oz \/ 330ml ker\u00e1mia b\u00f6gre<\/p>\n<\/li>\n<li data-start=\"1673\" data-end=\"1701\">\n<p data-start=\"1675\" data-end=\"1701\">H\u0151 hat\u00e1s\u00e1ra v\u00e1ltoz\u00f3 sz\u00edn\/heat sensitive mug<\/p>\n<\/li>\n<li data-start=\"1702\" data-end=\"1756\">\n<p data-start=\"1704\" data-end=\"1756\">Nem mosogat\u00f3g\u00e9p-kompatibilis (k\u00e9zi mos\u00e1s aj\u00e1nlott)<\/p>\n<\/li>\n<li data-start=\"1757\" data-end=\"1792\">\n<p data-start=\"1759\" data-end=\"1792\">Limit\u00e1lt Halloween kollekci\u00f3 \ud83d\udc7b<\/p>\n<\/li>\n<\/ul>\n<p>&nbsp;<\/p>","protected":false},"excerpt":{"rendered":"<p>Hidegen titokzatos, forr\u00f3n \u00e9letre kel \ud83d\udc80Ez a sz\u00ednv\u00e1lt\u00f3s Halloween Skeleton Mug garant\u00e1ltan h\u00e1tborzongat\u00f3 meglepet\u00e9s lesz \u2013 t\u00f6k\u00e9letes aj\u00e1nd\u00e9k horrorrajong\u00f3knak vagy [&hellip;]<\/p>\n","protected":false},"featured_media":2718,"comment_status":"open","ping_status":"closed","template":"","meta":{"site-sidebar-layout":"default","site-content-layout":"","ast-site-content-layout":"default","site-content-style":"default","site-sidebar-style":"default","ast-global-header-display":"","ast-banner-title-visibility":"","ast-main-header-display":"","ast-hfb-above-header-display":"","ast-hfb-below-header-display":"","ast-hfb-mobile-header-display":"","site-post-title":"","ast-breadcrumbs-content":"","ast-featured-img":"","footer-sml-layout":"","ast-disable-related-posts":"","theme-transparent-header-meta":"default","adv-header-id-meta":"","stick-header-meta":"","header-above-stick-meta":"","header-main-stick-meta":"","header-below-stick-meta":"","astra-migrate-meta-layouts":"set","ast-page-background-enabled":"default","ast-page-background-meta":{"desktop":{"background-color":"var(--ast-global-color-4)","background-image":"","background-repeat":"repeat","background-position":"center center","background-size":"auto","background-attachment":"scroll","background-type":"","background-media":"","overlay-type":"","overlay-color":"","overlay-opacity":"","overlay-gradient":""},"tablet":{"background-color":"","background-image":"","background-repeat":"repeat","background-position":"center center","background-size":"auto","background-attachment":"scroll","background-type":"","background-media":"","overlay-type":"","overlay-color":"","overlay-opacity":"","overlay-gradient":""},"mobile":{"background-color":"","background-image":"","background-repeat":"repeat","background-position":"center center","background-size":"auto","background-attachment":"scroll","background-type":"","background-media":"","overlay-type":"","overlay-color":"","overlay-opacity":"","overlay-gradient":""}},"ast-content-background-meta":{"desktop":{"background-color":"var(--ast-global-color-5)","background-image":"","background-repeat":"repeat","background-position":"center center","background-size":"auto","background-attachment":"scroll","background-type":"","background-media":"","overlay-type":"","overlay-color":"","overlay-opacity":"","overlay-gradient":""},"tablet":{"background-color":"var(--ast-global-color-5)","background-image":"","background-repeat":"repeat","background-position":"center center","background-size":"auto","background-attachment":"scroll","background-type":"","background-media":"","overlay-type":"","overlay-color":"","overlay-opacity":"","overlay-gradient":""},"mobile":{"background-color":"var(--ast-global-color-5)","background-image":"","background-repeat":"repeat","background-position":"center center","background-size":"auto","background-attachment":"scroll","background-type":"","background-media":"","overlay-type":"","overlay-color":"","overlay-opacity":"","overlay-gradient":""}}},"product_brand":[178],"product_cat":[48],"product_tag":[185,191,183,112,180,193,184,194,190,189,186,192,187,188,181,182],"class_list":{"0":"post-2716","1":"product","2":"type-product","3":"status-publish","4":"has-post-thumbnail","6":"product_brand-kingpolo","7":"product_cat-bogre","8":"product_tag-color-changing-mug","9":"product_tag-creepy-mug","10":"product_tag-csontvaz-bogre","11":"product_tag-egyedi-bogre","12":"product_tag-halloween-bogre","13":"product_tag-halloween-collection","14":"product_tag-halloween-mug","15":"product_tag-heat-reactive-mug","16":"product_tag-heat-sensitive-mug","17":"product_tag-horror-mug","18":"product_tag-magic-mug","19":"product_tag-scary-coffee-mug","20":"product_tag-skeleton-mug","21":"product_tag-spooky-mug","22":"product_tag-szinvaltos-bogre","23":"product_tag-varazsbogre","24":"product_shipping_class-csomagok","25":"desktop-align-center","26":"tablet-align-center","27":"mobile-align-center","29":"first","30":"instock","31":"taxable","32":"shipping-taxable","33":"purchasable","34":"product-type-variable","35":"has-default-attributes"},"aioseo_notices":[],"_links":{"self":[{"href":"https:\/\/kingpolo.hu\/en\/wp-json\/wp\/v2\/product\/2716","targetHints":{"allow":["GET"]}}],"collection":[{"href":"https:\/\/kingpolo.hu\/en\/wp-json\/wp\/v2\/product"}],"about":[{"href":"https:\/\/kingpolo.hu\/en\/wp-json\/wp\/v2\/types\/product"}],"replies":[{"embeddable":true,"href":"https:\/\/kingpolo.hu\/en\/wp-json\/wp\/v2\/comments?post=2716"}],"wp:featuredmedia":[{"embeddable":true,"href":"https:\/\/kingpolo.hu\/en\/wp-json\/wp\/v2\/media\/2718"}],"wp:attachment":[{"href":"https:\/\/kingpolo.hu\/en\/wp-json\/wp\/v2\/media?parent=2716"}],"wp:term":[{"taxonomy":"product_brand","embeddable":true,"href":"https:\/\/kingpolo.hu\/en\/wp-json\/wp\/v2\/product_brand?post=2716"},{"taxonomy":"product_cat","embeddable":true,"href":"https:\/\/kingpolo.hu\/en\/wp-json\/wp\/v2\/product_cat?post=2716"},{"taxonomy":"product_tag","embeddable":true,"href":"https:\/\/kingpolo.hu\/en\/wp-json\/wp\/v2\/product_tag?post=2716"}],"curies":[{"name":"wp","href":"https:\/\/api.w.org\/{rel}","templated":true}]}}