{"id":2674,"date":"2025-10-10T07:01:24","date_gmt":"2025-10-10T07:01:24","guid":{"rendered":"https:\/\/kingpolo.hu\/termek\/karacsonyi-szarvas-bogre-a-betu-teli-kollekcio\/"},"modified":"2025-10-10T07:27:18","modified_gmt":"2025-10-10T07:27:18","slug":"karacsonyi-bogre-a-betu-teli-kollekcio","status":"publish","type":"product","link":"https:\/\/kingpolo.hu\/en\/product\/karacsonyi-bogre-a-betu-teli-kollekcio\/","title":{"rendered":"Kar\u00e1csonyi  b\u00f6gre \u2013 A bet\u0171 | T\u00e9li Kollekci\u00f3"},"content":{"rendered":"<p data-start=\"433\" data-end=\"783\">Tedd szem\u00e9lyess\u00e9 az \u00fcnnepi hangulatot ezzel a gy\u00f6ny\u00f6r\u0171, t\u00e9li st\u00edlus\u00fa b\u00f6gr\u00e9vel!<br data-start=\"517\" data-end=\"520\" \/>Minden Kar\u00e1csonyi\u00a0 b\u00f6gre egyedi <strong data-start=\"540\" data-end=\"555\">inici\u00e1l\u00e9val<\/strong> k\u00e9sz\u00fclt, amelyet csillog\u00f3, havas vir\u00e1gok, feny\u0151\u00e1gak \u00e9s egy eleg\u00e1ns szarvas d\u00edsz\u00edt.<br data-start=\"638\" data-end=\"641\" \/>T\u00f6k\u00e9letes aj\u00e1nd\u00e9k kar\u00e1csonyra, n\u00e9vnapra vagy ak\u00e1r saj\u00e1t haszn\u00e1latra \u2013 mert a forr\u00f3 kaka\u00f3, k\u00e1v\u00e9 vagy tea ebben mindig k\u00fcl\u00f6nleges \u00e9lm\u00e9ny. \ud83c\udf85\u2744\ufe0f<\/p>\n<p>n<\/p>\n<p data-start=\"785\" data-end=\"799\"><strong data-start=\"785\" data-end=\"799\">R\u00e9szletek:<\/strong><\/p>\n<ul data-start=\"800\" data-end=\"989\">\n<li data-start=\"800\" data-end=\"840\">\n<p data-start=\"802\" data-end=\"840\">11 oz \/ 330 ml pr\u00e9mium ker\u00e1mia b\u00f6gre<\/p>\n<\/li>\n<li data-start=\"841\" data-end=\"898\">\n<p data-start=\"843\" data-end=\"898\">Piros, fekete vagy navy (s\u00f6t\u00e9tk\u00e9k) sz\u00edn\u0171 bels\u0151 \u00e9s f\u00fcl<\/p>\n<\/li>\n<li data-start=\"899\" data-end=\"956\">\n<p data-start=\"901\" data-end=\"956\">Mosogat\u00f3g\u00e9pben \u00e9s mikrohull\u00e1m\u00fa s\u00fct\u0151ben is haszn\u00e1lhat\u00f3<\/p>\n<\/li>\n<li data-start=\"957\" data-end=\"989\">\n<p data-start=\"959\" data-end=\"989\">A minta nem fakul, nem kopik<\/p>\n<\/li>\n<\/ul>","protected":false},"excerpt":{"rendered":"<p>Tedd szem\u00e9lyess\u00e9 az \u00fcnnepi hangulatot ezzel a gy\u00f6ny\u00f6r\u0171, t\u00e9li st\u00edlus\u00fa b\u00f6gr\u00e9vel!Minden Kar\u00e1csonyi\u00a0 b\u00f6gre egyedi inici\u00e1l\u00e9val k\u00e9sz\u00fclt, amelyet csillog\u00f3, havas vir\u00e1gok, [&hellip;]<\/p>\n","protected":false},"featured_media":2678,"comment_status":"open","ping_status":"closed","template":"","meta":{"site-sidebar-layout":"default","site-content-layout":"","ast-site-content-layout":"default","site-content-style":"default","site-sidebar-style":"default","ast-global-header-display":"","ast-banner-title-visibility":"","ast-main-header-display":"","ast-hfb-above-header-display":"","ast-hfb-below-header-display":"","ast-hfb-mobile-header-display":"","site-post-title":"","ast-breadcrumbs-content":"","ast-featured-img":"","footer-sml-layout":"","ast-disable-related-posts":"","theme-transparent-header-meta":"default","adv-header-id-meta":"","stick-header-meta":"","header-above-stick-meta":"","header-main-stick-meta":"","header-below-stick-meta":"","astra-migrate-meta-layouts":"set","ast-page-background-enabled":"default","ast-page-background-meta":{"desktop":{"background-color":"var(--ast-global-color-4)","background-image":"","background-repeat":"repeat","background-position":"center center","background-size":"auto","background-attachment":"scroll","background-type":"","background-media":"","overlay-type":"","overlay-color":"","overlay-opacity":"","overlay-gradient":""},"tablet":{"background-color":"","background-image":"","background-repeat":"repeat","background-position":"center center","background-size":"auto","background-attachment":"scroll","background-type":"","background-media":"","overlay-type":"","overlay-color":"","overlay-opacity":"","overlay-gradient":""},"mobile":{"background-color":"","background-image":"","background-repeat":"repeat","background-position":"center center","background-size":"auto","background-attachment":"scroll","background-type":"","background-media":"","overlay-type":"","overlay-color":"","overlay-opacity":"","overlay-gradient":""}},"ast-content-background-meta":{"desktop":{"background-color":"var(--ast-global-color-5)","background-image":"","background-repeat":"repeat","background-position":"center center","background-size":"auto","background-attachment":"scroll","background-type":"","background-media":"","overlay-type":"","overlay-color":"","overlay-opacity":"","overlay-gradient":""},"tablet":{"background-color":"var(--ast-global-color-5)","background-image":"","background-repeat":"repeat","background-position":"center center","background-size":"auto","background-attachment":"scroll","background-type":"","background-media":"","overlay-type":"","overlay-color":"","overlay-opacity":"","overlay-gradient":""},"mobile":{"background-color":"var(--ast-global-color-5)","background-image":"","background-repeat":"repeat","background-position":"center center","background-size":"auto","background-attachment":"scroll","background-type":"","background-media":"","overlay-type":"","overlay-color":"","overlay-opacity":"","overlay-gradient":""}}},"product_brand":[],"product_cat":[48],"product_tag":[177,169,167,170,171,176,166,174,172,119,168,175,173],"class_list":{"0":"post-2674","1":"product","2":"type-product","3":"status-publish","4":"has-post-thumbnail","6":"product_cat-bogre","7":"product_tag-a-betus-bogre","8":"product_tag-ajandek","9":"product_tag-betus-bogre","10":"product_tag-christmas-mug","11":"product_tag-deer-mug","12":"product_tag-handmade-mug","13":"product_tag-karacsonyi-bogre","14":"product_tag-kingpolo","15":"product_tag-letter-mug","16":"product_tag-personalized-mug","17":"product_tag-szarvas-bogre","18":"product_tag-unnepi-ajandek","19":"product_tag-winter-gift","20":"product_shipping_class-csomagok","21":"desktop-align-center","22":"tablet-align-center","23":"mobile-align-center","25":"first","26":"instock","27":"taxable","28":"shipping-taxable","29":"purchasable","30":"product-type-variable","31":"has-default-attributes"},"aioseo_notices":[],"_links":{"self":[{"href":"https:\/\/kingpolo.hu\/en\/wp-json\/wp\/v2\/product\/2674","targetHints":{"allow":["GET"]}}],"collection":[{"href":"https:\/\/kingpolo.hu\/en\/wp-json\/wp\/v2\/product"}],"about":[{"href":"https:\/\/kingpolo.hu\/en\/wp-json\/wp\/v2\/types\/product"}],"replies":[{"embeddable":true,"href":"https:\/\/kingpolo.hu\/en\/wp-json\/wp\/v2\/comments?post=2674"}],"wp:featuredmedia":[{"embeddable":true,"href":"https:\/\/kingpolo.hu\/en\/wp-json\/wp\/v2\/media\/2678"}],"wp:attachment":[{"href":"https:\/\/kingpolo.hu\/en\/wp-json\/wp\/v2\/media?parent=2674"}],"wp:term":[{"taxonomy":"product_brand","embeddable":true,"href":"https:\/\/kingpolo.hu\/en\/wp-json\/wp\/v2\/product_brand?post=2674"},{"taxonomy":"product_cat","embeddable":true,"href":"https:\/\/kingpolo.hu\/en\/wp-json\/wp\/v2\/product_cat?post=2674"},{"taxonomy":"product_tag","embeddable":true,"href":"https:\/\/kingpolo.hu\/en\/wp-json\/wp\/v2\/product_tag?post=2674"}],"curies":[{"name":"wp","href":"https:\/\/api.w.org\/{rel}","templated":true}]}}