{"id":2617,"date":"2025-10-09T08:45:01","date_gmt":"2025-10-09T08:45:01","guid":{"rendered":"https:\/\/kingpolo.hu\/termek\/colorful-accent-coffee-mug-cheerful-morning-drinkware-for-coffee-enthusiasts-tea-lovers-birthday-holiday-gift-microwave-dishwasher\/"},"modified":"2025-11-02T12:49:02","modified_gmt":"2025-11-02T12:49:02","slug":"vidam-bogre-cheerful-morning-drinkware-for-coffee-enthusiasts-tea-lovers","status":"publish","type":"product","link":"https:\/\/kingpolo.hu\/en\/product\/vidam-bogre-cheerful-morning-drinkware-for-coffee-enthusiasts-tea-lovers\/","title":{"rendered":"Vid\u00e1m B\u00f6gre \u2013 Hangulatb\u00f6gre Sz\u00ednes Bel- \u00e9s F\u00fclr\u00e9sszel"},"content":{"rendered":"<p><!--StartFragment -->Kezdd a napot sz\u00ednes j\u00f3kedvvel ezzel a k\u00fcl\u00f6nleges <strong>Sz\u00ednes Hangulatb\u00f6gr\u00e9vel<\/strong>!<br \/>\nThis <strong>Vid\u00e1m B\u00f6gre<\/strong> pr\u00e9mium ker\u00e1mia anyagb\u00f3l k\u00e9sz\u00fclt b\u00f6gre bels\u0151 \u00e9s f\u00fcle \u00e9l\u00e9nk sz\u00edn\u0171, \u00edgy m\u00e1r az els\u0151 korty el\u0151tt feldobja a reggeled. A k\u00fcls\u0151 feh\u00e9r, sima fel\u00fclet eleg\u00e1ns megjelen\u00e9st biztos\u00edt, mik\u00f6zben a b\u00f6gre 3 dl-es (11oz) m\u00e9rete t\u00f6k\u00e9letes k\u00e1v\u00e9hoz, te\u00e1hoz vagy forr\u00f3 csokihoz.<\/p>\n<p>Aj\u00e1nd\u00e9knak is kiv\u00e1l\u00f3 v\u00e1laszt\u00e1s \u2013 sz\u00fclet\u00e9snapra, n\u00e9vnapra, kar\u00e1csonyra vagy csak \u00fagy, hogy mosolyt csalj valaki arc\u00e1ra.<\/p>\n<p><strong>Jellemz\u0151k:<\/strong><\/p>\n<ul>\n<li>\u00c9l\u00e9nk sz\u00ednek, amelyek feldobj\u00e1k a napod<\/li>\n<li>Pr\u00e9mium ker\u00e1mia, tart\u00f3s haszn\u00e1latra<\/li>\n<li>K\u00e9nyelmes fog\u00e1s, praktikus iv\u00e1s<\/li>\n<li>Mosogat\u00f3g\u00e9p- \u00e9s mikr\u00f3bar\u00e1t<\/li>\n<li>T\u00f6k\u00e9letes k\u00e1v\u00e9hoz, te\u00e1hoz, forr\u00f3 italokhoz<\/li>\n<li>Feh\u00e9r k\u00fcls\u0151, sz\u00ednes bels\u0151 \u00e9s f\u00fcl<\/li>\n<\/ul>\n<p><strong>\u00c1pol\u00e1si \u00fatmutat\u00f3:<\/strong><\/p>\n<ul>\n<li>Mosogat\u00f3g\u00e9pben tiszt\u00edthat\u00f3, vagy k\u00e9zzel meleg v\u00edzzel \u00e9s mosogat\u00f3szerrel<\/li>\n<\/ul>\n<p><!--EndFragment --><\/p>","protected":false},"excerpt":{"rendered":"<p>Vid\u00e1m reggelekhez sz\u00ednes ker\u00e1miab\u00f6gre \u2013 3 dl-es, mosogat\u00f3g\u00e9p- \u00e9s mikr\u00f3bar\u00e1t, aj\u00e1nd\u00e9knak is t\u00f6k\u00e9letes! \u2615\ud83c\udf08<\/p>","protected":false},"featured_media":2627,"comment_status":"open","ping_status":"closed","template":"","meta":{"site-sidebar-layout":"default","site-content-layout":"","ast-site-content-layout":"default","site-content-style":"default","site-sidebar-style":"default","ast-global-header-display":"","ast-banner-title-visibility":"","ast-main-header-display":"","ast-hfb-above-header-display":"","ast-hfb-below-header-display":"","ast-hfb-mobile-header-display":"","site-post-title":"","ast-breadcrumbs-content":"","ast-featured-img":"","footer-sml-layout":"","ast-disable-related-posts":"","theme-transparent-header-meta":"default","adv-header-id-meta":"","stick-header-meta":"","header-above-stick-meta":"","header-main-stick-meta":"","header-below-stick-meta":"","astra-migrate-meta-layouts":"set","ast-page-background-enabled":"default","ast-page-background-meta":{"desktop":{"background-color":"var(--ast-global-color-4)","background-image":"","background-repeat":"repeat","background-position":"center center","background-size":"auto","background-attachment":"scroll","background-type":"","background-media":"","overlay-type":"","overlay-color":"","overlay-opacity":"","overlay-gradient":""},"tablet":{"background-color":"","background-image":"","background-repeat":"repeat","background-position":"center center","background-size":"auto","background-attachment":"scroll","background-type":"","background-media":"","overlay-type":"","overlay-color":"","overlay-opacity":"","overlay-gradient":""},"mobile":{"background-color":"","background-image":"","background-repeat":"repeat","background-position":"center center","background-size":"auto","background-attachment":"scroll","background-type":"","background-media":"","overlay-type":"","overlay-color":"","overlay-opacity":"","overlay-gradient":""}},"ast-content-background-meta":{"desktop":{"background-color":"var(--ast-global-color-5)","background-image":"","background-repeat":"repeat","background-position":"center center","background-size":"auto","background-attachment":"scroll","background-type":"","background-media":"","overlay-type":"","overlay-color":"","overlay-opacity":"","overlay-gradient":""},"tablet":{"background-color":"var(--ast-global-color-5)","background-image":"","background-repeat":"repeat","background-position":"center center","background-size":"auto","background-attachment":"scroll","background-type":"","background-media":"","overlay-type":"","overlay-color":"","overlay-opacity":"","overlay-gradient":""},"mobile":{"background-color":"var(--ast-global-color-5)","background-image":"","background-repeat":"repeat","background-position":"center center","background-size":"auto","background-attachment":"scroll","background-type":"","background-media":"","overlay-type":"","overlay-color":"","overlay-opacity":"","overlay-gradient":""}}},"product_brand":[178],"product_cat":[48],"product_tag":[397,266,222,270,115,165,118,126,116,95,119,241],"class_list":{"0":"post-2617","1":"product","2":"type-product","3":"status-publish","4":"has-post-thumbnail","6":"product_brand-kingpolo","7":"product_cat-bogre","8":"product_tag-accent-mug","9":"product_tag-ajandek-otlet","10":"product_tag-christmas-gift-idea","11":"product_tag-coffee-lovers-gift","12":"product_tag-coffee-mug","13":"product_tag-funny-coffee-mug","14":"product_tag-funny-gift","15":"product_tag-gift-for-friend","16":"product_tag-keramia-bogre","17":"product_tag-personalized-gift","18":"product_tag-personalized-mug","19":"product_tag-unisex-gift","20":"product_shipping_class-csomagok","21":"desktop-align-center","22":"tablet-align-center","23":"mobile-align-center","25":"first","26":"instock","27":"taxable","28":"shipping-taxable","29":"purchasable","30":"product-type-variable","31":"has-default-attributes"},"aioseo_notices":[],"_links":{"self":[{"href":"https:\/\/kingpolo.hu\/en\/wp-json\/wp\/v2\/product\/2617","targetHints":{"allow":["GET"]}}],"collection":[{"href":"https:\/\/kingpolo.hu\/en\/wp-json\/wp\/v2\/product"}],"about":[{"href":"https:\/\/kingpolo.hu\/en\/wp-json\/wp\/v2\/types\/product"}],"replies":[{"embeddable":true,"href":"https:\/\/kingpolo.hu\/en\/wp-json\/wp\/v2\/comments?post=2617"}],"wp:featuredmedia":[{"embeddable":true,"href":"https:\/\/kingpolo.hu\/en\/wp-json\/wp\/v2\/media\/2627"}],"wp:attachment":[{"href":"https:\/\/kingpolo.hu\/en\/wp-json\/wp\/v2\/media?parent=2617"}],"wp:term":[{"taxonomy":"product_brand","embeddable":true,"href":"https:\/\/kingpolo.hu\/en\/wp-json\/wp\/v2\/product_brand?post=2617"},{"taxonomy":"product_cat","embeddable":true,"href":"https:\/\/kingpolo.hu\/en\/wp-json\/wp\/v2\/product_cat?post=2617"},{"taxonomy":"product_tag","embeddable":true,"href":"https:\/\/kingpolo.hu\/en\/wp-json\/wp\/v2\/product_tag?post=2617"}],"curies":[{"name":"wp","href":"https:\/\/api.w.org\/{rel}","templated":true}]}}