{"id":2529,"date":"2025-09-09T12:49:30","date_gmt":"2025-09-09T12:49:30","guid":{"rendered":"https:\/\/kingpolo.hu\/termek\/skull-quote-t-shirt\/"},"modified":"2025-09-09T16:55:35","modified_gmt":"2025-09-09T16:55:35","slug":"az-elet-jatek-skull-quote-t-shirt","status":"publish","type":"product","link":"https:\/\/kingpolo.hu\/en\/product\/az-elet-jatek-skull-quote-t-shirt\/","title":{"rendered":"Life Is a Game P\u00f3l\u00f3 \u2013 Az \u00e9let j\u00e1t\u00e9k-J\u00e1t\u00e9kos vagy J\u00e1t\u00e9kszer"},"content":{"rendered":"<p data-start=\"1669\" data-end=\"1944\">The <em data-start=\"1681\" data-end=\"1709\">Life Is a Game Unisex P\u00f3l\u00f3<\/em> &#8211; Az \u00e9let j\u00e1t\u00e9k nem csak ruhadarab \u2013 ez egy \u00e9let\u00e9rz\u00e9s. A koptatott, urban st\u00edlus\u00fa grafik\u00e1val minden szettbe hoz egy kis vag\u00e1nys\u00e1got. Legyen sz\u00f3 gamerekr\u0151l, streetwear rajong\u00f3kr\u00f3l vagy id\u00e9zeteket kedvel\u0151kr\u0151l, ez a p\u00f3l\u00f3 mindig er\u0151s \u00fczenetet k\u00f6zvet\u00edt.<\/p>\n<ul data-start=\"1946\" data-end=\"2194\">\n<li data-start=\"1946\" data-end=\"1995\">\n<p data-start=\"1948\" data-end=\"1995\">Puha, k\u00f6nny\u0171 pamut az eg\u00e9sz napos k\u00e9nyelem\u00e9rt<\/p>\n<\/li>\n<li data-start=\"1996\" data-end=\"2051\">\n<p data-start=\"1998\" data-end=\"2051\">Tart\u00f3s, bord\u00e1zott gall\u00e9r \u00e9s meger\u0151s\u00edtett v\u00e1llvarr\u00e1s<\/p>\n<\/li>\n<li data-start=\"2052\" data-end=\"2102\">\n<p data-start=\"2054\" data-end=\"2102\">Egyedi, koptatott grafika vag\u00e1ny megjelen\u00e9shez<\/p>\n<\/li>\n<li data-start=\"2103\" data-end=\"2194\">\n<p data-start=\"2105\" data-end=\"2194\">Ide\u00e1lis gaming esem\u00e9nyekre, laza \u00f6sszej\u00f6vetelekre vagy aj\u00e1nd\u00e9knak er\u0151s szem\u00e9lyis\u00e9geknek<\/p>\n<\/li>\n<\/ul>\n<p data-start=\"2196\" data-end=\"2220\"><strong data-start=\"2196\" data-end=\"2218\">Kezel\u00e9si \u00fatmutat\u00f3:<\/strong><\/p>\n<ul data-start=\"2221\" data-end=\"2377\">\n<li data-start=\"2221\" data-end=\"2267\">\n<p data-start=\"2223\" data-end=\"2267\">Mos\u00f3g\u00e9pben hideg v\u00edzben, hasonl\u00f3 sz\u00ednekkel<\/p>\n<\/li>\n<li data-start=\"2268\" data-end=\"2302\">\n<p data-start=\"2270\" data-end=\"2302\">Ne feh\u00e9r\u00edtsd, ne vegytiszt\u00edtsd<\/p>\n<\/li>\n<li data-start=\"2303\" data-end=\"2346\">\n<p data-start=\"2305\" data-end=\"2346\">Sz\u00e1r\u00edt\u00f3g\u00e9pben alacsony h\u0151fokon sz\u00e1r\u00edtsd<\/p>\n<\/li>\n<li data-start=\"2347\" data-end=\"2377\">\n<p data-start=\"2349\" data-end=\"2377\">Alacsony h\u0151fokon vasalhat\u00f3<\/p>\n<\/li>\n<\/ul>\n<table id=\"size-guide\" style=\"min-width: 360px;\">\n<thead>\n<tr>\n<th style=\"padding: 10px;\"><\/th>\n<th style=\"color: #000000; font-weight: 500; text-align: left; font-size: 15px; padding: 10px;\">S<\/th>\n<th style=\"color: #000000; font-weight: 500; text-align: left; font-size: 15px; padding: 10px;\">M<\/th>\n<th style=\"color: #000000; font-weight: 500; text-align: left; font-size: 15px; padding: 10px;\">L<\/th>\n<th style=\"color: #000000; font-weight: 500; text-align: left; font-size: 15px; padding: 10px;\">XL<\/th>\n<th style=\"color: #000000; font-weight: 500; text-align: left; font-size: 15px; padding: 10px;\">2XL<\/th>\n<th style=\"color: #000000; font-weight: 500; text-align: left; font-size: 15px; padding: 10px;\">3XL<\/th>\n<th style=\"color: #000000; font-weight: 500; text-align: left; font-size: 15px; padding: 10px;\">4XL<\/th>\n<th style=\"color: #000000; font-weight: 500; text-align: left; font-size: 15px; padding: 10px;\">5XL<\/th>\n<\/tr>\n<\/thead>\n<tbody>\n<tr>\n<td style=\"padding: 10px; color: #525252; font-size: 15px; border-top: 1px solid #ededed;\">Width, in<\/td>\n<td style=\"padding: 10px; color: #525252; font-size: 15px; border-top: 1px solid #ededed;\">18.00<\/td>\n<td style=\"padding: 10px; color: #525252; font-size: 15px; border-top: 1px solid #ededed;\">20.00<\/td>\n<td style=\"padding: 10px; color: #525252; font-size: 15px; border-top: 1px solid #ededed;\">22.00<\/td>\n<td style=\"padding: 10px; color: #525252; font-size: 15px; border-top: 1px solid #ededed;\">24.00<\/td>\n<td style=\"padding: 10px; color: #525252; font-size: 15px; border-top: 1px solid #ededed;\">26.00<\/td>\n<td style=\"padding: 10px; color: #525252; font-size: 15px; border-top: 1px solid #ededed;\">28.00<\/td>\n<td style=\"padding: 10px; color: #525252; font-size: 15px; border-top: 1px solid #ededed;\">30.00<\/td>\n<td style=\"padding: 10px; color: #525252; font-size: 15px; border-top: 1px solid #ededed;\">32.00<\/td>\n<\/tr>\n<tr>\n<td style=\"padding: 10px; color: #525252; font-size: 15px; border-top: 1px solid #ededed;\">Length, in<\/td>\n<td style=\"padding: 10px; color: #525252; font-size: 15px; border-top: 1px solid #ededed;\">28.00<\/td>\n<td style=\"padding: 10px; color: #525252; font-size: 15px; border-top: 1px solid #ededed;\">29.00<\/td>\n<td style=\"padding: 10px; color: #525252; font-size: 15px; border-top: 1px solid #ededed;\">30.00<\/td>\n<td style=\"padding: 10px; color: #525252; font-size: 15px; border-top: 1px solid #ededed;\">31.00<\/td>\n<td style=\"padding: 10px; color: #525252; font-size: 15px; border-top: 1px solid #ededed;\">32.00<\/td>\n<td style=\"padding: 10px; color: #525252; font-size: 15px; border-top: 1px solid #ededed;\">33.00<\/td>\n<td style=\"padding: 10px; color: #525252; font-size: 15px; border-top: 1px solid #ededed;\">34.00<\/td>\n<td style=\"padding: 10px; color: #525252; font-size: 15px; border-top: 1px solid #ededed;\">35.00<\/td>\n<\/tr>\n<tr>\n<td style=\"padding: 10px; color: #525252; font-size: 15px; border-top: 1px solid #ededed;\">Sleeve length, in<\/td>\n<td style=\"padding: 10px; color: #525252; font-size: 15px; border-top: 1px solid #ededed;\">8.23<\/td>\n<td style=\"padding: 10px; color: #525252; font-size: 15px; border-top: 1px solid #ededed;\">8.50<\/td>\n<td style=\"padding: 10px; color: #525252; font-size: 15px; border-top: 1px solid #ededed;\">8.74<\/td>\n<td style=\"padding: 10px; color: #525252; font-size: 15px; border-top: 1px solid #ededed;\">9.02<\/td>\n<td style=\"padding: 10px; color: #525252; font-size: 15px; border-top: 1px solid #ededed;\">9.25<\/td>\n<td style=\"padding: 10px; color: #525252; font-size: 15px; border-top: 1px solid #ededed;\">9.49<\/td>\n<td style=\"padding: 10px; color: #525252; font-size: 15px; border-top: 1px solid #ededed;\">9.72<\/td>\n<td style=\"padding: 10px; color: #525252; font-size: 15px; border-top: 1px solid #ededed;\">9.96<\/td>\n<\/tr>\n<tr>\n<td style=\"padding: 10px; color: #525252; font-size: 15px; border-top: 1px solid #ededed;\">Size tolerance, in<\/td>\n<td style=\"padding: 10px; color: #525252; font-size: 15px; border-top: 1px solid #ededed;\">1.50<\/td>\n<td style=\"padding: 10px; color: #525252; font-size: 15px; border-top: 1px solid #ededed;\">1.50<\/td>\n<td style=\"padding: 10px; color: #525252; font-size: 15px; border-top: 1px solid #ededed;\">1.50<\/td>\n<td style=\"padding: 10px; color: #525252; font-size: 15px; border-top: 1px solid #ededed;\">1.50<\/td>\n<td style=\"padding: 10px; color: #525252; font-size: 15px; border-top: 1px solid #ededed;\">1.50<\/td>\n<td style=\"padding: 10px; color: #525252; font-size: 15px; border-top: 1px solid #ededed;\">1.50<\/td>\n<td style=\"padding: 10px; color: #525252; font-size: 15px; border-top: 1px solid #ededed;\">1.50<\/td>\n<td style=\"padding: 10px; color: #525252; font-size: 15px; border-top: 1px solid #ededed;\">1.50<\/td>\n<\/tr>\n<\/tbody>\n<\/table>\n<p>&nbsp;<\/p>","protected":false},"excerpt":{"rendered":"<p>A Life Is a Game Unisex P\u00f3l\u00f3 &#8211; Az \u00e9let j\u00e1t\u00e9k nem csak ruhadarab \u2013 ez egy \u00e9let\u00e9rz\u00e9s. A koptatott, [&hellip;]<\/p>\n","protected":false},"featured_media":2565,"comment_status":"open","ping_status":"closed","template":"","meta":{"site-sidebar-layout":"default","site-content-layout":"","ast-site-content-layout":"default","site-content-style":"default","site-sidebar-style":"default","ast-global-header-display":"","ast-banner-title-visibility":"","ast-main-header-display":"","ast-hfb-above-header-display":"","ast-hfb-below-header-display":"","ast-hfb-mobile-header-display":"","site-post-title":"","ast-breadcrumbs-content":"","ast-featured-img":"","footer-sml-layout":"","ast-disable-related-posts":"","theme-transparent-header-meta":"default","adv-header-id-meta":"","stick-header-meta":"","header-above-stick-meta":"","header-main-stick-meta":"","header-below-stick-meta":"","astra-migrate-meta-layouts":"set","ast-page-background-enabled":"default","ast-page-background-meta":{"desktop":{"background-color":"var(--ast-global-color-4)","background-image":"","background-repeat":"repeat","background-position":"center center","background-size":"auto","background-attachment":"scroll","background-type":"","background-media":"","overlay-type":"","overlay-color":"","overlay-opacity":"","overlay-gradient":""},"tablet":{"background-color":"","background-image":"","background-repeat":"repeat","background-position":"center center","background-size":"auto","background-attachment":"scroll","background-type":"","background-media":"","overlay-type":"","overlay-color":"","overlay-opacity":"","overlay-gradient":""},"mobile":{"background-color":"","background-image":"","background-repeat":"repeat","background-position":"center center","background-size":"auto","background-attachment":"scroll","background-type":"","background-media":"","overlay-type":"","overlay-color":"","overlay-opacity":"","overlay-gradient":""}},"ast-content-background-meta":{"desktop":{"background-color":"var(--ast-global-color-5)","background-image":"","background-repeat":"repeat","background-position":"center center","background-size":"auto","background-attachment":"scroll","background-type":"","background-media":"","overlay-type":"","overlay-color":"","overlay-opacity":"","overlay-gradient":""},"tablet":{"background-color":"var(--ast-global-color-5)","background-image":"","background-repeat":"repeat","background-position":"center center","background-size":"auto","background-attachment":"scroll","background-type":"","background-media":"","overlay-type":"","overlay-color":"","overlay-opacity":"","overlay-gradient":""},"mobile":{"background-color":"var(--ast-global-color-5)","background-image":"","background-repeat":"repeat","background-position":"center center","background-size":"auto","background-attachment":"scroll","background-type":"","background-media":"","overlay-type":"","overlay-color":"","overlay-opacity":"","overlay-gradient":""}}},"product_brand":[],"product_cat":[29],"product_tag":[146,144,150,145,143,149,148,147],"class_list":{"0":"post-2529","1":"product","2":"type-product","3":"status-publish","4":"has-post-thumbnail","6":"product_cat-polo","7":"product_tag-gamer-idezet-polo","8":"product_tag-gamer-polo","9":"product_tag-gamer-quote-shirt","10":"product_tag-gamer-t-shirt","11":"product_tag-life-is-a-game-polo","12":"product_tag-streetwear-polo","13":"product_tag-unisex-grafikai-polo","14":"product_tag-unisex-graphic-tee","15":"product_shipping_class-csomagok","16":"desktop-align-center","17":"tablet-align-center","18":"mobile-align-center","20":"first","21":"instock","22":"taxable","23":"shipping-taxable","24":"purchasable","25":"product-type-variable","26":"has-default-attributes"},"aioseo_notices":[],"_links":{"self":[{"href":"https:\/\/kingpolo.hu\/en\/wp-json\/wp\/v2\/product\/2529","targetHints":{"allow":["GET"]}}],"collection":[{"href":"https:\/\/kingpolo.hu\/en\/wp-json\/wp\/v2\/product"}],"about":[{"href":"https:\/\/kingpolo.hu\/en\/wp-json\/wp\/v2\/types\/product"}],"replies":[{"embeddable":true,"href":"https:\/\/kingpolo.hu\/en\/wp-json\/wp\/v2\/comments?post=2529"}],"wp:featuredmedia":[{"embeddable":true,"href":"https:\/\/kingpolo.hu\/en\/wp-json\/wp\/v2\/media\/2565"}],"wp:attachment":[{"href":"https:\/\/kingpolo.hu\/en\/wp-json\/wp\/v2\/media?parent=2529"}],"wp:term":[{"taxonomy":"product_brand","embeddable":true,"href":"https:\/\/kingpolo.hu\/en\/wp-json\/wp\/v2\/product_brand?post=2529"},{"taxonomy":"product_cat","embeddable":true,"href":"https:\/\/kingpolo.hu\/en\/wp-json\/wp\/v2\/product_cat?post=2529"},{"taxonomy":"product_tag","embeddable":true,"href":"https:\/\/kingpolo.hu\/en\/wp-json\/wp\/v2\/product_tag?post=2529"}],"curies":[{"name":"wp","href":"https:\/\/api.w.org\/{rel}","templated":true}]}}