{"id":19,"date":"2024-12-13T18:21:49","date_gmt":"2024-12-13T18:21:49","guid":{"rendered":"https:\/\/kingpolo.hu\/?post_type=product&#038;p=19"},"modified":"2025-11-18T11:08:10","modified_gmt":"2025-11-18T11:08:10","slug":"print-on-demand-t-shirt-polo","status":"publish","type":"product","link":"https:\/\/kingpolo.hu\/en\/product\/print-on-demand-t-shirt-polo\/","title":{"rendered":"Print on Demand t-shirt \u2013 KingP\u00f3l\u00f3 egyedi mint\u00e1val"},"content":{"rendered":"<h2 data-start=\"137\" data-end=\"190\">\ud83d\udc55 <strong data-start=\"143\" data-end=\"190\">T-shirt \u2013 Royal appearance, all sizes!<\/strong><\/h2>\n<p data-start=\"192\" data-end=\"531\">Log in <strong data-start=\"202\" data-end=\"223\">KingP\u00f3l\u00f3 world<\/strong>where the t-shirt isn&#039;t just clothing \u2013 it&#039;s <strong data-start=\"264\" data-end=\"295\">message, style, and lifestyle<\/strong>!<br data-start=\"296\" data-end=\"299\" \/>This premium quality, <strong data-start=\"322\" data-end=\"347\">100% white polyester<\/strong> anyagb\u00f3l k\u00e9sz\u00fclt p\u00f3l\u00f3 t\u00f6k\u00e9letes v\u00e1laszt\u00e1s Print On Demand t-shirt <strong data-start=\"390\" data-end=\"415\">sublim\u00e1ci\u00f3s patterns<\/strong> \u2013 so the print is <strong data-start=\"431\" data-end=\"448\">a sharp glow<\/strong>no wear and tear, does not become fragmented, and always after washing again smile on your face! \u2600\ufe0f\ud83d\udca7<\/p>\n<h2 data-start=\"192\" data-end=\"531\">Mi\u00e9rt j\u00f3 v\u00e1laszt\u00e1s print on demand t-shirt?<\/h2>\n<p data-start=\"533\" data-end=\"672\">\ud83c\udfaf <strong data-start=\"536\" data-end=\"555\">Who is it for?<\/strong><br data-start=\"555\" data-end=\"558\" \/>For you, if you love me <strong data-start=\"577\" data-end=\"596\">unique to wear<\/strong>, to gift, or just simply <strong data-start=\"632\" data-end=\"652\">awesome look<\/strong> the weekdays too!<\/p>\n<p data-start=\"674\" data-end=\"697\">\ud83d\udccc <strong data-start=\"677\" data-end=\"697\">Product features:<\/strong><\/p>\n<ul data-start=\"698\" data-end=\"1042\">\n<li data-start=\"698\" data-end=\"752\">\n<p data-start=\"700\" data-end=\"752\">\ud83d\udc55 Material: 100% polyester \u2013 ds to ideal<\/p>\n<\/li>\n<li data-start=\"753\" data-end=\"815\">\n<p data-start=\"755\" data-end=\"815\">\ud83d\udca1 Perfectly keeps the prints, not crack, not fade<\/p>\n<\/li>\n<li data-start=\"816\" data-end=\"854\">\n<p data-start=\"818\" data-end=\"854\">\ud83c\udf2c\ufe0f Nice and breathable to wear<\/p>\n<\/li>\n<li data-start=\"855\" data-end=\"931\">\n<p data-start=\"857\" data-end=\"931\">\ud83c\udf81 Great gift, name day, a birthday, or just \u2013 because you deserve it<\/p>\n<\/li>\n<li data-start=\"932\" data-end=\"989\">\n<p data-start=\"934\" data-end=\"989\">\ud83d\udcd0 A variety of sizes available: S, M, L, XL, XXL, XXXL<\/p>\n<\/li>\n<li data-start=\"990\" data-end=\"1042\">\n<p data-start=\"992\" data-end=\"1042\">\ud83e\uddfc Washing machine at 40\u00b0C machine wash, inside out recommended<\/p>\n<\/li>\n<\/ul>\n<p data-start=\"1044\" data-end=\"1302\">\u26a0\ufe0f <strong data-start=\"1047\" data-end=\"1058\">Important:<\/strong> This t-shirt <strong data-start=\"1069\" data-end=\"1106\">sublimation printing is made<\/strong>so just <strong data-start=\"1117\" data-end=\"1165\">light base color, polyester-based samples<\/strong> select add!<br data-start=\"1180\" data-end=\"1183\" \/>If you have other printing technologies (e.g., Cameo or THEY) want, look around the <strong data-start=\"1259\" data-end=\"1288\">cotton t-shirt collection in our<\/strong> too soon!<\/p>\n<hr data-start=\"1304\" data-end=\"1307\" \/>\n<p data-start=\"1309\" data-end=\"1519\">\ud83d\udcac And if you have no idea what to print him?<br data-start=\"1349\" data-end=\"1352\" \/>Choose the <strong data-start=\"1363\" data-end=\"1384\">KING samples<\/strong>or <strong data-start=\"1391\" data-end=\"1417\">design your own artwork<\/strong>and put it unique in the \u2013 because you deserve that <strong data-start=\"1484\" data-end=\"1513\">the style crown be<\/strong>! \ud83d\udc51\u2764\ufe0f<\/p>","protected":false},"excerpt":{"rendered":"<p><a style=\"background: #222; color: #fff; padding: 10px 20px; border-radius: 6px; text-decoration: none; display: inline-block; margin-top: 10px;\" href=\"https:\/\/kingpolo.hu\/en\/merettablazat\/\" target=\"_blank\" rel=\"noopener\"><br \/>\n\ud83d\udccf <i class=\"fas fa-ruler-horizontal\"><\/i> Size chart<br \/>\n<\/a><\/p>","protected":false},"featured_media":961,"comment_status":"open","ping_status":"closed","template":"","meta":{"site-sidebar-layout":"default","site-content-layout":"","ast-site-content-layout":"default","site-content-style":"default","site-sidebar-style":"default","ast-global-header-display":"","ast-banner-title-visibility":"","ast-main-header-display":"","ast-hfb-above-header-display":"","ast-hfb-below-header-display":"","ast-hfb-mobile-header-display":"","site-post-title":"","ast-breadcrumbs-content":"","ast-featured-img":"","footer-sml-layout":"","ast-disable-related-posts":"","theme-transparent-header-meta":"default","adv-header-id-meta":"","stick-header-meta":"","header-above-stick-meta":"","header-main-stick-meta":"","header-below-stick-meta":"","astra-migrate-meta-layouts":"set","ast-page-background-enabled":"default","ast-page-background-meta":{"desktop":{"background-color":"var(--ast-global-color-4)","background-image":"","background-repeat":"repeat","background-position":"center center","background-size":"auto","background-attachment":"scroll","background-type":"","background-media":"","overlay-type":"","overlay-color":"","overlay-opacity":"","overlay-gradient":""},"tablet":{"background-color":"","background-image":"","background-repeat":"repeat","background-position":"center center","background-size":"auto","background-attachment":"scroll","background-type":"","background-media":"","overlay-type":"","overlay-color":"","overlay-opacity":"","overlay-gradient":""},"mobile":{"background-color":"","background-image":"","background-repeat":"repeat","background-position":"center center","background-size":"auto","background-attachment":"scroll","background-type":"","background-media":"","overlay-type":"","overlay-color":"","overlay-opacity":"","overlay-gradient":""}},"ast-content-background-meta":{"desktop":{"background-color":"var(--ast-global-color-5)","background-image":"","background-repeat":"repeat","background-position":"center center","background-size":"auto","background-attachment":"scroll","background-type":"","background-media":"","overlay-type":"","overlay-color":"","overlay-opacity":"","overlay-gradient":""},"tablet":{"background-color":"var(--ast-global-color-5)","background-image":"","background-repeat":"repeat","background-position":"center center","background-size":"auto","background-attachment":"scroll","background-type":"","background-media":"","overlay-type":"","overlay-color":"","overlay-opacity":"","overlay-gradient":""},"mobile":{"background-color":"var(--ast-global-color-5)","background-image":"","background-repeat":"repeat","background-position":"center center","background-size":"auto","background-attachment":"scroll","background-type":"","background-media":"","overlay-type":"","overlay-color":"","overlay-opacity":"","overlay-gradient":""}}},"product_brand":[178],"product_cat":[398],"product_tag":[82,85,88,79,80,83,86,81,87,84],"class_list":{"0":"post-19","1":"product","2":"type-product","3":"status-publish","4":"has-post-thumbnail","6":"product_brand-kingpolo","7":"product_cat-custom-design","8":"product_tag-ajandek-polo","9":"product_tag-custom-print-shirt","10":"product_tag-custom-t-shirt","11":"product_tag-egyedi-polo","12":"product_tag-feher-polo","13":"product_tag-feliratos-polo","14":"product_tag-personalized-gift-shirt","15":"product_tag-print-on-demand","16":"product_tag-sublimation-t-shirt","17":"product_tag-unique-design-tee","18":"product_shipping_class-csomagok","19":"desktop-align-center","20":"tablet-align-center","21":"mobile-align-center","23":"first","24":"instock","25":"taxable","26":"shipping-taxable","27":"purchasable","28":"product-type-variable"},"aioseo_notices":[],"_links":{"self":[{"href":"https:\/\/kingpolo.hu\/en\/wp-json\/wp\/v2\/product\/19","targetHints":{"allow":["GET"]}}],"collection":[{"href":"https:\/\/kingpolo.hu\/en\/wp-json\/wp\/v2\/product"}],"about":[{"href":"https:\/\/kingpolo.hu\/en\/wp-json\/wp\/v2\/types\/product"}],"replies":[{"embeddable":true,"href":"https:\/\/kingpolo.hu\/en\/wp-json\/wp\/v2\/comments?post=19"}],"wp:featuredmedia":[{"embeddable":true,"href":"https:\/\/kingpolo.hu\/en\/wp-json\/wp\/v2\/media\/961"}],"wp:attachment":[{"href":"https:\/\/kingpolo.hu\/en\/wp-json\/wp\/v2\/media?parent=19"}],"wp:term":[{"taxonomy":"product_brand","embeddable":true,"href":"https:\/\/kingpolo.hu\/en\/wp-json\/wp\/v2\/product_brand?post=19"},{"taxonomy":"product_cat","embeddable":true,"href":"https:\/\/kingpolo.hu\/en\/wp-json\/wp\/v2\/product_cat?post=19"},{"taxonomy":"product_tag","embeddable":true,"href":"https:\/\/kingpolo.hu\/en\/wp-json\/wp\/v2\/product_tag?post=19"}],"curies":[{"name":"wp","href":"https:\/\/api.w.org\/{rel}","templated":true}]}}