{"id":1630,"date":"2025-07-21T14:57:25","date_gmt":"2025-07-21T14:57:25","guid":{"rendered":"https:\/\/kingpolo.hu\/?post_type=product&#038;p=1630"},"modified":"2025-11-18T11:10:34","modified_gmt":"2025-11-18T11:10:34","slug":"coffee-mug-bogre","status":"publish","type":"product","link":"https:\/\/kingpolo.hu\/en\/product\/coffee-mug-bogre\/","title":{"rendered":"Coffee mug-Unique mugs, Gifts and home use"},"content":{"rendered":"<h2 data-start=\"222\" data-end=\"266\">\u2615 <strong data-start=\"227\" data-end=\"266\">Mug \u2013 Royal sip all day<\/strong><\/h2>\n<p data-start=\"268\" data-end=\"465\">L\u00e9gy \u00fcdv\u00f6z\u00f6lve a kir\u00e1lys\u00e1gban, ahol m\u00e9g a reggeli k\u00e1v\u00e9d is koron\u00e1t kap ebben az egyedi Coffee mug -ban! \ud83d\udc51<br data-start=\"342\" data-end=\"345\" \/>This stylish, premium quality <strong data-start=\"377\" data-end=\"395\">KingP\u00f3l\u00f3 mug<\/strong> not only warm your hands, but with pride in the heart.<\/p>\n<h2 data-start=\"268\" data-end=\"465\">Mi\u00e9rt\u00a0 a Coffee mug?<\/h2>\n<p>&nbsp;<\/p>\n<p data-start=\"467\" data-end=\"790\">\ud83c\udf81 <strong data-start=\"470\" data-end=\"497\">Present perfect<\/strong> \u2013 whether for birthday, name day, or just because someone deserves the coronation!<br data-start=\"589\" data-end=\"592\" \/>\u2615 <strong data-start=\"594\" data-end=\"609\">Capacity:<\/strong> 3 dl \u2013 just enough for a strong breakfast to get you started.<br data-start=\"657\" data-end=\"660\" \/>\ud83d\udd25 <strong data-start=\"663\" data-end=\"693\">Microwave and dishwasher-friendly<\/strong> \u2013 because you&#039;re a king you shouldn&#039;t spend too much time in the kitchen.<br data-start=\"759\" data-end=\"762\" \/>\u2728 <strong data-start=\"764\" data-end=\"788\" data-is-only-node=\"\">Select export:<\/strong><\/p>\n<ul data-start=\"791\" data-end=\"843\">\n<li data-start=\"791\" data-end=\"811\">\n<p data-start=\"793\" data-end=\"811\">White classic<\/p>\n<\/li>\n<li data-start=\"812\" data-end=\"843\">\n<p data-start=\"814\" data-end=\"843\">Spoonful extra charm \ud83d\udcab<\/p>\n<\/li>\n<\/ul>\n<p data-start=\"326\" data-end=\"486\">This <strong data-start=\"421\" data-end=\"429\">KING<\/strong> mug is for you, if you don&#039;t like cliche things.<\/p>\n<ul data-start=\"487\" data-end=\"638\">\n<li data-start=\"487\" data-end=\"527\">\n<p data-start=\"489\" data-end=\"527\">Cool enough to gift be<\/p>\n<\/li>\n<li data-start=\"528\" data-end=\"574\">\n<p data-start=\"530\" data-end=\"574\">Pretty cool to keep to yourself<\/p>\n<\/li>\n<li data-start=\"575\" data-end=\"638\">\n<p data-start=\"577\" data-end=\"638\">It&#039;s pretty cool to be able to wake up every morning a little bit better from<\/p>\n<\/li>\n<\/ul>\n<p data-start=\"845\" data-end=\"1051\">Even alone, drink coffee, or something special you&#039;re looking for a memorable gift, this mug is always a good choice.<br data-start=\"955\" data-end=\"958\" \/><strong data-start=\"1849\" data-end=\"1934\">Mine is with a smile and look the way into magic, it becomes a simple tea.<\/strong> \ud83d\udcab \ud83d\udc96<\/p>","protected":false},"excerpt":{"rendered":"<div style=\"display: flex; gap: 20px;\">\n<div>\n<div class=\"modelViewerBlock\" data-attributes='{&quot;align&quot;:&quot;center&quot;,&quot;uniqueId&quot;:&quot;model1659&quot;,&quot;currentViewer&quot;:&quot;modelViewer&quot;,&quot;multiple&quot;:false,&quot;O3DVSettings&quot;:{&quot;isFullscreen&quot;:true,&quot;isPagination&quot;:false,&quot;isNavigation&quot;:false,&quot;camera&quot;:null,&quot;mouseControl&quot;:true,&quot;zoom&quot;:true},&quot;environmentImage&quot;:null,&quot;lazyLoad&quot;:false,&quot;loading&quot;:&quot;auto&quot;,&quot;autoplay&quot;:false,&quot;shadow&quot;:1,&quot;autoRotate&quot;:false,&quot;zoomLevel&quot;:null,&quot;zoom&quot;:true,&quot;isPagination&quot;:false,&quot;isNavigation&quot;:false,&quot;hotspotStyle&quot;:&quot;style-1&quot;,&quot;preload&quot;:&quot;auto&quot;,&quot;rotationPerSecond&quot;:&quot;30&quot;,&quot;mouseControl&quot;:true,&quot;lockXAxisRotation&quot;:false,&quot;lockYAxisRotation&quot;:false,&quot;fullscreen&quot;:true,&quot;zoomInOutBtn&quot;:false,&quot;cameraBtn&quot;:false,&quot;variant&quot;:false,&quot;loadingPercentage&quot;:false,&quot;progressBar&quot;:true,&quot;rotate&quot;:false,&quot;rotateDelay&quot;:3000,&quot;rotateAlongX&quot;:&quot;0&quot;,&quot;rotateAlongY&quot;:&quot;75&quot;,&quot;exposure&quot;:&quot;1&quot;,&quot;stylesheet&quot;:null,&quot;additional&quot;:{&quot;ID&quot;:&quot;&quot;,&quot;Class&quot;:&quot;&quot;,&quot;CSS&quot;:null},&quot;animation&quot;:false,&quot;woo&quot;:false,&quot;selectedAnimation&quot;:&quot;&quot;,&quot;placement&quot;:&quot;shortcode&quot;,&quot;styles&quot;:{&quot;width&quot;:&quot;100%&quot;,&quot;height&quot;:&quot;320px&quot;,&quot;bgColor&quot;:&quot;transparent&quot;,&quot;progressBarColor&quot;:null},&quot;model&quot;:{&quot;modelUrl&quot;:&quot;https:\\\/\\\/kingpolo.hu\\\/wp-content\\\/uploads\\\/2025\\\/07\\\/1.glb&quot;,&quot;poster&quot;:&quot;&quot;},&quot;models&quot;:[]}'>\n<div class=\"bp3d_backup_view\" style=\"display: none;height:350px;\">\n                <model-viewer camera-controls src=\"https:\/\/kingpolo.hu\/wp-content\/uploads\/2025\/07\/1.glb\" style=\"height: 350px;\"><\/model-viewer>\n            <\/div>\n<p>            <script>\n                setTimeout(() => {\n                    let backupModels = document.querySelectorAll('.bp3d_backup_view');\n                    if(backupModels.length > 0){\n                        backupModels.forEach(element => {\n                            if(element){\n                                element.style.display = 'block';\n                                setTimeout(() => {\n                                    let adminMessages = document.querySelectorAll('.bp3d_admin_message');\n                                    if(adminMessages.length > 0){\n                                        adminMessages.forEach(adminMessage => {\n                                            if(adminMessage){\n                                                adminMessage.style.display = 'block';\n                                            }\n                                        });\n                                    }\n                                }, 5000);\n                            }\n                        });\n                    }\n                }, 5000);\n            <\/script>\n        <\/div>\n<\/p><\/div>\n<div>\n<div class=\"modelViewerBlock\" data-attributes='{&quot;align&quot;:&quot;center&quot;,&quot;uniqueId&quot;:&quot;model1661&quot;,&quot;currentViewer&quot;:&quot;modelViewer&quot;,&quot;multiple&quot;:false,&quot;O3DVSettings&quot;:{&quot;isFullscreen&quot;:true,&quot;isPagination&quot;:false,&quot;isNavigation&quot;:false,&quot;camera&quot;:null,&quot;mouseControl&quot;:true,&quot;zoom&quot;:true},&quot;environmentImage&quot;:null,&quot;lazyLoad&quot;:false,&quot;loading&quot;:&quot;auto&quot;,&quot;autoplay&quot;:false,&quot;shadow&quot;:1,&quot;autoRotate&quot;:false,&quot;zoomLevel&quot;:null,&quot;zoom&quot;:true,&quot;isPagination&quot;:false,&quot;isNavigation&quot;:false,&quot;hotspotStyle&quot;:&quot;style-1&quot;,&quot;preload&quot;:&quot;auto&quot;,&quot;rotationPerSecond&quot;:&quot;30&quot;,&quot;mouseControl&quot;:true,&quot;lockXAxisRotation&quot;:false,&quot;lockYAxisRotation&quot;:false,&quot;fullscreen&quot;:true,&quot;zoomInOutBtn&quot;:false,&quot;cameraBtn&quot;:false,&quot;variant&quot;:false,&quot;loadingPercentage&quot;:false,&quot;progressBar&quot;:true,&quot;rotate&quot;:false,&quot;rotateDelay&quot;:3000,&quot;rotateAlongX&quot;:&quot;0&quot;,&quot;rotateAlongY&quot;:&quot;75&quot;,&quot;exposure&quot;:&quot;1&quot;,&quot;stylesheet&quot;:null,&quot;additional&quot;:{&quot;ID&quot;:&quot;&quot;,&quot;Class&quot;:&quot;&quot;,&quot;CSS&quot;:null},&quot;animation&quot;:false,&quot;woo&quot;:false,&quot;selectedAnimation&quot;:&quot;&quot;,&quot;placement&quot;:&quot;shortcode&quot;,&quot;styles&quot;:{&quot;width&quot;:&quot;100%&quot;,&quot;height&quot;:&quot;320px&quot;,&quot;bgColor&quot;:&quot;transparent&quot;,&quot;progressBarColor&quot;:null},&quot;model&quot;:{&quot;modelUrl&quot;:&quot;https:\\\/\\\/kingpolo.hu\\\/wp-content\\\/uploads\\\/2025\\\/07\\\/Reggeli-ekg.glb&quot;,&quot;poster&quot;:&quot;&quot;},&quot;models&quot;:[]}'>\n<div class=\"bp3d_backup_view\" style=\"display: none;height:350px;\">\n                <model-viewer camera-controls src=\"https:\/\/kingpolo.hu\/wp-content\/uploads\/2025\/07\/Reggeli-ekg.glb\" style=\"height: 350px;\"><\/model-viewer>\n            <\/div>\n<p>            <script>\n                setTimeout(() => {\n                    let backupModels = document.querySelectorAll('.bp3d_backup_view');\n                    if(backupModels.length > 0){\n                        backupModels.forEach(element => {\n                            if(element){\n                                element.style.display = 'block';\n                                setTimeout(() => {\n                                    let adminMessages = document.querySelectorAll('.bp3d_admin_message');\n                                    if(adminMessages.length > 0){\n                                        adminMessages.forEach(adminMessage => {\n                                            if(adminMessage){\n                                                adminMessage.style.display = 'block';\n                                            }\n                                        });\n                                    }\n                                }, 5000);\n                            }\n                        });\n                    }\n                }, 5000);\n            <\/script>\n        <\/div>\n<\/p><\/div>\n<\/div>","protected":false},"featured_media":960,"comment_status":"open","ping_status":"closed","template":"","meta":{"site-sidebar-layout":"default","site-content-layout":"","ast-site-content-layout":"default","site-content-style":"default","site-sidebar-style":"default","ast-global-header-display":"","ast-banner-title-visibility":"","ast-main-header-display":"","ast-hfb-above-header-display":"","ast-hfb-below-header-display":"","ast-hfb-mobile-header-display":"","site-post-title":"","ast-breadcrumbs-content":"","ast-featured-img":"","footer-sml-layout":"","ast-disable-related-posts":"","theme-transparent-header-meta":"default","adv-header-id-meta":"","stick-header-meta":"","header-above-stick-meta":"","header-main-stick-meta":"","header-below-stick-meta":"","astra-migrate-meta-layouts":"set","ast-page-background-enabled":"default","ast-page-background-meta":{"desktop":{"background-color":"var(--ast-global-color-4)","background-image":"","background-repeat":"repeat","background-position":"center center","background-size":"auto","background-attachment":"scroll","background-type":"","background-media":"","overlay-type":"","overlay-color":"","overlay-opacity":"","overlay-gradient":""},"tablet":{"background-color":"","background-image":"","background-repeat":"repeat","background-position":"center center","background-size":"auto","background-attachment":"scroll","background-type":"","background-media":"","overlay-type":"","overlay-color":"","overlay-opacity":"","overlay-gradient":""},"mobile":{"background-color":"","background-image":"","background-repeat":"repeat","background-position":"center center","background-size":"auto","background-attachment":"scroll","background-type":"","background-media":"","overlay-type":"","overlay-color":"","overlay-opacity":"","overlay-gradient":""}},"ast-content-background-meta":{"desktop":{"background-color":"var(--ast-global-color-5)","background-image":"","background-repeat":"repeat","background-position":"center center","background-size":"auto","background-attachment":"scroll","background-type":"","background-media":"","overlay-type":"","overlay-color":"","overlay-opacity":"","overlay-gradient":""},"tablet":{"background-color":"var(--ast-global-color-5)","background-image":"","background-repeat":"repeat","background-position":"center center","background-size":"auto","background-attachment":"scroll","background-type":"","background-media":"","overlay-type":"","overlay-color":"","overlay-opacity":"","overlay-gradient":""},"mobile":{"background-color":"var(--ast-global-color-5)","background-image":"","background-repeat":"repeat","background-position":"center center","background-size":"auto","background-attachment":"scroll","background-type":"","background-media":"","overlay-type":"","overlay-color":"","overlay-opacity":"","overlay-gradient":""}}},"product_brand":[178],"product_cat":[398],"product_tag":[113,114,115,112,118,93,116,119,117],"class_list":{"0":"post-1630","1":"product","2":"type-product","3":"status-publish","4":"has-post-thumbnail","6":"product_brand-kingpolo","7":"product_cat-custom-design","8":"product_tag-ajandek-bogre","9":"product_tag-coffee-cup","10":"product_tag-coffee-mug","11":"product_tag-egyedi-bogre","12":"product_tag-funny-gift","13":"product_tag-individual-gift","14":"product_tag-keramia-bogre","15":"product_tag-personalized-mug","16":"product_tag-vicces-bogre","17":"pa_bogre-feher-bogre-3-dl","18":"pa_bogre-kanalas-bogre-3-dl","19":"desktop-align-center","20":"tablet-align-center","21":"mobile-align-center","23":"first","24":"instock","25":"taxable","26":"shipping-taxable","27":"purchasable","28":"product-type-variable"},"aioseo_notices":[],"_links":{"self":[{"href":"https:\/\/kingpolo.hu\/en\/wp-json\/wp\/v2\/product\/1630","targetHints":{"allow":["GET"]}}],"collection":[{"href":"https:\/\/kingpolo.hu\/en\/wp-json\/wp\/v2\/product"}],"about":[{"href":"https:\/\/kingpolo.hu\/en\/wp-json\/wp\/v2\/types\/product"}],"replies":[{"embeddable":true,"href":"https:\/\/kingpolo.hu\/en\/wp-json\/wp\/v2\/comments?post=1630"}],"wp:featuredmedia":[{"embeddable":true,"href":"https:\/\/kingpolo.hu\/en\/wp-json\/wp\/v2\/media\/960"}],"wp:attachment":[{"href":"https:\/\/kingpolo.hu\/en\/wp-json\/wp\/v2\/media?parent=1630"}],"wp:term":[{"taxonomy":"product_brand","embeddable":true,"href":"https:\/\/kingpolo.hu\/en\/wp-json\/wp\/v2\/product_brand?post=1630"},{"taxonomy":"product_cat","embeddable":true,"href":"https:\/\/kingpolo.hu\/en\/wp-json\/wp\/v2\/product_cat?post=1630"},{"taxonomy":"product_tag","embeddable":true,"href":"https:\/\/kingpolo.hu\/en\/wp-json\/wp\/v2\/product_tag?post=1630"}],"curies":[{"name":"wp","href":"https:\/\/api.w.org\/{rel}","templated":true}]}}