{"id":1626,"date":"2025-07-21T14:37:49","date_gmt":"2025-07-21T14:37:49","guid":{"rendered":"https:\/\/kingpolo.hu\/?post_type=product&#038;p=1626"},"modified":"2025-11-18T11:09:37","modified_gmt":"2025-11-18T11:09:37","slug":"shopping-bag-szatyor","status":"publish","type":"product","link":"https:\/\/kingpolo.hu\/en\/product\/shopping-bag-szatyor\/","title":{"rendered":"Shopping bag \u2013 K\u00f6rnyezettudatos \u00e9s st\u00edlusos v\u00e1szont\u00e1sk\u00e1k"},"content":{"rendered":"<h3 data-start=\"325\" data-end=\"381\">\ud83d\udc5c Bag \u2013 Stylish mission that can fit on your shoulder<\/h3>\n<p data-start=\"383\" data-end=\"585\">Step out of the routine <strong data-start=\"407\" data-end=\"443\">environment consciously and with style<\/strong>, a KingP\u00f3l\u00f3 Shopping bag-el az oldaladon!<br data-start=\"480\" data-end=\"483\" \/>This is not a simple canvas bag \u2013 this is a <strong data-start=\"524\" data-end=\"539\">declaration<\/strong>:<br data-start=\"540\" data-end=\"543\" \/><em data-start=\"543\" data-end=\"585\">&#034;I&#039;m important. I&#039;m thinking about. Choose.\u201d<\/em><\/p>\n<h2 data-start=\"587\" data-end=\"613\">\ud83e\ude84 Mi\u00e9rt a Shopping bag<strong>?<\/strong><\/h2>\n<ul data-start=\"615\" data-end=\"915\">\n<li data-start=\"615\" data-end=\"686\">\n<p data-start=\"617\" data-end=\"686\">\ud83c\udf31 <strong data-start=\"620\" data-end=\"650\">Eco-conscious choice<\/strong> \u2013 say goodbye to plastic bags<\/p>\n<\/li>\n<li data-start=\"687\" data-end=\"769\">\n<p data-start=\"689\" data-end=\"769\">\ud83d\udcaa <strong data-start=\"692\" data-end=\"712\">Durable material<\/strong> \u2013 the market, the school, or even the Mondays too \ud83d\ude04<\/p>\n<\/li>\n<li data-start=\"770\" data-end=\"846\">\n<p data-start=\"772\" data-end=\"846\">\ud83c\udfa8 <strong data-start=\"775\" data-end=\"792\">Unique design<\/strong> \u2013 KingP\u00f3l\u00f3 graphics with a decorated, what you wear<\/p>\n<\/li>\n<li data-start=\"847\" data-end=\"915\">\n<p data-start=\"849\" data-end=\"915\">\ud83e\uddfc <strong data-start=\"852\" data-end=\"881\">Washable &amp; reusable<\/strong> \u2013 always fresh, always ready<\/p>\n<\/li>\n<\/ul>\n<p data-start=\"917\" data-end=\"943\">\u2728 <strong data-start=\"919\" data-end=\"943\">You can use it anywhere:<\/strong><\/p>\n<ul data-start=\"945\" data-end=\"1059\">\n<li data-start=\"945\" data-end=\"962\">\n<p data-start=\"947\" data-end=\"962\">Shopping<\/p>\n<\/li>\n<li data-start=\"963\" data-end=\"982\">\n<p data-start=\"965\" data-end=\"982\">Beach stuff<\/p>\n<\/li>\n<li data-start=\"983\" data-end=\"1018\">\n<p data-start=\"985\" data-end=\"1018\">Books or school stuff<\/p>\n<\/li>\n<li data-start=\"1019\" data-end=\"1059\">\n<p data-start=\"1021\" data-end=\"1059\">Gift to someone <em data-start=\"1047\" data-end=\"1059\">from the heart lives<\/em><\/p>\n<\/li>\n<\/ul>\n<p data-start=\"1061\" data-end=\"1187\">\ud83d\udda4 It&#039;s not just a bag.<br data-start=\"1088\" data-end=\"1091\" \/>This is a <strong data-start=\"1098\" data-end=\"1118\">king&#039;s quest<\/strong>a message that you take with you \u2013 and you won&#039;t want to hide.<\/p>\n<p data-start=\"1189\" data-end=\"1335\">\ud83c\udf81 Plus, if you have a gift, by <strong data-start=\"1226\" data-end=\"1277\">don&#039;t just give me something, but say something<\/strong>:<br data-start=\"1278\" data-end=\"1281\" \/>&#034;I think about you. Matter what you take. And how are you going to.\u201d<\/p>\n<p>Sublimate active bag recycled cotton (70%), PET (30% PET) foot design<\/p>\n<p class=\"tw-data-text tw-text-large XcVN5d tw-ta\" dir=\"ltr\" data-placeholder=\"Ford\u00edt\u00e1s\"><span class=\"Y2IQFc\" lang=\"hu\">Dimensions: weight:<\/span><span class=\"Y2IQFc\" lang=\"hu\">140 g \/ m2\u00a0<\/span><\/p>\n<p class=\"tw-data-text tw-text-large XcVN5d tw-ta\" dir=\"ltr\" data-placeholder=\"Ford\u00edt\u00e1s\"><span class=\"Y2IQFc\" lang=\"hu\">\u00a0 \u00a0 \u00a0 \u00a0 \u00a0 \u00a0 \u00a0 \u00a0bag: 38 cm x 41 cm\u00a0<\/span><\/p>\n<p class=\"tw-data-text tw-text-large XcVN5d tw-ta\" dir=\"ltr\" data-placeholder=\"Ford\u00edt\u00e1s\"><span class=\"Y2IQFc\" lang=\"hu\">\u00a0 \u00a0 \u00a0 \u00a0 \u00a0 \u00a0 \u00a0 \u00a0ear length 68 cm<\/span><\/p>\n<p>\u00a0 \u00a0 \u00a0 \u00a0 \u00a0 \u00a0 \u00a0 \u00a0sole: 38cm x 9.5 cm<\/p>","protected":false},"excerpt":{"rendered":"<p>\ud83d\udc49 <em data-start=\"1437\" data-end=\"1546\">&#8222;K\u00f6rnyezettudatos \u00e9s st\u00edlusos szatyor a mindennapokra. Strapab\u00edr\u00f3, moshat\u00f3 \u00e9s egyedi KingP\u00f3l\u00f3 grafik\u00e1kkal.&#8221;<\/em><\/p>","protected":false},"featured_media":1627,"comment_status":"open","ping_status":"closed","template":"","meta":{"site-sidebar-layout":"default","site-content-layout":"","ast-site-content-layout":"default","site-content-style":"default","site-sidebar-style":"default","ast-global-header-display":"","ast-banner-title-visibility":"","ast-main-header-display":"","ast-hfb-above-header-display":"","ast-hfb-below-header-display":"","ast-hfb-mobile-header-display":"","site-post-title":"","ast-breadcrumbs-content":"","ast-featured-img":"","footer-sml-layout":"","ast-disable-related-posts":"","theme-transparent-header-meta":"default","adv-header-id-meta":"","stick-header-meta":"","header-above-stick-meta":"","header-main-stick-meta":"","header-below-stick-meta":"","astra-migrate-meta-layouts":"set","ast-page-background-enabled":"default","ast-page-background-meta":{"desktop":{"background-color":"var(--ast-global-color-4)","background-image":"","background-repeat":"repeat","background-position":"center center","background-size":"auto","background-attachment":"scroll","background-type":"","background-media":"","overlay-type":"","overlay-color":"","overlay-opacity":"","overlay-gradient":""},"tablet":{"background-color":"","background-image":"","background-repeat":"repeat","background-position":"center center","background-size":"auto","background-attachment":"scroll","background-type":"","background-media":"","overlay-type":"","overlay-color":"","overlay-opacity":"","overlay-gradient":""},"mobile":{"background-color":"","background-image":"","background-repeat":"repeat","background-position":"center center","background-size":"auto","background-attachment":"scroll","background-type":"","background-media":"","overlay-type":"","overlay-color":"","overlay-opacity":"","overlay-gradient":""}},"ast-content-background-meta":{"desktop":{"background-color":"var(--ast-global-color-5)","background-image":"","background-repeat":"repeat","background-position":"center center","background-size":"auto","background-attachment":"scroll","background-type":"","background-media":"","overlay-type":"","overlay-color":"","overlay-opacity":"","overlay-gradient":""},"tablet":{"background-color":"var(--ast-global-color-5)","background-image":"","background-repeat":"repeat","background-position":"center center","background-size":"auto","background-attachment":"scroll","background-type":"","background-media":"","overlay-type":"","overlay-color":"","overlay-opacity":"","overlay-gradient":""},"mobile":{"background-color":"var(--ast-global-color-5)","background-image":"","background-repeat":"repeat","background-position":"center center","background-size":"auto","background-attachment":"scroll","background-type":"","background-media":"","overlay-type":"","overlay-color":"","overlay-opacity":"","overlay-gradient":""}}},"product_brand":[178],"product_cat":[398],"product_tag":[98,103,105,109,102,110,111,100,107,106,104,101,97,99,108],"class_list":{"0":"post-1626","1":"product","2":"type-product","3":"status-publish","4":"has-post-thumbnail","6":"product_brand-kingpolo","7":"product_cat-custom-design","8":"product_tag-bevasarlotaska","9":"product_tag-canvas-shopping-bag","10":"product_tag-cotton-tote-bag","11":"product_tag-custom-printed-tote","12":"product_tag-eco-friendly-tote-bag","13":"product_tag-eco-shopper-bag","14":"product_tag-eco-taska","15":"product_tag-egyedi-szatyor","16":"product_tag-environmentally-friendly-bag","17":"product_tag-fabric-shopping-bag","18":"product_tag-reusable-grocery-bag","19":"product_tag-reusable-shopping-bag","20":"product_tag-shopping-bag","21":"product_tag-vaszontaska","22":"product_tag-washable-shopping-bag","23":"desktop-align-center","24":"tablet-align-center","25":"mobile-align-center","27":"first","28":"instock","29":"taxable","30":"shipping-taxable","31":"purchasable","32":"product-type-simple"},"aioseo_notices":[],"_links":{"self":[{"href":"https:\/\/kingpolo.hu\/en\/wp-json\/wp\/v2\/product\/1626","targetHints":{"allow":["GET"]}}],"collection":[{"href":"https:\/\/kingpolo.hu\/en\/wp-json\/wp\/v2\/product"}],"about":[{"href":"https:\/\/kingpolo.hu\/en\/wp-json\/wp\/v2\/types\/product"}],"replies":[{"embeddable":true,"href":"https:\/\/kingpolo.hu\/en\/wp-json\/wp\/v2\/comments?post=1626"}],"wp:featuredmedia":[{"embeddable":true,"href":"https:\/\/kingpolo.hu\/en\/wp-json\/wp\/v2\/media\/1627"}],"wp:attachment":[{"href":"https:\/\/kingpolo.hu\/en\/wp-json\/wp\/v2\/media?parent=1626"}],"wp:term":[{"taxonomy":"product_brand","embeddable":true,"href":"https:\/\/kingpolo.hu\/en\/wp-json\/wp\/v2\/product_brand?post=1626"},{"taxonomy":"product_cat","embeddable":true,"href":"https:\/\/kingpolo.hu\/en\/wp-json\/wp\/v2\/product_cat?post=1626"},{"taxonomy":"product_tag","embeddable":true,"href":"https:\/\/kingpolo.hu\/en\/wp-json\/wp\/v2\/product_tag?post=1626"}],"curies":[{"name":"wp","href":"https:\/\/api.w.org\/{rel}","templated":true}]}}