{"id":1475,"date":"2025-07-05T16:10:41","date_gmt":"2025-07-05T16:10:41","guid":{"rendered":"https:\/\/kingpolo.hu\/?post_type=product&#038;p=1475"},"modified":"2025-11-18T11:08:56","modified_gmt":"2025-11-18T11:08:56","slug":"puzzle-individual-photo-puzzle","status":"publish","type":"product","link":"https:\/\/kingpolo.hu\/en\/product\/puzzle-individual-photo-puzzle\/","title":{"rendered":"Individual Photo Puzzle &#8211; Egyedi f\u00e9nyk\u00e9pes kirak\u00f3"},"content":{"rendered":"<p data-start=\"345\" data-end=\"814\">\u2728 A little piece of happiness that you put together. \u2728<br data-start=\"434\" data-end=\"437\" \/>\u00a0Ez nem csak egy puzzle- Individual Photo Puzzle\u00a0 \u2013 ez egy eml\u00e9k, egy \u00e9lm\u00e9ny, egy k\u00fcl\u00f6nleges pillanat kirak\u00f3s v\u00e1ltozata.<br data-start=\"530\" data-end=\"533\" \/>Give yourself a present or something important that the A4 size, can be customized puzzles, custom-you can edit your own photos with grafik\u00e1ddal or even a message!<br data-start=\"709\" data-end=\"712\" \/>Family experience, love surprise, or a creative gift with us all the pieces in your hands!<\/p>\n<p data-start=\"816\" data-end=\"1042\">\ud83c\udf81 An excellent gift for birthday, anniversary, Valentine&#039;s day, christmas or just because.<br data-start=\"906\" data-end=\"909\" \/>\ud83e\udde9 A4 size, with beautiful printing quality<br data-start=\"952\" data-end=\"955\" \/>\ud83d\udcbb Online editing, simple order<br data-start=\"995\" data-end=\"998\" \/>\ud83d\ude9a Fast delivery, safe packaging<\/p>\n<p data-start=\"1044\" data-end=\"1124\">Because all the story pieces together \u2013 only you have the missing details!<\/p>","protected":false},"excerpt":{"rendered":"<p>Customizable A4 puzzle \u2013 edit your own image, text, and make it a surprise for yourself or someone special. Unique, memorable and heartfelt gift<\/p>","protected":false},"featured_media":1628,"comment_status":"open","ping_status":"closed","template":"","meta":{"site-sidebar-layout":"default","site-content-layout":"","ast-site-content-layout":"default","site-content-style":"default","site-sidebar-style":"default","ast-global-header-display":"","ast-banner-title-visibility":"","ast-main-header-display":"","ast-hfb-above-header-display":"","ast-hfb-below-header-display":"","ast-hfb-mobile-header-display":"","site-post-title":"","ast-breadcrumbs-content":"","ast-featured-img":"","footer-sml-layout":"","ast-disable-related-posts":"","theme-transparent-header-meta":"default","adv-header-id-meta":"","stick-header-meta":"","header-above-stick-meta":"","header-main-stick-meta":"","header-below-stick-meta":"","astra-migrate-meta-layouts":"set","ast-page-background-enabled":"default","ast-page-background-meta":{"desktop":{"background-color":"var(--ast-global-color-4)","background-image":"","background-repeat":"repeat","background-position":"center center","background-size":"auto","background-attachment":"scroll","background-type":"","background-media":"","overlay-type":"","overlay-color":"","overlay-opacity":"","overlay-gradient":""},"tablet":{"background-color":"","background-image":"","background-repeat":"repeat","background-position":"center center","background-size":"auto","background-attachment":"scroll","background-type":"","background-media":"","overlay-type":"","overlay-color":"","overlay-opacity":"","overlay-gradient":""},"mobile":{"background-color":"","background-image":"","background-repeat":"repeat","background-position":"center center","background-size":"auto","background-attachment":"scroll","background-type":"","background-media":"","overlay-type":"","overlay-color":"","overlay-opacity":"","overlay-gradient":""}},"ast-content-background-meta":{"desktop":{"background-color":"var(--ast-global-color-5)","background-image":"","background-repeat":"repeat","background-position":"center center","background-size":"auto","background-attachment":"scroll","background-type":"","background-media":"","overlay-type":"","overlay-color":"","overlay-opacity":"","overlay-gradient":""},"tablet":{"background-color":"var(--ast-global-color-5)","background-image":"","background-repeat":"repeat","background-position":"center center","background-size":"auto","background-attachment":"scroll","background-type":"","background-media":"","overlay-type":"","overlay-color":"","overlay-opacity":"","overlay-gradient":""},"mobile":{"background-color":"var(--ast-global-color-5)","background-image":"","background-repeat":"repeat","background-position":"center center","background-size":"auto","background-attachment":"scroll","background-type":"","background-media":"","overlay-type":"","overlay-color":"","overlay-opacity":"","overlay-gradient":""}}},"product_brand":[178],"product_cat":[398],"product_tag":[90,89,92,93,95,91,94,96],"class_list":{"0":"post-1475","1":"product","2":"type-product","3":"status-publish","4":"has-post-thumbnail","6":"product_brand-kingpolo","7":"product_cat-custom-design","8":"product_tag-costum-puzzle","9":"product_tag-egyedi-puzzle","10":"product_tag-gift-puzzle","11":"product_tag-individual-gift","12":"product_tag-personalized-gift","13":"product_tag-photo-puzzle","14":"product_tag-puzzle","15":"product_tag-unique-gift","16":"desktop-align-center","17":"tablet-align-center","18":"mobile-align-center","20":"first","21":"instock","22":"taxable","23":"shipping-taxable","24":"purchasable","25":"product-type-simple"},"aioseo_notices":[],"_links":{"self":[{"href":"https:\/\/kingpolo.hu\/en\/wp-json\/wp\/v2\/product\/1475","targetHints":{"allow":["GET"]}}],"collection":[{"href":"https:\/\/kingpolo.hu\/en\/wp-json\/wp\/v2\/product"}],"about":[{"href":"https:\/\/kingpolo.hu\/en\/wp-json\/wp\/v2\/types\/product"}],"replies":[{"embeddable":true,"href":"https:\/\/kingpolo.hu\/en\/wp-json\/wp\/v2\/comments?post=1475"}],"wp:featuredmedia":[{"embeddable":true,"href":"https:\/\/kingpolo.hu\/en\/wp-json\/wp\/v2\/media\/1628"}],"wp:attachment":[{"href":"https:\/\/kingpolo.hu\/en\/wp-json\/wp\/v2\/media?parent=1475"}],"wp:term":[{"taxonomy":"product_brand","embeddable":true,"href":"https:\/\/kingpolo.hu\/en\/wp-json\/wp\/v2\/product_brand?post=1475"},{"taxonomy":"product_cat","embeddable":true,"href":"https:\/\/kingpolo.hu\/en\/wp-json\/wp\/v2\/product_cat?post=1475"},{"taxonomy":"product_tag","embeddable":true,"href":"https:\/\/kingpolo.hu\/en\/wp-json\/wp\/v2\/product_tag?post=1475"}],"curies":[{"name":"wp","href":"https:\/\/api.w.org\/{rel}","templated":true}]}}