{"id":1657,"date":"2025-07-31T17:50:18","date_gmt":"2025-07-31T17:50:18","guid":{"rendered":"https:\/\/kingpolo.hu\/?page_id=1657"},"modified":"2025-10-09T17:02:21","modified_gmt":"2025-10-09T17:02:21","slug":"termekgaleria","status":"publish","type":"page","link":"https:\/\/kingpolo.hu\/en\/termekgaleria\/","title":{"rendered":"Product gallery"},"content":{"rendered":"<div data-elementor-type=\"wp-page\" data-elementor-id=\"1657\" class=\"elementor elementor-1657\">\n\t\t\t\t<div class=\"elementor-element elementor-element-5db1464 e-flex e-con-boxed e-con e-parent\" data-id=\"5db1464\" data-element_type=\"container\" data-e-type=\"container\">\n\t\t\t\t\t<div class=\"e-con-inner\">\n\t\t<div class=\"elementor-element elementor-element-033c53d e-con-full e-flex e-con e-child\" data-id=\"033c53d\" data-element_type=\"container\" data-e-type=\"container\">\n\t\t\t\t<\/div>\n\t\t\t\t<div class=\"elementor-element elementor-element-fde5fe8 e-n-tabs-mobile elementor-widget elementor-widget-n-tabs\" data-id=\"fde5fe8\" data-element_type=\"widget\" data-e-type=\"widget\" data-settings=\"{&quot;horizontal_scroll&quot;:&quot;disable&quot;}\" data-widget_type=\"nested-tabs.default\">\n\t\t\t\t<div class=\"elementor-widget-container\">\n\t\t\t\t\t\t\t<div class=\"e-n-tabs\" data-widget-number=\"266231784\" aria-label=\"Tabs. Open items with Enter or Space, close with Escape and navigate using the Arrow keys.\">\n\t\t\t<div class=\"e-n-tabs-heading\" role=\"tablist\">\n\t\t\t\t\t<button id=\"e-n-tab-title-2662317841\" data-tab-title-id=\"e-n-tab-title-2662317841\" class=\"e-n-tab-title\" aria-selected=\"true\" data-tab-index=\"1\" role=\"tab\" tabindex=\"0\" aria-controls=\"e-n-tab-content-2662317841\" style=\"--n-tabs-title-order: 1;\">\n\t\t\t\t\t\t<span class=\"e-n-tab-title-text\">\n\t\t\t\tT-shirt\t\t\t<\/span>\n\t\t<\/button>\n\t\t\t\t<button id=\"e-n-tab-title-2662317842\" data-tab-title-id=\"e-n-tab-title-2662317842\" class=\"e-n-tab-title\" aria-selected=\"false\" data-tab-index=\"2\" role=\"tab\" tabindex=\"-1\" aria-controls=\"e-n-tab-content-2662317842\" style=\"--n-tabs-title-order: 2;\">\n\t\t\t\t\t\t<span class=\"e-n-tab-title-text\">\n\t\t\t\tMug\t\t\t<\/span>\n\t\t<\/button>\n\t\t\t\t\t<\/div>\n\t\t\t<div class=\"e-n-tabs-content\">\n\t\t\t\t<div id=\"e-n-tab-content-2662317841\" role=\"tabpanel\" aria-labelledby=\"e-n-tab-title-2662317841\" data-tab-index=\"1\" style=\"--n-tabs-title-order: 1;\" class=\"e-active elementor-element elementor-element-739b4dd e-con-full e-flex e-con e-child\" data-id=\"739b4dd\" data-element_type=\"container\" data-e-type=\"container\">\n\t\t<div class=\"elementor-element elementor-element-75f06ce e-grid e-con-full e-con e-child\" data-id=\"75f06ce\" data-element_type=\"container\" data-e-type=\"container\">\n\t\t\t\t<div class=\"elementor-element elementor-element-754b78f elementor-widget elementor-widget-text-editor\" data-id=\"754b78f\" data-element_type=\"widget\" data-e-type=\"widget\" data-widget_type=\"text-editor.default\">\n\t\t\t\t<div class=\"elementor-widget-container\">\n\t\t\t\t\t\t\t\t\t<p><strong data-start=\"381\" data-end=\"422\">Mutasd meg, ki vagy \u2013 egyedi p\u00f3l\u00f3ban!<\/strong><br data-start=\"422\" data-end=\"425\" \/>V\u00e1lassz mint\u00e1t, szerkeszd \u00e1t, vagy alkoss teljesen \u00fajat. A st\u00edlus mostant\u00f3l <em data-start=\"503\" data-end=\"517\">rajtad m\u00falik<\/em>!<\/p><p><strong data-start=\"572\" data-end=\"605\">Neked k\u00e9sz\u00fclt. A Te st\u00edlusod.<\/strong><\/p><p><strong data-start=\"937\" data-end=\"974\">Egyedi p\u00f3l\u00f3k, amik r\u00f3lad sz\u00f3lnak.<\/strong><br data-start=\"974\" data-end=\"977\" \/>Tervezd meg a saj\u00e1tod most!<\/p>\t\t\t\t\t\t\t\t<\/div>\n\t\t\t\t<\/div>\n\t\t\t\t<div class=\"elementor-element elementor-element-cd85125 elementor-align-center elementor-widget elementor-widget-button\" data-id=\"cd85125\" data-element_type=\"widget\" data-e-type=\"widget\" data-widget_type=\"button.default\">\n\t\t\t\t<div class=\"elementor-widget-container\">\n\t\t\t\t\t\t\t\t\t<div class=\"elementor-button-wrapper\">\n\t\t\t\t\t<a class=\"elementor-button elementor-button-link elementor-size-sm\" href=\"https:\/\/kingpolo.hu\/en\/design-editor\/?product_base=variable:1621&#038;product_cms=19&#038;quantity=1\">\n\t\t\t\t\t\t<span class=\"elementor-button-content-wrapper\">\n\t\t\t\t\t\t\t\t\t<span class=\"elementor-button-text\">melyiket szeretn\u00e9d?<\/span>\n\t\t\t\t\t<\/span>\n\t\t\t\t\t<\/a>\n\t\t\t\t<\/div>\n\t\t\t\t\t\t\t\t<\/div>\n\t\t\t\t<\/div>\n\t\t\t\t<div class=\"elementor-element elementor-element-7cd1869 elementor-position-top elementor-widget elementor-widget-image-box\" data-id=\"7cd1869\" data-element_type=\"widget\" data-e-type=\"widget\" data-widget_type=\"image-box.default\">\n\t\t\t\t<div class=\"elementor-widget-container\">\n\t\t\t\t\t<div class=\"elementor-image-box-wrapper\"><figure class=\"elementor-image-box-img\"><img fetchpriority=\"high\" decoding=\"async\" width=\"437\" height=\"531\" src=\"https:\/\/kingpolo.hu\/wp-content\/uploads\/2025\/08\/beer-is-the-answer-mock.png\" class=\"attachment-full size-full wp-image-1727\" alt=\"\" srcset=\"https:\/\/kingpolo.hu\/wp-content\/uploads\/2025\/08\/beer-is-the-answer-mock.png 437w, https:\/\/kingpolo.hu\/wp-content\/uploads\/2025\/08\/beer-is-the-answer-mock-247x300.png 247w\" sizes=\"(max-width: 437px) 100vw, 437px\" \/><\/figure><div class=\"elementor-image-box-content\"><h3 class=\"elementor-image-box-title\">Beer is the answer....<\/h3><p class=\"elementor-image-box-description\">......ha m\u00e1r nem eml\u00e9kszel semmire<br><\/p><\/div><\/div>\t\t\t\t<\/div>\n\t\t\t\t<\/div>\n\t\t\t\t<div class=\"elementor-element elementor-element-6df2805 elementor-position-top elementor-widget elementor-widget-image-box\" data-id=\"6df2805\" data-element_type=\"widget\" data-e-type=\"widget\" data-widget_type=\"image-box.default\">\n\t\t\t\t<div class=\"elementor-widget-container\">\n\t\t\t\t\t<div class=\"elementor-image-box-wrapper\"><figure class=\"elementor-image-box-img\"><img decoding=\"async\" width=\"446\" height=\"533\" src=\"https:\/\/kingpolo.hu\/wp-content\/uploads\/2025\/08\/Aint-Nothing-That-A-Beer-Cant-Fix-mock.png\" class=\"attachment-full size-full wp-image-1728\" alt=\"\" srcset=\"https:\/\/kingpolo.hu\/wp-content\/uploads\/2025\/08\/Aint-Nothing-That-A-Beer-Cant-Fix-mock.png 446w, https:\/\/kingpolo.hu\/wp-content\/uploads\/2025\/08\/Aint-Nothing-That-A-Beer-Cant-Fix-mock-251x300.png 251w\" sizes=\"(max-width: 446px) 100vw, 446px\" \/><\/figure><div class=\"elementor-image-box-content\"><h3 class=\"elementor-image-box-title\">Aint nothing....<\/h3><p class=\"elementor-image-box-description\">mindenre van megold\u00e1s<br><\/p><\/div><\/div>\t\t\t\t<\/div>\n\t\t\t\t<\/div>\n\t\t\t\t<\/div>\n\t\t\t\t<\/div>\n\t\t<div id=\"e-n-tab-content-2662317842\" role=\"tabpanel\" aria-labelledby=\"e-n-tab-title-2662317842\" data-tab-index=\"2\" style=\"--n-tabs-title-order: 2;\" class=\"elementor-element elementor-element-3c4ae33 e-con-full e-flex e-con e-child\" data-id=\"3c4ae33\" data-element_type=\"container\" data-e-type=\"container\">\n\t\t<div class=\"elementor-element elementor-element-b9c8116 e-grid e-con-boxed e-con e-child\" data-id=\"b9c8116\" data-element_type=\"container\" data-e-type=\"container\">\n\t\t\t\t\t<div class=\"e-con-inner\">\n\t\t\t\t<div class=\"elementor-element elementor-element-4b33f04 elementor-widget elementor-widget-text-editor\" data-id=\"4b33f04\" data-element_type=\"widget\" data-e-type=\"widget\" data-widget_type=\"text-editor.default\">\n\t\t\t\t<div class=\"elementor-widget-container\">\n\t\t\t\t\t\t\t\t\t<p data-start=\"507\" data-end=\"644\"><strong data-start=\"507\" data-end=\"545\">Kezdd a napot egy b\u00f6gre st\u00edlussal!<\/strong><br data-start=\"545\" data-end=\"548\" \/>V\u00e1lassz mint\u00e1t, szerkeszd \u00e1t, vagy alkoss egy teljesen \u00fajat \u2013 a kedvenc b\u00f6gr\u00e9d csak r\u00e1d v\u00e1r!<\/p><p data-start=\"651\" data-end=\"752\">Legyen vicces, men\u0151 vagy cuki \u2013 <strong data-start=\"683\" data-end=\"713\">ez a Te k\u00e1v\u00e9s szertart\u00e1sod<\/strong>.<br data-start=\"714\" data-end=\"717\" \/>Egyedi b\u00f6gr\u00e9k, egyedi embereknek.<\/p><p data-start=\"651\" data-end=\"752\">Itt minden reggel egy st\u00edlusos indul\u00e1s.<\/p>\t\t\t\t\t\t\t\t<\/div>\n\t\t\t\t<\/div>\n\t\t\t\t<div class=\"elementor-element elementor-element-ebac766 elementor-align-center elementor-widget elementor-widget-button\" data-id=\"ebac766\" data-element_type=\"widget\" data-e-type=\"widget\" data-widget_type=\"button.default\">\n\t\t\t\t<div class=\"elementor-widget-container\">\n\t\t\t\t\t\t\t\t\t<div class=\"elementor-button-wrapper\">\n\t\t\t\t\t<a class=\"elementor-button elementor-button-link elementor-size-sm\" href=\"https:\/\/kingpolo.hu\/en\/design-editor\/?product_base=variable:1631&#038;product_cms=1630&#038;quantity=1\" target=\"_blank\">\n\t\t\t\t\t\t<span class=\"elementor-button-content-wrapper\">\n\t\t\t\t\t\t\t\t\t<span class=\"elementor-button-text\">v\u00e1logass kedvedre<\/span>\n\t\t\t\t\t<\/span>\n\t\t\t\t\t<\/a>\n\t\t\t\t<\/div>\n\t\t\t\t\t\t\t\t<\/div>\n\t\t\t\t<\/div>\n\t\t\t\t<div class=\"elementor-element elementor-element-4c0c930 elementor-widget elementor-widget-shortcode\" data-id=\"4c0c930\" data-element_type=\"widget\" data-e-type=\"widget\" data-widget_type=\"shortcode.default\">\n\t\t\t\t<div class=\"elementor-widget-container\">\n\t\t\t\t\t\t\t<div class=\"elementor-shortcode\">\n        <div class=\"modelViewerBlock\" data-attributes='{&quot;align&quot;:&quot;center&quot;,&quot;uniqueId&quot;:&quot;model1661&quot;,&quot;currentViewer&quot;:&quot;modelViewer&quot;,&quot;multiple&quot;:false,&quot;O3DVSettings&quot;:{&quot;isFullscreen&quot;:true,&quot;isPagination&quot;:false,&quot;isNavigation&quot;:false,&quot;camera&quot;:null,&quot;mouseControl&quot;:true,&quot;zoom&quot;:true},&quot;environmentImage&quot;:null,&quot;lazyLoad&quot;:false,&quot;loading&quot;:&quot;auto&quot;,&quot;autoplay&quot;:false,&quot;shadow&quot;:1,&quot;autoRotate&quot;:false,&quot;zoomLevel&quot;:null,&quot;zoom&quot;:true,&quot;isPagination&quot;:false,&quot;isNavigation&quot;:false,&quot;hotspotStyle&quot;:&quot;style-1&quot;,&quot;preload&quot;:&quot;auto&quot;,&quot;rotationPerSecond&quot;:&quot;30&quot;,&quot;mouseControl&quot;:true,&quot;lockXAxisRotation&quot;:false,&quot;lockYAxisRotation&quot;:false,&quot;fullscreen&quot;:true,&quot;zoomInOutBtn&quot;:false,&quot;cameraBtn&quot;:false,&quot;variant&quot;:false,&quot;loadingPercentage&quot;:false,&quot;progressBar&quot;:true,&quot;rotate&quot;:false,&quot;rotateDelay&quot;:3000,&quot;rotateAlongX&quot;:&quot;0&quot;,&quot;rotateAlongY&quot;:&quot;75&quot;,&quot;exposure&quot;:&quot;1&quot;,&quot;stylesheet&quot;:null,&quot;additional&quot;:{&quot;ID&quot;:&quot;&quot;,&quot;Class&quot;:&quot;&quot;,&quot;CSS&quot;:null},&quot;animation&quot;:false,&quot;woo&quot;:false,&quot;selectedAnimation&quot;:&quot;&quot;,&quot;placement&quot;:&quot;shortcode&quot;,&quot;styles&quot;:{&quot;width&quot;:&quot;100%&quot;,&quot;height&quot;:&quot;320px&quot;,&quot;bgColor&quot;:&quot;transparent&quot;,&quot;progressBarColor&quot;:null},&quot;model&quot;:{&quot;modelUrl&quot;:&quot;https:\\\/\\\/kingpolo.hu\\\/wp-content\\\/uploads\\\/2025\\\/07\\\/Reggeli-ekg.glb&quot;,&quot;poster&quot;:&quot;&quot;},&quot;models&quot;:[]}'>\n            <div class=\"bp3d_backup_view\" style=\"display: none;height:350px;\">\n                <model-viewer camera-controls src=\"https:\/\/kingpolo.hu\/wp-content\/uploads\/2025\/07\/Reggeli-ekg.glb\" style=\"height: 350px;\"><\/model-viewer>\n            <\/div>\n            <script>\n                setTimeout(() => {\n                    let backupModels = document.querySelectorAll('.bp3d_backup_view');\n                    if(backupModels.length > 0){\n                        backupModels.forEach(element => {\n                            if(element){\n                                element.style.display = 'block';\n                                setTimeout(() => {\n                                    let adminMessages = document.querySelectorAll('.bp3d_admin_message');\n                                    if(adminMessages.length > 0){\n                                        adminMessages.forEach(adminMessage => {\n                                            if(adminMessage){\n                                                adminMessage.style.display = 'block';\n                                            }\n                                        });\n                                    }\n                                }, 5000);\n                            }\n                        });\n                    }\n                }, 5000);\n            <\/script>\n        <\/div>\n\n        <\/div>\n\t\t\t\t\t\t<\/div>\n\t\t\t\t<\/div>\n\t\t\t\t<div class=\"elementor-element elementor-element-56413f7 elementor-widget elementor-widget-image\" data-id=\"56413f7\" data-element_type=\"widget\" data-e-type=\"widget\" data-widget_type=\"image.default\">\n\t\t\t\t<div class=\"elementor-widget-container\">\n\t\t\t\t\t\t\t\t\t\t\t\t\t\t\t<img decoding=\"async\" width=\"300\" height=\"267\" src=\"https:\/\/kingpolo.hu\/wp-content\/uploads\/2024\/12\/doing-dad-shit-300x267.png\" class=\"attachment-medium size-medium wp-image-1643\" alt=\"\" srcset=\"https:\/\/kingpolo.hu\/wp-content\/uploads\/2024\/12\/doing-dad-shit-300x267.png 300w, https:\/\/kingpolo.hu\/wp-content\/uploads\/2024\/12\/doing-dad-shit.png 585w\" sizes=\"(max-width: 300px) 100vw, 300px\" \/>\t\t\t\t\t\t\t\t\t\t\t\t\t\t\t<\/div>\n\t\t\t\t<\/div>\n\t\t\t\t<div class=\"elementor-element elementor-element-8f58c9a elementor-widget elementor-widget-text-editor\" data-id=\"8f58c9a\" data-element_type=\"widget\" data-e-type=\"widget\" data-widget_type=\"text-editor.default\">\n\t\t\t\t<div class=\"elementor-widget-container\">\n\t\t\t\t\t\t\t\t\t<p>Reggeli Ekg\u00a0<\/p>\t\t\t\t\t\t\t\t<\/div>\n\t\t\t\t<\/div>\n\t\t\t\t<div class=\"elementor-element elementor-element-ab256e8 elementor-widget elementor-widget-text-editor\" data-id=\"ab256e8\" data-element_type=\"widget\" data-e-type=\"widget\" data-widget_type=\"text-editor.default\">\n\t\t\t\t<div class=\"elementor-widget-container\">\n\t\t\t\t\t\t\t\t\t<p>doing dad shit<\/p>\t\t\t\t\t\t\t\t<\/div>\n\t\t\t\t<\/div>\n\t\t\t\t\t<\/div>\n\t\t\t\t<\/div>\n\t\t\t\t<\/div>\n\t\t\t\t\t<\/div>\n\t\t<\/div>\n\t\t\t\t\t\t<\/div>\n\t\t\t\t<\/div>\n\t\t<div class=\"elementor-element elementor-element-b095b45 e-con-full e-flex e-con e-child\" data-id=\"b095b45\" data-element_type=\"container\" data-e-type=\"container\">\n\t\t<div class=\"elementor-element elementor-element-c4f689b e-con-full e-flex e-con e-child\" data-id=\"c4f689b\" data-element_type=\"container\" data-e-type=\"container\">\n\t\t<div class=\"elementor-element elementor-element-002e067 e-grid e-con-full e-con e-child\" data-id=\"002e067\" data-element_type=\"container\" data-e-type=\"container\">\n\t\t\t\t<div class=\"elementor-element elementor-element-c39d7b5 elementor-widget elementor-widget-shortcode\" data-id=\"c39d7b5\" data-element_type=\"widget\" data-e-type=\"widget\" data-widget_type=\"shortcode.default\">\n\t\t\t\t<div class=\"elementor-widget-container\">\n\t\t\t\t\t\t\t<div class=\"elementor-shortcode\">\n        <div class=\"modelViewerBlock\" data-attributes='{&quot;align&quot;:&quot;center&quot;,&quot;uniqueId&quot;:&quot;model1839&quot;,&quot;currentViewer&quot;:&quot;modelViewer&quot;,&quot;multiple&quot;:false,&quot;O3DVSettings&quot;:{&quot;isFullscreen&quot;:true,&quot;isPagination&quot;:false,&quot;isNavigation&quot;:false,&quot;camera&quot;:null,&quot;mouseControl&quot;:true,&quot;zoom&quot;:true},&quot;environmentImage&quot;:null,&quot;lazyLoad&quot;:false,&quot;loading&quot;:&quot;auto&quot;,&quot;autoplay&quot;:false,&quot;shadow&quot;:1,&quot;autoRotate&quot;:false,&quot;zoomLevel&quot;:null,&quot;zoom&quot;:true,&quot;isPagination&quot;:false,&quot;isNavigation&quot;:false,&quot;hotspotStyle&quot;:&quot;style-1&quot;,&quot;preload&quot;:&quot;auto&quot;,&quot;rotationPerSecond&quot;:&quot;30&quot;,&quot;mouseControl&quot;:true,&quot;lockXAxisRotation&quot;:false,&quot;lockYAxisRotation&quot;:false,&quot;fullscreen&quot;:true,&quot;zoomInOutBtn&quot;:false,&quot;cameraBtn&quot;:false,&quot;variant&quot;:false,&quot;loadingPercentage&quot;:false,&quot;progressBar&quot;:true,&quot;rotate&quot;:false,&quot;rotateDelay&quot;:3000,&quot;rotateAlongX&quot;:&quot;0&quot;,&quot;rotateAlongY&quot;:&quot;75&quot;,&quot;exposure&quot;:&quot;1&quot;,&quot;stylesheet&quot;:null,&quot;additional&quot;:{&quot;ID&quot;:&quot;&quot;,&quot;Class&quot;:&quot;&quot;,&quot;CSS&quot;:null},&quot;animation&quot;:false,&quot;woo&quot;:false,&quot;selectedAnimation&quot;:&quot;&quot;,&quot;placement&quot;:&quot;shortcode&quot;,&quot;styles&quot;:{&quot;width&quot;:&quot;100%&quot;,&quot;height&quot;:&quot;320px&quot;,&quot;bgColor&quot;:&quot;transparent&quot;,&quot;progressBarColor&quot;:null},&quot;model&quot;:{&quot;modelUrl&quot;:&quot;https:\\\/\\\/kingpolo.hu\\\/wp-content\\\/uploads\\\/2025\\\/08\\\/zsiraf-2.glb&quot;,&quot;poster&quot;:&quot;&quot;},&quot;models&quot;:[]}'>\n            <div class=\"bp3d_backup_view\" style=\"display: none;height:350px;\">\n                <model-viewer camera-controls src=\"https:\/\/kingpolo.hu\/wp-content\/uploads\/2025\/08\/zsiraf-2.glb\" style=\"height: 350px;\"><\/model-viewer>\n            <\/div>\n            <script>\n                setTimeout(() => {\n                    let backupModels = document.querySelectorAll('.bp3d_backup_view');\n                    if(backupModels.length > 0){\n                        backupModels.forEach(element => {\n                            if(element){\n                                element.style.display = 'block';\n                                setTimeout(() => {\n                                    let adminMessages = document.querySelectorAll('.bp3d_admin_message');\n                                    if(adminMessages.length > 0){\n                                        adminMessages.forEach(adminMessage => {\n                                            if(adminMessage){\n                                                adminMessage.style.display = 'block';\n                                            }\n                                        });\n                                    }\n                                }, 5000);\n                            }\n                        });\n                    }\n                }, 5000);\n            <\/script>\n        <\/div>\n\n        <\/div>\n\t\t\t\t\t\t<\/div>\n\t\t\t\t<\/div>\n\t\t\t\t<div class=\"elementor-element elementor-element-8771dba elementor-widget elementor-widget-image\" data-id=\"8771dba\" data-element_type=\"widget\" data-e-type=\"widget\" data-widget_type=\"image.default\">\n\t\t\t\t<div class=\"elementor-widget-container\">\n\t\t\t\t\t\t\t\t\t\t\t\t\t\t\t<img loading=\"lazy\" decoding=\"async\" width=\"1024\" height=\"1024\" src=\"https:\/\/kingpolo.hu\/wp-content\/uploads\/2025\/08\/2596060300826216761_2048-2-1024x1024.jpeg\" class=\"attachment-large size-large wp-image-2017\" alt=\"\" srcset=\"https:\/\/kingpolo.hu\/wp-content\/uploads\/2025\/08\/2596060300826216761_2048-2-1024x1024.jpeg 1024w, https:\/\/kingpolo.hu\/wp-content\/uploads\/2025\/08\/2596060300826216761_2048-2-300x300.jpeg 300w, https:\/\/kingpolo.hu\/wp-content\/uploads\/2025\/08\/2596060300826216761_2048-2-150x150.jpeg 150w, https:\/\/kingpolo.hu\/wp-content\/uploads\/2025\/08\/2596060300826216761_2048-2-768x768.jpeg 768w, https:\/\/kingpolo.hu\/wp-content\/uploads\/2025\/08\/2596060300826216761_2048-2-1536x1536.jpeg 1536w, https:\/\/kingpolo.hu\/wp-content\/uploads\/2025\/08\/2596060300826216761_2048-2-600x600.jpeg 600w, https:\/\/kingpolo.hu\/wp-content\/uploads\/2025\/08\/2596060300826216761_2048-2-100x100.jpeg 100w, https:\/\/kingpolo.hu\/wp-content\/uploads\/2025\/08\/2596060300826216761_2048-2.jpeg 2048w\" sizes=\"(max-width: 1024px) 100vw, 1024px\" \/>\t\t\t\t\t\t\t\t\t\t\t\t\t\t\t<\/div>\n\t\t\t\t<\/div>\n\t\t\t\t<div class=\"elementor-element elementor-element-227e17c elementor-widget elementor-widget-text-editor\" data-id=\"227e17c\" data-element_type=\"widget\" data-e-type=\"widget\" data-widget_type=\"text-editor.default\">\n\t\t\t\t<div class=\"elementor-widget-container\">\n\t\t\t\t\t\t\t\t\t<p>Zsir\u00e1f<\/p>\t\t\t\t\t\t\t\t<\/div>\n\t\t\t\t<\/div>\n\t\t\t\t<div class=\"elementor-element elementor-element-912cdd1 elementor-widget elementor-widget-text-editor\" data-id=\"912cdd1\" data-element_type=\"widget\" data-e-type=\"widget\" data-widget_type=\"text-editor.default\">\n\t\t\t\t<div class=\"elementor-widget-container\">\n\t\t\t\t\t\t\t\t\t<p>Alv\u00e1s t\u00fal\u00e9rt\u00e9kelve<\/p>\t\t\t\t\t\t\t\t<\/div>\n\t\t\t\t<\/div>\n\t\t\t\t<\/div>\n\t\t\t\t<\/div>\n\t\t\t\t<\/div>\n\t\t\t\t\t<\/div>\n\t\t\t\t<\/div>\n\t\t\t\t<\/div>","protected":false},"excerpt":{"rendered":"<p>P\u00f3l\u00f3 B\u00f6gre Mutasd meg, ki vagy \u2013 egyedi p\u00f3l\u00f3ban!V\u00e1lassz mint\u00e1t, szerkeszd \u00e1t, vagy alkoss teljesen \u00fajat. A st\u00edlus mostant\u00f3l rajtad [&hellip;]<\/p>\n","protected":false},"author":2,"featured_media":0,"parent":0,"menu_order":0,"comment_status":"closed","ping_status":"closed","template":"","meta":{"site-sidebar-layout":"no-sidebar","site-content-layout":"","ast-site-content-layout":"full-width-container","site-content-style":"default","site-sidebar-style":"default","ast-global-header-display":"","ast-banner-title-visibility":"","ast-main-header-display":"","ast-hfb-above-header-display":"","ast-hfb-below-header-display":"","ast-hfb-mobile-header-display":"","site-post-title":"","ast-breadcrumbs-content":"","ast-featured-img":"disabled","footer-sml-layout":"","ast-disable-related-posts":"","theme-transparent-header-meta":"","adv-header-id-meta":"","stick-header-meta":"","header-above-stick-meta":"","header-main-stick-meta":"","header-below-stick-meta":"","astra-migrate-meta-layouts":"default","ast-page-background-enabled":"default","ast-page-background-meta":{"desktop":{"background-color":"var(--ast-global-color-4)","background-image":"","background-repeat":"repeat","background-position":"center center","background-size":"auto","background-attachment":"scroll","background-type":"","background-media":"","overlay-type":"","overlay-color":"","overlay-opacity":"","overlay-gradient":""},"tablet":{"background-color":"","background-image":"","background-repeat":"repeat","background-position":"center center","background-size":"auto","background-attachment":"scroll","background-type":"","background-media":"","overlay-type":"","overlay-color":"","overlay-opacity":"","overlay-gradient":""},"mobile":{"background-color":"","background-image":"","background-repeat":"repeat","background-position":"center center","background-size":"auto","background-attachment":"scroll","background-type":"","background-media":"","overlay-type":"","overlay-color":"","overlay-opacity":"","overlay-gradient":""}},"ast-content-background-meta":{"desktop":{"background-color":"var(--ast-global-color-5)","background-image":"","background-repeat":"repeat","background-position":"center center","background-size":"auto","background-attachment":"scroll","background-type":"","background-media":"","overlay-type":"","overlay-color":"","overlay-opacity":"","overlay-gradient":""},"tablet":{"background-color":"var(--ast-global-color-5)","background-image":"","background-repeat":"repeat","background-position":"center center","background-size":"auto","background-attachment":"scroll","background-type":"","background-media":"","overlay-type":"","overlay-color":"","overlay-opacity":"","overlay-gradient":""},"mobile":{"background-color":"var(--ast-global-color-5)","background-image":"","background-repeat":"repeat","background-position":"center center","background-size":"auto","background-attachment":"scroll","background-type":"","background-media":"","overlay-type":"","overlay-color":"","overlay-opacity":"","overlay-gradient":""}},"footnotes":""},"class_list":["post-1657","page","type-page","status-publish","hentry"],"aioseo_notices":[],"_hostinger_reach_plugin_has_subscription_block":false,"_hostinger_reach_plugin_is_elementor":false,"_links":{"self":[{"href":"https:\/\/kingpolo.hu\/en\/wp-json\/wp\/v2\/pages\/1657","targetHints":{"allow":["GET"]}}],"collection":[{"href":"https:\/\/kingpolo.hu\/en\/wp-json\/wp\/v2\/pages"}],"about":[{"href":"https:\/\/kingpolo.hu\/en\/wp-json\/wp\/v2\/types\/page"}],"author":[{"embeddable":true,"href":"https:\/\/kingpolo.hu\/en\/wp-json\/wp\/v2\/users\/2"}],"replies":[{"embeddable":true,"href":"https:\/\/kingpolo.hu\/en\/wp-json\/wp\/v2\/comments?post=1657"}],"version-history":[{"count":56,"href":"https:\/\/kingpolo.hu\/en\/wp-json\/wp\/v2\/pages\/1657\/revisions"}],"predecessor-version":[{"id":2673,"href":"https:\/\/kingpolo.hu\/en\/wp-json\/wp\/v2\/pages\/1657\/revisions\/2673"}],"wp:attachment":[{"href":"https:\/\/kingpolo.hu\/en\/wp-json\/wp\/v2\/media?parent=1657"}],"curies":[{"name":"wp","href":"https:\/\/api.w.org\/{rel}","templated":true}]}}