{"id":1646,"date":"2025-07-25T14:21:46","date_gmt":"2025-07-25T14:21:46","guid":{"rendered":"https:\/\/kingpolo.hu\/?page_id=1646"},"modified":"2025-07-25T14:21:48","modified_gmt":"2025-07-25T14:21:48","slug":"visszakuldesi-szabalyzat","status":"publish","type":"page","link":"https:\/\/kingpolo.hu\/en\/visszakuldesi-szabalyzat\/","title":{"rendered":"Return policy"},"content":{"rendered":"<h3 class=\"wp-block-heading\"><strong>Return policy \u2013 KingP\u00f3l\u00f3<\/strong><\/h3>\n\n\n\n<p>The customers have the option of product(s) to be returned with the receipt within 14 days, subject to the following conditions:<\/p>\n\n\n\n<ul class=\"wp-block-list\">\n<li><strong>Accepted return reason<\/strong>: flawed or flawless products can be sent back to<\/li>\n\n\n\n<li><strong>Replacement options<\/strong>: we provide product replacement, please before contact with us<\/li>\n\n\n\n<li><strong>Customized products<\/strong> (e.g., own sample order t-shirt, mug): these could be returned only if you make a mistake arrive<\/li>\n\n\n\n<li><strong>Return cost<\/strong>: return shipping cost is the buyer<\/li>\n\n\n\n<li><strong>Refunds<\/strong>: the verified return within 14 days after happening<\/li>\n\n\n\n<li><strong>Return address<\/strong>: Patrizia Emre Ltd. \u2013 \n<ul class=\"wp-block-list\">\n<li>                          4741 J\u00e1nkmajtis\n<ul class=\"wp-block-list\">\n<li>                Kossuth ut 27<\/li>\n<\/ul>\n<\/li>\n<\/ul>\n<\/li>\n<\/ul>\n\n\n\n<p>\ud83d\udce9 If you send me back regarding questions you have for us <a>info@kingpolo.hu<\/a> address.<\/p>\n\n\n\n<p><\/p>","protected":false},"excerpt":{"rendered":"<p>Visszak\u00fcld\u00e9si szab\u00e1lyzat \u2013 KingP\u00f3l\u00f3 A v\u00e1s\u00e1rl\u00f3knak lehet\u0151s\u00e9g\u00fck van term\u00e9k(ek) visszak\u00fcld\u00e9s\u00e9re a k\u00e9zhezv\u00e9telt k\u00f6vet\u0151 14 napon bel\u00fcl, a k\u00f6vetkez\u0151 felt\u00e9telekkel: \ud83d\udce9 [&hellip;]<\/p>\n","protected":false},"author":2,"featured_media":0,"parent":0,"menu_order":0,"comment_status":"closed","ping_status":"closed","template":"","meta":{"site-sidebar-layout":"default","site-content-layout":"","ast-site-content-layout":"default","site-content-style":"default","site-sidebar-style":"default","ast-global-header-display":"","ast-banner-title-visibility":"","ast-main-header-display":"","ast-hfb-above-header-display":"","ast-hfb-below-header-display":"","ast-hfb-mobile-header-display":"","site-post-title":"","ast-breadcrumbs-content":"","ast-featured-img":"","footer-sml-layout":"","ast-disable-related-posts":"","theme-transparent-header-meta":"","adv-header-id-meta":"","stick-header-meta":"","header-above-stick-meta":"","header-main-stick-meta":"","header-below-stick-meta":"","astra-migrate-meta-layouts":"default","ast-page-background-enabled":"default","ast-page-background-meta":{"desktop":{"background-color":"var(--ast-global-color-4)","background-image":"","background-repeat":"repeat","background-position":"center center","background-size":"auto","background-attachment":"scroll","background-type":"","background-media":"","overlay-type":"","overlay-color":"","overlay-opacity":"","overlay-gradient":""},"tablet":{"background-color":"","background-image":"","background-repeat":"repeat","background-position":"center center","background-size":"auto","background-attachment":"scroll","background-type":"","background-media":"","overlay-type":"","overlay-color":"","overlay-opacity":"","overlay-gradient":""},"mobile":{"background-color":"","background-image":"","background-repeat":"repeat","background-position":"center center","background-size":"auto","background-attachment":"scroll","background-type":"","background-media":"","overlay-type":"","overlay-color":"","overlay-opacity":"","overlay-gradient":""}},"ast-content-background-meta":{"desktop":{"background-color":"var(--ast-global-color-5)","background-image":"","background-repeat":"repeat","background-position":"center center","background-size":"auto","background-attachment":"scroll","background-type":"","background-media":"","overlay-type":"","overlay-color":"","overlay-opacity":"","overlay-gradient":""},"tablet":{"background-color":"var(--ast-global-color-5)","background-image":"","background-repeat":"repeat","background-position":"center center","background-size":"auto","background-attachment":"scroll","background-type":"","background-media":"","overlay-type":"","overlay-color":"","overlay-opacity":"","overlay-gradient":""},"mobile":{"background-color":"var(--ast-global-color-5)","background-image":"","background-repeat":"repeat","background-position":"center center","background-size":"auto","background-attachment":"scroll","background-type":"","background-media":"","overlay-type":"","overlay-color":"","overlay-opacity":"","overlay-gradient":""}},"footnotes":""},"class_list":["post-1646","page","type-page","status-publish","hentry"],"aioseo_notices":[],"_hostinger_reach_plugin_has_subscription_block":false,"_hostinger_reach_plugin_is_elementor":false,"_links":{"self":[{"href":"https:\/\/kingpolo.hu\/en\/wp-json\/wp\/v2\/pages\/1646","targetHints":{"allow":["GET"]}}],"collection":[{"href":"https:\/\/kingpolo.hu\/en\/wp-json\/wp\/v2\/pages"}],"about":[{"href":"https:\/\/kingpolo.hu\/en\/wp-json\/wp\/v2\/types\/page"}],"author":[{"embeddable":true,"href":"https:\/\/kingpolo.hu\/en\/wp-json\/wp\/v2\/users\/2"}],"replies":[{"embeddable":true,"href":"https:\/\/kingpolo.hu\/en\/wp-json\/wp\/v2\/comments?post=1646"}],"version-history":[{"count":1,"href":"https:\/\/kingpolo.hu\/en\/wp-json\/wp\/v2\/pages\/1646\/revisions"}],"predecessor-version":[{"id":1648,"href":"https:\/\/kingpolo.hu\/en\/wp-json\/wp\/v2\/pages\/1646\/revisions\/1648"}],"wp:attachment":[{"href":"https:\/\/kingpolo.hu\/en\/wp-json\/wp\/v2\/media?parent=1646"}],"curies":[{"name":"wp","href":"https:\/\/api.w.org\/{rel}","templated":true}]}}